{"id":1519,"date":"2024-06-12T16:08:24","date_gmt":"2024-06-12T14:08:24","guid":{"rendered":"https:\/\/harsanyipinceszet.hu\/?page_id=1519"},"modified":"2024-06-12T16:11:07","modified_gmt":"2024-06-12T14:11:07","slug":"adatvedelmi-nyilatkozat","status":"publish","type":"page","link":"https:\/\/harsanyipinceszet.hu\/en\/adatvedelmi-nyilatkozat\/","title":{"rendered":"Data protection statement"},"content":{"rendered":"<section class=\"bde-section-1519-102 bde-section\">\n  \n  \n\t\n\n\n\n<div class=\"section-container\"><h1 class=\"bde-heading-1519-103 bde-heading\">\nData protection statement\n<\/h1><\/div>\n<\/section><section class=\"bde-section-1519-100 bde-section\">\n  \n  \n\t\n\n\n\n<div class=\"section-container\"><div class=\"bde-rich-text-1519-101 bde-rich-text breakdance-rich-text-styles\">\n<p>This website is administered by G\u00e1bor Hars\u00e1nyi, a sole proprietor (registered office: 1165 Budapest, Hangulat utca 14., place of business: 3950 S\u00e1rospatak, Kossuth Lajos u. 25., Tax number: 64364863-2-42) (hereinafter referred to as \u201cOperator\u201d, \u201cData Controller\u201d).<\/p>\n<p>Entering\u00a0<a href=\"http:\/\/harsanyipinceszet.hu\/en\/\">harsanyipinceszet.hu\/en<\/a>\u00a0website, you accept the terms of this legal notice.<br \/>If you do not agree with this statement, please do not register on our website.<\/p>\n<p><strong>Intellectual property rights<\/strong><\/p>\n<p>Entering\u00a0<a href=\"http:\/\/harsanyipinceszet.hu\/en\/\">harsanyipinceszet.hu\/en<\/a>\u00a0all text, illustrations, images, video, sound, software and other copyrighted or trademarked material on the Website are the property of the Operator or have been placed on the Website with the knowledge and permission of the rightful owner.<\/p>\n<p><strong>Content<\/strong><\/p>\n<p>We have taken the greatest possible care in compiling the content of this website. The website is for information purposes only. The Operator does not guarantee the accuracy, timeliness or completeness of the content of this website, nor does the Operator guarantee the uninterrupted or error-free operation of this website.<\/p>\n<p><strong>Websites linked to this site<\/strong><\/p>\n<p>The website may contain links to external sites, to other websites (e.g. links, banners, buttons). As a general rule, the Operator has no connection whatsoever with these websites, web pages or the owners of these pages. The Operator disclaims any responsibility for the content of these external websites and the information published on them.<\/p>\n<p><strong>Contact<\/strong><\/p>\n<p>If you have any questions or complaints about our website, please contact us at the address below:<\/p>\n<p>Headquarters: 1165 Budapest, Hangulat utca 14.<br \/>Location: 3950 S\u00e1rospatak, Kossuth Lajos u. 25.<br \/>E-mail adress:\u00a0<span id=\"cloakc68860295daa4b941057f30d8b39a573\"><a href=\"mailto:info@harsanyipinceszet.hu\">info@harsanyipinceszet.hu<\/a><\/span><br \/>Tel: +36 20 279 4737<\/p>\n<p><strong>Data protection provisions<\/strong><\/p>\n<p>As a general rule, the processing of data in the Webshop is only closely related to the purchase of the product, for example, billing, delivery, and shipping. In addition, we process the personal data (name, e-mail address) of our customers who expressly consent to this when registering, i.e. they request to be informed about new and additional products, special offers, promotions and news of the Data Controller.<\/p>\n<p>The use of personal data (such as name and e-mail address) provided through this website is only by this privacy statement. Please read this document carefully before providing any information to us.<\/p>\n<p>The legal basis for the processing of personal data under this Statement is the User's consent, which may be withdrawn at any time.<\/p>\n<p>\u00a0\u201cPersonal data\u201d means the data of the registrants that allows them to be identified: name, address and e-mail address. Data is collected only with explicit consent. The email addresses company\/office\/sales\/info\/central @company.hu are not considered Personal Data, and the Data Controller does not need to obtain prior consent to process these addresses.<\/p>\n<p><strong>Data processing purposes and legal grounds:<\/strong><\/p>\n<p><strong>Question and answer for the Webshop<\/strong><\/p>\n<p>If you write to us at our e-mail address or via our contact form and ask us a question (e.g. about the Winery and the availability of our products and services), we will process your data until we have answered your question.<\/p>\n<p><strong>Participation in a promotion<\/strong><\/p>\n<p>If someone provides personal data when registering for our offers and promotions, we will use them for the purposes of the promotion, as advertised in the rules of the promotion.<\/p>\n<p><strong>Direct marketing, sending offers, newsletters<\/strong><\/p>\n<p>If the user expressly indicates at the time of registration that they wish to receive news about the Winery and its products, new products and promotions by e-mail, we will send you information and offers in accordance with this purpose and with your consent.<\/p>\n<p><strong>Related to Webshop functions<\/strong><\/p>\n<p>When you make a purchase in our webshop, we process your personal data in order to fulfil your order to a high standard and in accordance with your expectations. Thus, for the operation of the Webshop (delivery, issuing an accounting document), we need the Customer's personal data, which we process as described above.<\/p>\n<p>The Operator provides the appropriate technical and organisational background to ensure that the User's personal data is not disclosed to unauthorised third parties and to protect it against any unauthorised use.<\/p>\n<p>Each user has the right to request information about the nature of all personal data stored. The Data Controller will respond (in writing) to such requests within a maximum of 25 days. You may also request the addition, modification or deletion of your personal data or withdraw your consent to direct marketing at the following address,\u00a0<span id=\"cloakc2fe881dff99434bea20706f2420e644\"><a href=\"mailto:info@harsanyipinceszet.hu\">info@harsanyipinceszet.hu<\/a><\/span><\/p>\n<p>If your rights are infringed, you can go to court or ask the National Authority for Data Protection and Freedom of Information for help.<br \/>The address of the authority is: 1125 Budapest, Szil\u00e1gyi Erzs\u00e9bet fasor 22\/c. Telephone number: 06-1-391-1400. Postal address: 1530 Budapest, PO Box 5, e-mail address:\u00a0<span id=\"cloak1d2e2c6ed9b0eace64d5fd8e1c6da771\"><a href=\"mailto:ugyfelszolgalat@naih.hu\">ugyfelszolgalat@naih.hu<\/a><\/span>.<\/p>\n<p>The Data Controller reserves the right to amend this Privacy Notice in the future.<\/p>\n<p>If you have any questions or complaints about our website, please contact us at the address below:\u00a0<span id=\"cloakc8a35751f6261a6a2d6ce8a5f7567119\"><a href=\"mailto:info@harsanyipinceszet.hu\">info@harsanyipinceszet.hu<\/a><\/span><\/p>\n<p>This Privacy Statement and the use of personal data are governed by the laws of the Republic of Hungary.<\/p>\n<p><strong>Cookie policy<\/strong><\/p>\n<p>Entering\u00a0<a href=\"http:\/\/harsanyipinceszet.hu\/en\/\">harsanyipinceszet.hu\/en<\/a>\u00a0when you access the website, the website may automatically save information about your computer or the device you use to browse the website (tablet, smartphone). It uses so-called computer \u201ccookies\u201d for this purpose.<\/p>\n<p>What is a cookie? A short text that the website you visit sends to your browser. It helps the site remember information about your visit, such as the language you use and other settings. This can make your next visit smoother and easier to use. Cookies play an important role. Without them, using the internet would be much more difficult.<\/p>\n<p>We use cookies for a variety of purposes. For example, we use them to remember your preferences for safe search so that we can show you relevant ads, to count how many visitors have come to the site, to facilitate registration on our site.<\/p>\n<p>These cookies do not store personal information such as your name, address or payment details. However, if you would like to disable, block or delete cookies from our website, you can do so using your browser. You can access cookie settings for major browsers here:<\/p>\n<ul>\n<li><a href=\"https:\/\/support.google.com\/accounts\/answer\/61416?hl=hu\" target=\"_blank\" rel=\"noopener noreferrer\">Chrome<\/a><\/li>\n<li><a href=\"https:\/\/support.mozilla.org\/hu\/kb\/S%C3%BCtik%20kezel%C3%A9se\" target=\"_blank\" rel=\"noopener noreferrer\">Firefox<\/a><\/li>\n<li><a href=\"https:\/\/support.microsoft.com\/en-us\/help\/17442\/windows-internet-explorer-delete-manage-cookies#ie=ie-11\" target=\"_blank\" rel=\"noopener noreferrer\">Microsoft Internet Explorer<\/a><\/li>\n<\/ul>\n<p>About the type of cookies used by Google, click<a href=\"https:\/\/www.google.com\/intl\/hu_hu\/policies\/technologies\/types\/\" target=\"_blank\" rel=\"noopener noreferrer\">\u00a0here<\/a>\u00a0to find out more. For more information about cookies and how they work, please visit\u00a0<a href=\"http:\/\/pcforum.hu\/szotar\/?term=s%FCti\" target=\"_blank\" rel=\"noopener noreferrer\">from the following sources.<\/a>\u00a0The Data Controller is not responsible for the content of external websites linked to this site.<\/p>\n<\/div><\/div>\n<\/section>","protected":false},"excerpt":{"rendered":"<p>Adatv\u00e9delmi nyilatkozat Jelen webhelyet Hars\u00e1nyi G\u00e1bor egy\u00e9ni v\u00e1llalkoz\u00f3(Sz\u00e9khely: 1165 Budapest, Hangulat utca 14., Telephely: 3950 S\u00e1rospatak, Kossuth Lajos u. 25., Ad\u00f3sz\u00e1m: 64364863-2-42) kezeli (tov\u00e1bbiakban: \u201e\u00dczemeltet\u0151\u201d, \u201eAdatkezel\u0151\u201d). A\u00a0www.harsanyipinceszet.hu\u00a0honlapra t\u00f6rt\u00e9n\u0151 regisztr\u00e1ci\u00f3val \u00d6n elfogadja a jelen jogi nyilatkozatban foglaltakat.Ha nem \u00e9rt egyet a nyilatkozatban foglaltakkal, k\u00e9rj\u00fck, ne regisztr\u00e1ljon honlapunkra. Szellemi tulajdonjogok A\u00a0www.harsanyipinceszet.hu\u00a0honlapon szerepl\u0151 valamennyi sz\u00f6veg, illusztr\u00e1ci\u00f3, k\u00e9p, vide\u00f3, [&hellip;]<\/p>\n","protected":false},"author":1,"featured_media":0,"parent":0,"menu_order":0,"comment_status":"closed","ping_status":"closed","template":"","meta":{"_acf_changed":false,"_seopress_robots_primary_cat":"","_seopress_titles_title":"","_seopress_titles_desc":"","_seopress_robots_index":"","_breakdance_hide_in_design_set":false,"_breakdance_tags":"","footnotes":""},"class_list":["post-1519","page","type-page","status-publish","format-standard","hentry"],"acf":[],"_links":{"self":[{"href":"https:\/\/harsanyipinceszet.hu\/en\/wp-json\/wp\/v2\/pages\/1519","targetHints":{"allow":["GET"]}}],"collection":[{"href":"https:\/\/harsanyipinceszet.hu\/en\/wp-json\/wp\/v2\/pages"}],"about":[{"href":"https:\/\/harsanyipinceszet.hu\/en\/wp-json\/wp\/v2\/types\/page"}],"author":[{"embeddable":true,"href":"https:\/\/harsanyipinceszet.hu\/en\/wp-json\/wp\/v2\/users\/1"}],"replies":[{"embeddable":true,"href":"https:\/\/harsanyipinceszet.hu\/en\/wp-json\/wp\/v2\/comments?post=1519"}],"version-history":[{"count":0,"href":"https:\/\/harsanyipinceszet.hu\/en\/wp-json\/wp\/v2\/pages\/1519\/revisions"}],"wp:attachment":[{"href":"https:\/\/harsanyipinceszet.hu\/en\/wp-json\/wp\/v2\/media?parent=1519"}],"curies":[{"name":"wp","href":"https:\/\/api.w.org\/{rel}","templated":true}]}}