{"id":1525,"date":"2024-06-12T16:16:48","date_gmt":"2024-06-12T14:16:48","guid":{"rendered":"https:\/\/harsanyipinceszet.hu\/?page_id=1525"},"modified":"2024-07-02T09:15:49","modified_gmt":"2024-07-02T07:15:49","slug":"impresszum","status":"publish","type":"page","link":"https:\/\/harsanyipinceszet.hu\/en\/impresszum\/","title":{"rendered":"Impressum"},"content":{"rendered":"<section class=\"bde-section-1525-102 bde-section\">\n  \n  \n\t\n\n\n\n<div class=\"section-container\"><h1 class=\"bde-heading-1525-103 bde-heading\">\nImpressum\n<\/h1><\/div>\n<\/section><section class=\"bde-section-1525-100 bde-section\">\n  \n  \n\t\n\n\n\n<div class=\"section-container\"><div class=\"bde-rich-text-1525-101 bde-rich-text breakdance-rich-text-styles\">\n<p><strong>C\u00e9g neve:<\/strong>\u00a0Hars\u00e1nyi G\u00e1bor egy\u00e9ni v\u00e1llalkoz\u00f3<br \/><strong>Sz\u00e9khely:<\/strong>\u00a01165 Budapest, Hangulat utca 14.<br \/><strong>Telephely:<\/strong>\u00a03950 S\u00e1rospatak, Kossuth Lajos u. 25.<br \/><br \/><strong>Banksz\u00e1mlasz\u00e1m:\u00a0<\/strong>10300002-10620969-49030016<br \/><strong>E-mail adress:<\/strong>\u00a0<span id=\"cloakd46757953fa9490bb38a356bda44617e\"><a href=\"mailto:info@harsanyipinceszet.hu\">info@harsanyipinceszet.hu<\/a><\/span><br \/><strong>Tel:<\/strong>\u00a0+36\u00a070 442 6146<br \/><strong>Ad\u00f3sz\u00e1m:<\/strong>\u00a064364863-2-42<br \/><strong>Nyilv\u00e1ntart\u00f3 hat\u00f3s\u00e1g:<\/strong>\u00a0Budapest F\u0151v\u00e1ros 16. ker.<br \/><strong>\u00d6nkorm\u00e1nyzat Nyilv\u00e1ntart\u00e1si sz\u00e1ma:<\/strong>\u00a09235378 \u00a0<br \/><br \/><strong>Kapcsolattart\u00e1s<\/strong><\/p>\n<p><strong>\u00dcgyf\u00e9lszolg\u00e1lat:<\/strong>\u00a0+36 20 279 4737<br \/>E-mailben az\u00a0<span id=\"cloak5e1f33c70e9cd49dc44529ed92a83dfc\"><a href=\"mailto:info@harsanyipinceszet.hu\">info@harsanyipinceszet.hu<\/a><\/span>\u00a0c\u00edmen \u00e1llunk rendelkez\u00e9s\u00e9re.<br \/>Weboldalunkon kereszt\u00fcl is k\u00fcldhet \u00fczenetet a Kapcsolat men\u00fcpontban.<\/p>\n<\/div><\/div>\n<\/section>","protected":false},"excerpt":{"rendered":"<p>Impresszum C\u00e9g neve:\u00a0Hars\u00e1nyi G\u00e1bor egy\u00e9ni v\u00e1llalkoz\u00f3Sz\u00e9khely:\u00a01165 Budapest, Hangulat utca 14.Telephely:\u00a03950 S\u00e1rospatak, Kossuth Lajos u. 25.Banksz\u00e1mlasz\u00e1m:\u00a010300002-10620969-49030016E-mail c\u00edm:\u00a0info@harsanyipinceszet.huTel:\u00a0+36\u00a070 442 6146Ad\u00f3sz\u00e1m:\u00a064364863-2-42Nyilv\u00e1ntart\u00f3 hat\u00f3s\u00e1g:\u00a0Budapest F\u0151v\u00e1ros 16. ker.\u00d6nkorm\u00e1nyzat Nyilv\u00e1ntart\u00e1si sz\u00e1ma:\u00a09235378 \u00a0Kapcsolattart\u00e1s \u00dcgyf\u00e9lszolg\u00e1lat:\u00a0+36 20 279 4737E-mailben az\u00a0info@harsanyipinceszet.hu\u00a0c\u00edmen \u00e1llunk rendelkez\u00e9s\u00e9re.Weboldalunkon kereszt\u00fcl is k\u00fcldhet \u00fczenetet a Kapcsolat men\u00fcpontban.<\/p>","protected":false},"author":1,"featured_media":0,"parent":0,"menu_order":0,"comment_status":"closed","ping_status":"closed","template":"","meta":{"_acf_changed":false,"_seopress_robots_primary_cat":"","_seopress_titles_title":"","_seopress_titles_desc":"","_seopress_robots_index":"","_breakdance_hide_in_design_set":false,"_breakdance_tags":"","footnotes":""},"class_list":["post-1525","page","type-page","status-publish","format-standard","hentry"],"acf":[],"_links":{"self":[{"href":"https:\/\/harsanyipinceszet.hu\/en\/wp-json\/wp\/v2\/pages\/1525","targetHints":{"allow":["GET"]}}],"collection":[{"href":"https:\/\/harsanyipinceszet.hu\/en\/wp-json\/wp\/v2\/pages"}],"about":[{"href":"https:\/\/harsanyipinceszet.hu\/en\/wp-json\/wp\/v2\/types\/page"}],"author":[{"embeddable":true,"href":"https:\/\/harsanyipinceszet.hu\/en\/wp-json\/wp\/v2\/users\/1"}],"replies":[{"embeddable":true,"href":"https:\/\/harsanyipinceszet.hu\/en\/wp-json\/wp\/v2\/comments?post=1525"}],"version-history":[{"count":0,"href":"https:\/\/harsanyipinceszet.hu\/en\/wp-json\/wp\/v2\/pages\/1525\/revisions"}],"wp:attachment":[{"href":"https:\/\/harsanyipinceszet.hu\/en\/wp-json\/wp\/v2\/media?parent=1525"}],"curies":[{"name":"wp","href":"https:\/\/api.w.org\/{rel}","templated":true}]}}