{"id":23,"date":"2024-03-19T21:57:33","date_gmt":"2024-03-19T20:57:33","guid":{"rendered":"https:\/\/harsanyipinceszet.hu\/kosar\/"},"modified":"2024-03-19T21:57:33","modified_gmt":"2024-03-19T20:57:33","slug":"kosar","status":"publish","type":"page","link":"https:\/\/harsanyipinceszet.hu\/en\/kosar\/","title":{"rendered":"Kos\u00e1r"},"content":{"rendered":"<div data-block-name=\"woocommerce\/cart\" class=\"wp-block-woocommerce-cart alignwide is-loading\">\n<div data-block-name=\"woocommerce\/filled-cart-block\" class=\"wp-block-woocommerce-filled-cart-block\">\n<div data-block-name=\"woocommerce\/cart-items-block\" class=\"wp-block-woocommerce-cart-items-block\">\n<div data-block-name=\"woocommerce\/cart-line-items-block\" class=\"wp-block-woocommerce-cart-line-items-block\"><\/div>\n\n\n\n<div data-block-name=\"woocommerce\/cart-cross-sells-block\" class=\"wp-block-woocommerce-cart-cross-sells-block\">\n<h2 class=\"wp-block-heading has-large-font-size\">Tal\u00e1n \u00e9rdekelhetnek ezek&#8230;<\/h2>\n\n\n\n<div data-block-name=\"woocommerce\/cart-cross-sells-products-block\" class=\"wp-block-woocommerce-cart-cross-sells-products-block\"><\/div>\n<\/div>\n<\/div>\n\n\n\n<div data-block-name=\"woocommerce\/cart-totals-block\" class=\"wp-block-woocommerce-cart-totals-block\">\n<div data-block-name=\"woocommerce\/cart-order-summary-block\" class=\"wp-block-woocommerce-cart-order-summary-block\">\n<div data-block-name=\"woocommerce\/cart-order-summary-heading-block\" class=\"wp-block-woocommerce-cart-order-summary-heading-block\"><\/div><div data-block-name=\"woocommerce\/cart-order-summary-coupon-form-block\" class=\"wp-block-woocommerce-cart-order-summary-coupon-form-block\"><\/div><div data-block-name=\"woocommerce\/cart-order-summary-totals-block\" class=\"wp-block-woocommerce-cart-order-summary-totals-block\">\n<div data-block-name=\"woocommerce\/cart-order-summary-subtotal-block\" class=\"wp-block-woocommerce-cart-order-summary-subtotal-block\"><\/div>\n<div data-block-name=\"woocommerce\/cart-order-summary-discount-block\" class=\"wp-block-woocommerce-cart-order-summary-discount-block\"><\/div>\n<div data-block-name=\"woocommerce\/cart-order-summary-fee-block\" class=\"wp-block-woocommerce-cart-order-summary-fee-block\"><\/div>\n<div data-block-name=\"woocommerce\/cart-order-summary-shipping-block\" class=\"wp-block-woocommerce-cart-order-summary-shipping-block\"><\/div>\n<div data-block-name=\"woocommerce\/cart-order-summary-taxes-block\" class=\"wp-block-woocommerce-cart-order-summary-taxes-block\"><\/div><\/div>\n<\/div>\n\n\n\n<div data-block-name=\"woocommerce\/cart-express-payment-block\" class=\"wp-block-woocommerce-cart-express-payment-block\"><\/div>\n\n\n\n<div data-block-name=\"woocommerce\/proceed-to-checkout-block\" class=\"wp-block-woocommerce-proceed-to-checkout-block\"><\/div>\n\n\n\n<div data-block-name=\"woocommerce\/cart-accepted-payment-methods-block\" class=\"wp-block-woocommerce-cart-accepted-payment-methods-block\"><\/div>\n<\/div>\n<\/div>\n\n\n\n<div data-block-name=\"woocommerce\/empty-cart-block\" class=\"wp-block-woocommerce-empty-cart-block\">\n<h2 class=\"wp-block-heading has-text-align-center with-empty-cart-icon wc-block-cart__empty-cart__title\">Jelenleg \u00fcres a kosarad.<\/h2>\n\n\n\n<hr class=\"wp-block-separator has-alpha-channel-opacity is-style-dots\"\/>\n\n\n\n<h2 class=\"wp-block-heading has-text-align-center\">\u00dajdons\u00e1gok<\/h2>\n\n\n<div data-block-name=\"woocommerce\/product-new\" data-columns=\"4\" data-rows=\"1\" class=\"wc-block-grid wp-block-product-new wp-block-woocommerce-product-new wc-block-product-new has-4-columns\"><ul class=\"wc-block-grid__products\"><li class=\"wc-block-grid__product\">\n\t\t\t\t<a href=\"https:\/\/harsanyipinceszet.hu\/en\/termek\/ciroka-furmint-2024-bio\/\" class=\"wc-block-grid__product-link\">\n\t\t\t\t\t\n\t\t\t\t\t<div class=\"wc-block-grid__product-image\"><img loading=\"lazy\" decoding=\"async\" width=\"300\" height=\"721\" src=\"https:\/\/harsanyipinceszet.hu\/wp-content\/uploads\/Ciroka-front-hatter-nelkuli-1-300x721.webp\" class=\"attachment-woocommerce_thumbnail size-woocommerce_thumbnail\" alt=\"Cir\u00f3ka Furmint 2024 BIO\" srcset=\"https:\/\/harsanyipinceszet.hu\/wp-content\/uploads\/Ciroka-front-hatter-nelkuli-1-300x721.webp 300w, https:\/\/harsanyipinceszet.hu\/wp-content\/uploads\/Ciroka-front-hatter-nelkuli-1-125x300.webp 125w, https:\/\/harsanyipinceszet.hu\/wp-content\/uploads\/Ciroka-front-hatter-nelkuli-1-5x12.webp 5w, https:\/\/harsanyipinceszet.hu\/wp-content\/uploads\/Ciroka-front-hatter-nelkuli-1-60x144.webp 60w, https:\/\/harsanyipinceszet.hu\/wp-content\/uploads\/Ciroka-front-hatter-nelkuli-1-320x769.webp 320w, https:\/\/harsanyipinceszet.hu\/wp-content\/uploads\/Ciroka-front-hatter-nelkuli-1.webp 416w\" sizes=\"auto, (max-width: 300px) 100vw, 300px\" \/><\/div>\n\t\t\t\t\t<div class=\"wc-block-grid__product-title\">Cir\u00f3ka Furmint 2024 BIO<\/div>\n\t\t\t\t<\/a>\n\t\t\t\t<div class=\"wc-block-grid__product-price price\"><span class=\"woocommerce-Price-amount amount\">6.990&nbsp;<span class=\"woocommerce-Price-currencySymbol\">&#070;&#116;<\/span><\/span><\/div>\n\t\t\t\t\n\t\t\t\t<div class=\"wp-block-button wc-block-grid__product-add-to-cart\"><a href=\"\/en\/wp-json\/wp\/v2\/pages\/23?add-to-cart=3406\" aria-label=\"Add to cart: \u201cCir\u00f3ka Furmint 2024 BIO\u201d\" data-quantity=\"1\" data-product_id=\"3406\" data-product_sku=\"\" data-price=\"6990\" rel=\"nofollow\" class=\"wp-block-button__link  add_to_cart_button ajax_add_to_cart\" data-no-translation=\"\" data-trp-gettext=\"\" data-no-translation-aria-label=\"\">Add to cart<\/a><\/div>\n\t\t\t<\/li><li class=\"wc-block-grid__product\">\n\t\t\t\t<a href=\"https:\/\/harsanyipinceszet.hu\/en\/termek\/harsanyi-magnesek\/\" class=\"wc-block-grid__product-link\">\n\t\t\t\t\t\n\t\t\t\t\t<div class=\"wc-block-grid__product-image\"><img loading=\"lazy\" decoding=\"async\" width=\"300\" height=\"200\" src=\"https:\/\/harsanyipinceszet.hu\/wp-content\/uploads\/DSC05789-300x200.webp\" class=\"attachment-woocommerce_thumbnail size-woocommerce_thumbnail\" alt=\"Hars\u00e1nyi magnets\" srcset=\"https:\/\/harsanyipinceszet.hu\/wp-content\/uploads\/DSC05789-300x200.webp 300w, https:\/\/harsanyipinceszet.hu\/wp-content\/uploads\/DSC05789-1024x683.webp 1024w, https:\/\/harsanyipinceszet.hu\/wp-content\/uploads\/DSC05789-768x512.webp 768w, https:\/\/harsanyipinceszet.hu\/wp-content\/uploads\/DSC05789-18x12.webp 18w, https:\/\/harsanyipinceszet.hu\/wp-content\/uploads\/DSC05789-60x40.webp 60w, https:\/\/harsanyipinceszet.hu\/wp-content\/uploads\/DSC05789-320x213.webp 320w, https:\/\/harsanyipinceszet.hu\/wp-content\/uploads\/DSC05789-600x400.webp 600w, https:\/\/harsanyipinceszet.hu\/wp-content\/uploads\/DSC05789.webp 1500w\" sizes=\"auto, (max-width: 300px) 100vw, 300px\" \/><\/div>\n\t\t\t\t\t<div class=\"wc-block-grid__product-title\">Hars\u00e1nyi magnets<\/div>\n\t\t\t\t<\/a>\n\t\t\t\t<div class=\"wc-block-grid__product-price price\"><span class=\"woocommerce-Price-amount amount\">790&nbsp;<span class=\"woocommerce-Price-currencySymbol\">&#070;&#116;<\/span><\/span><\/div>\n\t\t\t\t\n\t\t\t\t<div class=\"wp-block-button wc-block-grid__product-add-to-cart\"><a href=\"\/en\/wp-json\/wp\/v2\/pages\/23?add-to-cart=4292\" aria-label=\"Add to cart: \u201cHars\u00e1nyi m\u00e1gnesek\u201d\" data-quantity=\"1\" data-product_id=\"4292\" data-product_sku=\"\" data-price=\"790\" rel=\"nofollow\" class=\"wp-block-button__link  add_to_cart_button ajax_add_to_cart\" data-no-translation=\"\" data-trp-gettext=\"\" data-no-translation-aria-label=\"\">Add to cart<\/a><\/div>\n\t\t\t<\/li><li class=\"wc-block-grid__product\">\n\t\t\t\t<a href=\"https:\/\/harsanyipinceszet.hu\/en\/termek\/harsanyi-kulacs\/\" class=\"wc-block-grid__product-link\">\n\t\t\t\t\t\n\t\t\t\t\t<div class=\"wc-block-grid__product-image\"><img loading=\"lazy\" decoding=\"async\" width=\"300\" height=\"200\" src=\"https:\/\/harsanyipinceszet.hu\/wp-content\/uploads\/DSC05808-300x200.webp\" class=\"attachment-woocommerce_thumbnail size-woocommerce_thumbnail\" alt=\"Hars\u00e1nyi water bottle\" srcset=\"https:\/\/harsanyipinceszet.hu\/wp-content\/uploads\/DSC05808-300x200.webp 300w, https:\/\/harsanyipinceszet.hu\/wp-content\/uploads\/DSC05808-1024x683.webp 1024w, https:\/\/harsanyipinceszet.hu\/wp-content\/uploads\/DSC05808-768x512.webp 768w, https:\/\/harsanyipinceszet.hu\/wp-content\/uploads\/DSC05808-18x12.webp 18w, https:\/\/harsanyipinceszet.hu\/wp-content\/uploads\/DSC05808-60x40.webp 60w, https:\/\/harsanyipinceszet.hu\/wp-content\/uploads\/DSC05808-320x213.webp 320w, https:\/\/harsanyipinceszet.hu\/wp-content\/uploads\/DSC05808-600x400.webp 600w, https:\/\/harsanyipinceszet.hu\/wp-content\/uploads\/DSC05808.webp 1500w\" sizes=\"auto, (max-width: 300px) 100vw, 300px\" \/><\/div>\n\t\t\t\t\t<div class=\"wc-block-grid__product-title\">Hars\u00e1nyi water bottle<\/div>\n\t\t\t\t<\/a>\n\t\t\t\t<div class=\"wc-block-grid__product-price price\"><span class=\"woocommerce-Price-amount amount\">3.990&nbsp;<span class=\"woocommerce-Price-currencySymbol\">&#070;&#116;<\/span><\/span><\/div>\n\t\t\t\t\n\t\t\t\t<div class=\"wp-block-button wc-block-grid__product-add-to-cart\"><a href=\"\/en\/wp-json\/wp\/v2\/pages\/23?add-to-cart=4287\" aria-label=\"Add to cart: \u201cHars\u00e1nyi kulacs\u201d\" data-quantity=\"1\" data-product_id=\"4287\" data-product_sku=\"\" data-price=\"3990\" rel=\"nofollow\" class=\"wp-block-button__link  add_to_cart_button ajax_add_to_cart\" data-no-translation=\"\" data-trp-gettext=\"\" data-no-translation-aria-label=\"\">Add to cart<\/a><\/div>\n\t\t\t<\/li><li class=\"wc-block-grid__product\">\n\t\t\t\t<a href=\"https:\/\/harsanyipinceszet.hu\/en\/termek\/harsanyi-noi-poloing\/\" class=\"wc-block-grid__product-link\">\n\t\t\t\t\t\n\t\t\t\t\t<div class=\"wc-block-grid__product-image\"><img loading=\"lazy\" decoding=\"async\" width=\"300\" height=\"450\" src=\"https:\/\/harsanyipinceszet.hu\/wp-content\/uploads\/DSC05804-300x450.webp\" class=\"attachment-woocommerce_thumbnail size-woocommerce_thumbnail\" alt=\"Hars\u00e1nyi women&#039;s polo shirt\" srcset=\"https:\/\/harsanyipinceszet.hu\/wp-content\/uploads\/DSC05804-300x450.webp 300w, https:\/\/harsanyipinceszet.hu\/wp-content\/uploads\/DSC05804-200x300.webp 200w, https:\/\/harsanyipinceszet.hu\/wp-content\/uploads\/DSC05804-683x1024.webp 683w, https:\/\/harsanyipinceszet.hu\/wp-content\/uploads\/DSC05804-768x1152.webp 768w, https:\/\/harsanyipinceszet.hu\/wp-content\/uploads\/DSC05804-8x12.webp 8w, https:\/\/harsanyipinceszet.hu\/wp-content\/uploads\/DSC05804-60x90.webp 60w, https:\/\/harsanyipinceszet.hu\/wp-content\/uploads\/DSC05804-320x480.webp 320w, https:\/\/harsanyipinceszet.hu\/wp-content\/uploads\/DSC05804-600x900.webp 600w, https:\/\/harsanyipinceszet.hu\/wp-content\/uploads\/DSC05804.webp 1000w\" sizes=\"auto, (max-width: 300px) 100vw, 300px\" \/><\/div>\n\t\t\t\t\t<div class=\"wc-block-grid__product-title\">Hars\u00e1nyi women's polo shirt<\/div>\n\t\t\t\t<\/a>\n\t\t\t\t<div class=\"wc-block-grid__product-price price\"><span class=\"woocommerce-Price-amount amount\">8.990&nbsp;<span class=\"woocommerce-Price-currencySymbol\">&#070;&#116;<\/span><\/span><\/div>\n\t\t\t\t\n\t\t\t\t<div class=\"wp-block-button wc-block-grid__product-add-to-cart\"><a href=\"\/en\/wp-json\/wp\/v2\/pages\/23?add-to-cart=4283\" aria-label=\"Add to cart: \u201cHars\u00e1nyi n\u0151i p\u00f3l\u00f3ing\u201d\" data-quantity=\"1\" data-product_id=\"4283\" data-product_sku=\"\" data-price=\"8990\" rel=\"nofollow\" class=\"wp-block-button__link  add_to_cart_button ajax_add_to_cart\" data-no-translation=\"\" data-trp-gettext=\"\" data-no-translation-aria-label=\"\">Add to cart<\/a><\/div>\n\t\t\t<\/li><\/ul><\/div><\/div>\n<\/div>","protected":false},"excerpt":{"rendered":"","protected":false},"author":1,"featured_media":0,"parent":0,"menu_order":0,"comment_status":"closed","ping_status":"closed","template":"","meta":{"_acf_changed":false,"_seopress_robots_primary_cat":"","_seopress_titles_title":"","_seopress_titles_desc":"","_seopress_robots_index":"","_breakdance_hide_in_design_set":false,"_breakdance_tags":"","footnotes":""},"class_list":["post-23","page","type-page","status-publish","format-standard","hentry"],"acf":[],"_links":{"self":[{"href":"https:\/\/harsanyipinceszet.hu\/en\/wp-json\/wp\/v2\/pages\/23","targetHints":{"allow":["GET"]}}],"collection":[{"href":"https:\/\/harsanyipinceszet.hu\/en\/wp-json\/wp\/v2\/pages"}],"about":[{"href":"https:\/\/harsanyipinceszet.hu\/en\/wp-json\/wp\/v2\/types\/page"}],"author":[{"embeddable":true,"href":"https:\/\/harsanyipinceszet.hu\/en\/wp-json\/wp\/v2\/users\/1"}],"replies":[{"embeddable":true,"href":"https:\/\/harsanyipinceszet.hu\/en\/wp-json\/wp\/v2\/comments?post=23"}],"version-history":[{"count":0,"href":"https:\/\/harsanyipinceszet.hu\/en\/wp-json\/wp\/v2\/pages\/23\/revisions"}],"wp:attachment":[{"href":"https:\/\/harsanyipinceszet.hu\/en\/wp-json\/wp\/v2\/media?parent=23"}],"curies":[{"name":"wp","href":"https:\/\/api.w.org\/{rel}","templated":true}]}}