{"id":86,"date":"2024-04-02T11:18:38","date_gmt":"2024-04-02T09:18:38","guid":{"rendered":"https:\/\/harsanyipinceszet.hu\/?page_id=86"},"modified":"2024-07-02T09:12:40","modified_gmt":"2024-07-02T07:12:40","slug":"borkostolo","status":"publish","type":"page","link":"https:\/\/harsanyipinceszet.hu\/en\/borkostolo\/","title":{"rendered":"Wine tasting"},"content":{"rendered":"<section class=\"bde-section-86-100 bde-section\">\n              \n  \n  \n\t\n\n  <div class=\"section-background-overlay\"><\/div>\n\n\n<div class=\"section-container\"><h1 class=\"bde-heading-86-101 bde-heading\">\nK\u00e9ts\u00e9gk\u00edv\u00fcl ott a legjobb megk\u00f3stolni a bort, ahol k\u00e9sz\u00fclt\n<\/h1><\/div>\n<\/section><section class=\"bde-section-86-191 bde-section\">\n  \n  \n\t\n\n\n\n<div class=\"section-container\"><div class=\"bde-div-86-192 bde-div\">\n  \n  \n\t\n\n\n\n<div class=\"bde-text-86-194 bde-text\">\nEgy\u00e9ni l\u00e1togat\u00f3k \u00e9s csoportok sz\u00e1m\u00e1ra egyar\u00e1nt sz\u00e1mos programlehet\u0151s\u00e9get k\u00edn\u00e1lunk.\n<\/div>\n<\/div><\/div>\n<\/section><section class=\"bde-section-86-103 bde-section\">\n  \n  \n\t\n\n\n\n<div class=\"section-container\"><div class=\"bde-div-86-188 bde-div\">\n  \n  \n\t\n\n\n\n<div class=\"bde-image-86-190 bde-image\" data-parallax=\"true\">\n<figure class=\"breakdance-image breakdance-image--2036\">\n\t<div class=\"breakdance-image-container\">\n\t\t<div class=\"breakdance-image-clip\"><img loading=\"lazy\" decoding=\"async\" class=\"breakdance-image-object\" src=\"https:\/\/harsanyipinceszet.hu\/wp-content\/uploads\/interaktiv-borkostolo-ikon-rgb_update-e1718963233376.webp\" width=\"709\" height=\"709\" srcset=\"https:\/\/harsanyipinceszet.hu\/wp-content\/uploads\/interaktiv-borkostolo-ikon-rgb_update-e1718963233376.webp 709w, https:\/\/harsanyipinceszet.hu\/wp-content\/uploads\/interaktiv-borkostolo-ikon-rgb_update-e1718963233376-300x300.webp 300w, https:\/\/harsanyipinceszet.hu\/wp-content\/uploads\/interaktiv-borkostolo-ikon-rgb_update-e1718963233376-150x150.webp 150w, https:\/\/harsanyipinceszet.hu\/wp-content\/uploads\/interaktiv-borkostolo-ikon-rgb_update-e1718963233376-12x12.webp 12w, https:\/\/harsanyipinceszet.hu\/wp-content\/uploads\/interaktiv-borkostolo-ikon-rgb_update-e1718963233376-60x60.webp 60w, https:\/\/harsanyipinceszet.hu\/wp-content\/uploads\/interaktiv-borkostolo-ikon-rgb_update-e1718963233376-110x110.webp 110w, https:\/\/harsanyipinceszet.hu\/wp-content\/uploads\/interaktiv-borkostolo-ikon-rgb_update-e1718963233376-600x600.webp 600w, https:\/\/harsanyipinceszet.hu\/wp-content\/uploads\/interaktiv-borkostolo-ikon-rgb_update-e1718963233376-100x100.webp 100w\" sizes=\"auto, (max-width: 709px) 100vw, 709px\"><\/div>\n\t<\/div><\/figure>\n\n<\/div>\n<\/div><\/div>\n<\/section><section class=\"bde-section-86-232 bde-section\">\n  \n  \n\t\n\n\n\n<div class=\"section-container\"><div class=\"bde-div-86-257 bde-div\">\n  \n  \n\t\n\n\n\n<div class=\"bde-image-86-233 bde-image\">\n<figure class=\"breakdance-image breakdance-image--757\">\n\t<div class=\"breakdance-image-container\">\n\t\t<div class=\"breakdance-image-clip\"><img loading=\"lazy\" decoding=\"async\" class=\"breakdance-image-object\" src=\"https:\/\/harsanyipinceszet.hu\/wp-content\/uploads\/feldolgozo-organikus-bio-Harsanyi-Pinceszet-Tokaj-Boraszat-Bor-Feher-bor-aszu-furmint-harslevelut.webp\" width=\"1240\" height=\"1240\" srcset=\"https:\/\/harsanyipinceszet.hu\/wp-content\/uploads\/feldolgozo-organikus-bio-Harsanyi-Pinceszet-Tokaj-Boraszat-Bor-Feher-bor-aszu-furmint-harslevelut.webp 1240w, https:\/\/harsanyipinceszet.hu\/wp-content\/uploads\/feldolgozo-organikus-bio-Harsanyi-Pinceszet-Tokaj-Boraszat-Bor-Feher-bor-aszu-furmint-harslevelut-300x300.webp 300w, https:\/\/harsanyipinceszet.hu\/wp-content\/uploads\/feldolgozo-organikus-bio-Harsanyi-Pinceszet-Tokaj-Boraszat-Bor-Feher-bor-aszu-furmint-harslevelut-1024x1024.webp 1024w, https:\/\/harsanyipinceszet.hu\/wp-content\/uploads\/feldolgozo-organikus-bio-Harsanyi-Pinceszet-Tokaj-Boraszat-Bor-Feher-bor-aszu-furmint-harslevelut-150x150.webp 150w, https:\/\/harsanyipinceszet.hu\/wp-content\/uploads\/feldolgozo-organikus-bio-Harsanyi-Pinceszet-Tokaj-Boraszat-Bor-Feher-bor-aszu-furmint-harslevelut-768x768.webp 768w, https:\/\/harsanyipinceszet.hu\/wp-content\/uploads\/feldolgozo-organikus-bio-Harsanyi-Pinceszet-Tokaj-Boraszat-Bor-Feher-bor-aszu-furmint-harslevelut-12x12.webp 12w, https:\/\/harsanyipinceszet.hu\/wp-content\/uploads\/feldolgozo-organikus-bio-Harsanyi-Pinceszet-Tokaj-Boraszat-Bor-Feher-bor-aszu-furmint-harslevelut-60x60.webp 60w, https:\/\/harsanyipinceszet.hu\/wp-content\/uploads\/feldolgozo-organikus-bio-Harsanyi-Pinceszet-Tokaj-Boraszat-Bor-Feher-bor-aszu-furmint-harslevelut-110x110.webp 110w, https:\/\/harsanyipinceszet.hu\/wp-content\/uploads\/feldolgozo-organikus-bio-Harsanyi-Pinceszet-Tokaj-Boraszat-Bor-Feher-bor-aszu-furmint-harslevelut-600x600.webp 600w, https:\/\/harsanyipinceszet.hu\/wp-content\/uploads\/feldolgozo-organikus-bio-Harsanyi-Pinceszet-Tokaj-Boraszat-Bor-Feher-bor-aszu-furmint-harslevelut-100x100.webp 100w\" sizes=\"auto, (max-width: 1240px) 100vw, 1240px\"><\/div>\n\t<\/div><\/figure>\n\n<\/div><div class=\"supabox-86-234 supabox\"><div class=\"supabox-content-86-235 supabox-content\"><div class=\"bde-rich-text-86-236 bde-rich-text breakdance-rich-text-styles\">\n<p>C\u00e9geknek, csoportoknak, leg\u00e9ny-, vagy le\u00e1nyb\u00facs\u00fara \u00e9s mindazoknak, akik v\u00e1ltozatos \u00e9s izgalmas programokkal egy csoportb\u00f3l csapatot szeretn\u00e9nek faragni. Csoportok \u00e9rkez\u00e9se eset\u00e9n sz\u00e1ll\u00e1st, reggelit valamint transzfert is tudunk biztos\u00edtani, \u00edgy mindenki egy\u00fctt mozoghat a programok alatt.<\/p>\n<\/div><\/div><div class=\"supabox-content-86-237 supabox-content\"><h3 class=\"bde-heading-86-238 bde-heading\">\nCsapat\u00e9p\u00edt\u00e9s<br>sz\u00e1ll\u00e1slehet\u0151s\u00e9ggel\n<\/h3><\/div><\/div>\n<\/div><div class=\"bde-div-86-258 bde-div\">\n  \n  \n\t\n\n\n\n<div class=\"bde-image-86-239 bde-image\">\n<figure class=\"breakdance-image breakdance-image--762\">\n\t<div class=\"breakdance-image-container\">\n\t\t<div class=\"breakdance-image-clip\"><img loading=\"lazy\" decoding=\"async\" class=\"breakdance-image-object\" src=\"https:\/\/harsanyipinceszet.hu\/wp-content\/uploads\/borok-organikus-bio-Harsanyi-Pinceszet-Tokaj-Boraszat-Bor-Feher-bor-aszu-furmint-harslevelu.webp\" width=\"1240\" height=\"827\" srcset=\"https:\/\/harsanyipinceszet.hu\/wp-content\/uploads\/borok-organikus-bio-Harsanyi-Pinceszet-Tokaj-Boraszat-Bor-Feher-bor-aszu-furmint-harslevelu.webp 1240w, https:\/\/harsanyipinceszet.hu\/wp-content\/uploads\/borok-organikus-bio-Harsanyi-Pinceszet-Tokaj-Boraszat-Bor-Feher-bor-aszu-furmint-harslevelu-300x200.webp 300w, https:\/\/harsanyipinceszet.hu\/wp-content\/uploads\/borok-organikus-bio-Harsanyi-Pinceszet-Tokaj-Boraszat-Bor-Feher-bor-aszu-furmint-harslevelu-1024x683.webp 1024w, https:\/\/harsanyipinceszet.hu\/wp-content\/uploads\/borok-organikus-bio-Harsanyi-Pinceszet-Tokaj-Boraszat-Bor-Feher-bor-aszu-furmint-harslevelu-768x512.webp 768w, https:\/\/harsanyipinceszet.hu\/wp-content\/uploads\/borok-organikus-bio-Harsanyi-Pinceszet-Tokaj-Boraszat-Bor-Feher-bor-aszu-furmint-harslevelu-18x12.webp 18w, https:\/\/harsanyipinceszet.hu\/wp-content\/uploads\/borok-organikus-bio-Harsanyi-Pinceszet-Tokaj-Boraszat-Bor-Feher-bor-aszu-furmint-harslevelu-60x40.webp 60w, https:\/\/harsanyipinceszet.hu\/wp-content\/uploads\/borok-organikus-bio-Harsanyi-Pinceszet-Tokaj-Boraszat-Bor-Feher-bor-aszu-furmint-harslevelu-110x73.webp 110w, https:\/\/harsanyipinceszet.hu\/wp-content\/uploads\/borok-organikus-bio-Harsanyi-Pinceszet-Tokaj-Boraszat-Bor-Feher-bor-aszu-furmint-harslevelu-600x400.webp 600w\" sizes=\"auto, (max-width: 1240px) 100vw, 1240px\"><\/div>\n\t<\/div><\/figure>\n\n<\/div><div class=\"supabox-86-240 supabox\"><div class=\"supabox-content-86-241 supabox-content\"><div class=\"bde-rich-text-86-242 bde-rich-text breakdance-rich-text-styles\">\n<p>A bork\u00f3stol\u00f3 sor\u00e1n 3, 5, vagy ak\u00e1r 7 t\u00e9teles borsort k\u00edn\u00e1ljuk. Minden egyes t\u00e9telt szak\u00e9rt\u0151nk mutat be, r\u00e9szletesen elmagyar\u00e1zva a borok k\u00e9sz\u00edt\u00e9s\u00e9nek folyamat\u00e1t, \u00edzjegyeit \u00e9s az adott \u00e9vj\u00e1rat k\u00fcl\u00f6nlegess\u00e9geit. Az esem\u00e9ny alatt lehet\u0151s\u00e9ged ny\u00edlik arra, hogy k\u00e9rd\u00e9seket tegy\u00e9l fel, \u00e9s k\u00f6zelebbr\u0151l is megismerd bor\u00e1szatunk mindennapjait.<\/p>\n<\/div><\/div><div class=\"supabox-content-86-243 supabox-content\"><h3 class=\"bde-heading-86-244 bde-heading\">\nBork\u00f3stol\u00e1s\n<\/h3><\/div><\/div>\n<\/div><div class=\"bde-div-86-259 bde-div\">\n  \n  \n\t\n\n\n\n<div class=\"supabox-86-245 supabox\"><div class=\"supabox-content-86-246 supabox-content\"><div class=\"bde-rich-text-86-247 bde-rich-text breakdance-rich-text-styles\">\n<p>Szeretn\u00e9l k\u00f6zelebbr\u0151l is belel\u00e1tni egy pinc\u00e9szet \u00e9let\u00e9be, gyere el hozz\u00e1nk \u00fczem- \u00e9s pincel\u00e1togat\u00e1sra. A l\u00e1togat\u00e1s sor\u00e1n r\u00f6vid \u00e1ttekint\u00e9st kapsz pinc\u00e9szet\u00fcnk t\u00f6rt\u00e9net\u00e9r\u0151l, a d\u0171l\u0151kr\u0151l, a filoz\u00f3fi\u00e1nkr\u00f3l, nemzetk\u00f6zi sikereinkr\u0151l, majd v\u00e9gigvezet\u00fcnk a bor\u00e1szati feldolgoz\u00f3\u00fczemen. K\u00f6zben megk\u00f3stolhatod a borokon kereszt\u00fcl a tokaji borok soksz\u00edn\u0171s\u00e9g\u00e9t.<\/p>\n<\/div><\/div><div class=\"supabox-content-86-248 supabox-content\"><h3 class=\"bde-heading-86-249 bde-heading\">\nPincel\u00e1togat\u00e1s\n<\/h3><\/div><\/div><div class=\"bde-image-86-250 bde-image\">\n<figure class=\"breakdance-image breakdance-image--764\">\n\t<div class=\"breakdance-image-container\">\n\t\t<div class=\"breakdance-image-clip\"><img loading=\"lazy\" decoding=\"async\" class=\"breakdance-image-object\" src=\"https:\/\/harsanyipinceszet.hu\/wp-content\/uploads\/borospince-organikus-bio-Harsanyi-Pinceszet-Tokaj-Boraszat-Bor-Feher-bor-aszu-furmint-harslevelu.webp\" width=\"1240\" height=\"827\" srcset=\"https:\/\/harsanyipinceszet.hu\/wp-content\/uploads\/borospince-organikus-bio-Harsanyi-Pinceszet-Tokaj-Boraszat-Bor-Feher-bor-aszu-furmint-harslevelu.webp 1240w, https:\/\/harsanyipinceszet.hu\/wp-content\/uploads\/borospince-organikus-bio-Harsanyi-Pinceszet-Tokaj-Boraszat-Bor-Feher-bor-aszu-furmint-harslevelu-300x200.webp 300w, https:\/\/harsanyipinceszet.hu\/wp-content\/uploads\/borospince-organikus-bio-Harsanyi-Pinceszet-Tokaj-Boraszat-Bor-Feher-bor-aszu-furmint-harslevelu-1024x683.webp 1024w, https:\/\/harsanyipinceszet.hu\/wp-content\/uploads\/borospince-organikus-bio-Harsanyi-Pinceszet-Tokaj-Boraszat-Bor-Feher-bor-aszu-furmint-harslevelu-768x512.webp 768w, https:\/\/harsanyipinceszet.hu\/wp-content\/uploads\/borospince-organikus-bio-Harsanyi-Pinceszet-Tokaj-Boraszat-Bor-Feher-bor-aszu-furmint-harslevelu-18x12.webp 18w, https:\/\/harsanyipinceszet.hu\/wp-content\/uploads\/borospince-organikus-bio-Harsanyi-Pinceszet-Tokaj-Boraszat-Bor-Feher-bor-aszu-furmint-harslevelu-60x40.webp 60w, https:\/\/harsanyipinceszet.hu\/wp-content\/uploads\/borospince-organikus-bio-Harsanyi-Pinceszet-Tokaj-Boraszat-Bor-Feher-bor-aszu-furmint-harslevelu-110x73.webp 110w, https:\/\/harsanyipinceszet.hu\/wp-content\/uploads\/borospince-organikus-bio-Harsanyi-Pinceszet-Tokaj-Boraszat-Bor-Feher-bor-aszu-furmint-harslevelu-600x400.webp 600w\" sizes=\"auto, (max-width: 1240px) 100vw, 1240px\"><\/div>\n\t<\/div><\/figure>\n\n<\/div>\n<\/div><div class=\"bde-div-86-260 bde-div\">\n  \n  \n\t\n\n\n\n<div class=\"supabox-86-251 supabox\"><div class=\"supabox-content-86-252 supabox-content\"><div class=\"bde-rich-text-86-253 bde-rich-text breakdance-rich-text-styles\">\n<p>Szeretn\u00e9l izgalmasan \u00e9s egyed\u00fcl\u00e1ll\u00f3 m\u00f3don megismerkedni a d\u0171l\u0151k vil\u00e1g\u00e1val? Gyere el hozz\u00e1nk egy terepaut\u00f3s d\u0171l\u0151t\u00far\u00e1ra! Az \u00e9lm\u00e9ny sor\u00e1n k\u00f6rbej\u00e1rjuk a Kir\u00e1ly-hegy, a Megyer \u00e9s a Cir\u00f3ka d\u0171l\u0151ket. Megmutatjuk a k\u00fcl\u00f6nb\u00f6z\u0151 sz\u0151l\u0151m\u0171vel\u00e9si m\u00f3dokat \u00e9s a sz\u0151l\u0151fajt\u00e1k k\u00f6z\u00f6tti k\u00fcl\u00f6nbs\u00e9geket.<\/p>\n<\/div><\/div><div class=\"supabox-content-86-254 supabox-content\"><h3 class=\"bde-heading-86-255 bde-heading\">\nTerepaut\u00f3s d\u0171l\u0151t\u00fara\n<\/h3><\/div><\/div><div class=\"bde-image-86-256 bde-image\">\n<figure class=\"breakdance-image breakdance-image--765\">\n\t<div class=\"breakdance-image-container\">\n\t\t<div class=\"breakdance-image-clip\"><img loading=\"lazy\" decoding=\"async\" class=\"breakdance-image-object\" src=\"https:\/\/harsanyipinceszet.hu\/wp-content\/uploads\/dulongelo-organikus-bio-Harsanyi-Pinceszet-Tokaj-Boraszat-Bor-Feher-bor-aszu-furmint-harslevelu.webp\" width=\"1240\" height=\"827\" srcset=\"https:\/\/harsanyipinceszet.hu\/wp-content\/uploads\/dulongelo-organikus-bio-Harsanyi-Pinceszet-Tokaj-Boraszat-Bor-Feher-bor-aszu-furmint-harslevelu.webp 1240w, https:\/\/harsanyipinceszet.hu\/wp-content\/uploads\/dulongelo-organikus-bio-Harsanyi-Pinceszet-Tokaj-Boraszat-Bor-Feher-bor-aszu-furmint-harslevelu-300x200.webp 300w, https:\/\/harsanyipinceszet.hu\/wp-content\/uploads\/dulongelo-organikus-bio-Harsanyi-Pinceszet-Tokaj-Boraszat-Bor-Feher-bor-aszu-furmint-harslevelu-1024x683.webp 1024w, https:\/\/harsanyipinceszet.hu\/wp-content\/uploads\/dulongelo-organikus-bio-Harsanyi-Pinceszet-Tokaj-Boraszat-Bor-Feher-bor-aszu-furmint-harslevelu-768x512.webp 768w, https:\/\/harsanyipinceszet.hu\/wp-content\/uploads\/dulongelo-organikus-bio-Harsanyi-Pinceszet-Tokaj-Boraszat-Bor-Feher-bor-aszu-furmint-harslevelu-18x12.webp 18w, https:\/\/harsanyipinceszet.hu\/wp-content\/uploads\/dulongelo-organikus-bio-Harsanyi-Pinceszet-Tokaj-Boraszat-Bor-Feher-bor-aszu-furmint-harslevelu-60x40.webp 60w, https:\/\/harsanyipinceszet.hu\/wp-content\/uploads\/dulongelo-organikus-bio-Harsanyi-Pinceszet-Tokaj-Boraszat-Bor-Feher-bor-aszu-furmint-harslevelu-110x73.webp 110w, https:\/\/harsanyipinceszet.hu\/wp-content\/uploads\/dulongelo-organikus-bio-Harsanyi-Pinceszet-Tokaj-Boraszat-Bor-Feher-bor-aszu-furmint-harslevelu-600x400.webp 600w\" sizes=\"auto, (max-width: 1240px) 100vw, 1240px\"><\/div>\n\t<\/div><\/figure>\n\n<\/div>\n<\/div><\/div>\n<\/section><section class=\"bde-section-86-281 bde-section\">\n  \n  \n\t\n\n\n\n<div class=\"section-container\"><div class=\"bde-div-86-282 bde-div\">\n  \n  \n\t\n\n\n\n<div class=\"bde-rich-text-86-284 bde-rich-text breakdance-rich-text-styles\">\n<p>Bork\u00f3stol\u00f3 programjaink a D\u0171l\u0151bisztr\u00f3 nyitvatart\u00e1si idej\u00e9ben el\u00e9rhet\u0151ek egy\u00e9ni vend\u00e9gek sz\u00e1m\u00e1ra. Pincel\u00e1togat\u00e1sra a meghirdetett id\u0151pontokban (szombatonk\u00e9nt: 11:00 \u00f3ra, 17:00 \u00f3ra,\u00a0vas\u00e1rnaponk\u00e9nt: 11:00) bejelentkez\u00e9s n\u00e9lk\u00fcl is \u00e9rkezhetnek vend\u00e9geink. A terepaut\u00f3s d\u0171l\u0151t\u00fara a terepaut\u00f3 foglalts\u00e1g\u00e1nak f\u00fcggv\u00e9ny\u00e9ben el\u00e9rhet\u0151 \u2013 javasolt el\u0151re bejelentkezni. Ha sz\u00e1ll\u00e1sra vagy transzferre van sz\u00fcks\u00e9ge, abban is tudunk seg\u00edteni.<\/p><p>Csoportok \u00e9s csapat\u00e9p\u00edt\u0151 programok eset\u00e9n k\u00e9rj\u00fck vegye fel a kapcsolatot koll\u00e9g\u00e1nkkal! Seg\u00edt\u00fcnk egyedire szabni \u00e9s eml\u00e9kezetess\u00e9 tenni s\u00e1rospataki l\u00e1togat\u00e1sukat. A fenti programokon k\u00edv\u00fcl \u00edj\u00e1szkod\u00e1ssal, s\u00e1rk\u00e1nyhaj\u00f3z\u00e1ssal, ker\u00e1mia workshoppal tudjuk tov\u00e1bb gazdag\u00edtani programjukat.\u00a0\u00a0\u00a0\u00a0<\/p>\n<\/div>\n<\/div><\/div>\n<\/section><section class=\"bde-section-86-216 bde-section\">\n  \n  \n\t\n\n\n\n<div class=\"section-container\"><div class=\"bde-columns-86-217 bde-columns\"><div class=\"bde-column-86-218 bde-column\">\n  \n  \n\t\n\n\n\n<div class=\"bde-div-86-219 bde-div\">\n  \n  \n\t\n\n\n\n<h5 class=\"bde-heading-86-220 bde-heading\">\nEl\u00e9rhet\u0151s\u00e9geink \/ S\u00e1rospataki<br>programok \u00e9s k\u00f3stol\u00f3k eset\u00e9n\n<\/h5><ul class=\"bde-basic-list-86-221 bde-basic-list\">\n  <li class='bde-basic-list-item-with-link' >    \n                  \n            \n            \n\n    \n    \n    \n    \n    \n    <a class=\"breakdance-link\" href=\"tel:+36 30 183 9253\" target=\"_self\" data-type=\"contact\"  >\n\n          <strong>[T]:<\/strong> +36 30 183 9253\n              <\/a>\n\n      <\/li>\n  <li class='bde-basic-list-item-with-link' >    \n                  \n            \n            \n\n    \n    \n    \n    \n    \n    <a class=\"breakdance-link\" href=\"https:\/\/dulobisztro.hu\" target=\"_blank\" data-type=\"url\"  >\n\n          <strong>[W]:<\/strong> <u>dulobisztro.hu<\/u>\n              <\/a>\n\n      <\/li>\n  <li class='bde-basic-list-item-with-link' >    \n                  \n            \n            \n\n    \n    \n    \n    \n    \n    <a class=\"breakdance-link\" href=\"mailto:info@dulobisztro.hu?subject=&body=\" target=\"_self\" data-type=\"contact\"  >\n\n          <strong>[E]:<\/strong>  info@dulobisztro.hu\n              <\/a>\n\n      <\/li>\n<\/ul>\n<\/div>\n<\/div><div class=\"bde-column-86-222 bde-column\">\n  \n  \n\t\n\n\n\n<div class=\"bde-div-86-223 bde-div\">\n  \n  \n\t\n\n\n\n<h5 class=\"bde-heading-86-224 bde-heading\">\nEl\u00e9rhet\u0151s\u00e9geink \/ Budapesti <br>k\u00f3stol\u00f3k eset\u00e9n\n<\/h5><ul class=\"bde-basic-list-86-225 bde-basic-list\">\n  <li class='bde-basic-list-item-with-link' >    \n                  \n            \n            \n\n    \n    \n    \n    \n    \n    <a class=\"breakdance-link\" href=\"tel:+36 20 279 4737\" target=\"_self\" data-type=\"contact\"  >\n\n          <strong>[T]:<\/strong> +36 20 279 4737\n              <\/a>\n\n      <\/li>\n  <li class='bde-basic-list-item-with-link' >    \n                  \n            \n            \n\n    \n    \n    \n    \n    \n    <a class=\"breakdance-link\" href=\"https:\/\/harsanyipinceszet.hu\" target=\"_blank\" data-type=\"url\"  >\n\n          <strong>[W]:<\/strong>  <u>harsanyipinceszet.hu<\/u>\n              <\/a>\n\n      <\/li>\n  <li class='bde-basic-list-item-with-link' >    \n                  \n            \n            \n\n    \n    \n    \n    \n    \n    <a class=\"breakdance-link\" href=\"mailto:info@harsanyipinceszet.hu?subject=&body=\" target=\"_self\" data-type=\"contact\"  >\n\n          <strong>[E]:<\/strong> info@harsanyipinceszet.hu\n              <\/a>\n\n      <\/li>\n<\/ul>\n<\/div>\n<\/div><div class=\"bde-column-86-226 bde-column\">\n  \n  \n\t\n\n\n\n<div class=\"bde-div-86-227 bde-div\">\n  \n  \n\t\n\n\n\n<h5 class=\"bde-heading-86-228 bde-heading\">\nEl\u00e9rhet\u0151s\u00e9geink \/ Sz\u00e1ll\u00e1shely \u2013<br> Retel Vit\u00e9z Vend\u00e9gh\u00e1z\n<\/h5><ul class=\"bde-basic-list-86-229 bde-basic-list\">\n  <li class='bde-basic-list-item-with-link' >    \n                  \n            \n            \n\n    \n    \n    \n    \n    \n    <a class=\"breakdance-link\" href=\"tel:+36 30 183 9253\" target=\"_self\" data-type=\"contact\"  >\n\n          <strong>[T]:<\/strong> +36 30 183 9253\n              <\/a>\n\n      <\/li>\n  <li class='bde-basic-list-item-with-link' >    \n                  \n            \n            \n\n    \n    \n    \n    \n    \n    <a class=\"breakdance-link\" href=\"https:\/\/retelvitez.hu\" target=\"_blank\" data-type=\"url\"  >\n\n          <strong>[W]:<\/strong>  <u>retelvitez.hu<\/u>\n              <\/a>\n\n      <\/li>\n  <li class='bde-basic-list-item-with-link' >    \n                  \n            \n            \n\n    \n    \n    \n    \n    \n    <a class=\"breakdance-link\" href=\"mailto:recepcio@retelvitez.hu?subject=&body=\" target=\"_self\" data-type=\"contact\"  >\n\n          <strong>[E]:<\/strong>  recepcio@retelvitez.hu\n              <\/a>\n\n      <\/li>\n<\/ul>\n<\/div>\n<\/div><\/div><div class=\"bde-image-86-230 bde-image\">\n<figure class=\"breakdance-image breakdance-image--339\">\n\t<div class=\"breakdance-image-container\">\n\t\t<div class=\"breakdance-image-clip\"><img loading=\"lazy\" decoding=\"async\" class=\"breakdance-image-object\" src=\"https:\/\/harsanyipinceszet.hu\/wp-content\/uploads\/level_Rajztabla-1-1-e1713772454966.webp\" width=\"1000\" height=\"1051\" srcset=\"https:\/\/harsanyipinceszet.hu\/wp-content\/uploads\/level_Rajztabla-1-1-e1713772454966.webp 1000w, https:\/\/harsanyipinceszet.hu\/wp-content\/uploads\/level_Rajztabla-1-1-e1713772454966-285x300.webp 285w, https:\/\/harsanyipinceszet.hu\/wp-content\/uploads\/level_Rajztabla-1-1-e1713772454966-974x1024.webp 974w, https:\/\/harsanyipinceszet.hu\/wp-content\/uploads\/level_Rajztabla-1-1-e1713772454966-768x807.webp 768w, https:\/\/harsanyipinceszet.hu\/wp-content\/uploads\/level_Rajztabla-1-1-e1713772454966-11x12.webp 11w, https:\/\/harsanyipinceszet.hu\/wp-content\/uploads\/level_Rajztabla-1-1-e1713772454966-600x631.webp 600w\" sizes=\"auto, (max-width: 1000px) 100vw, 1000px\"><\/div>\n\t<\/div><\/figure>\n\n<\/div><\/div>\n<\/section>","protected":false},"excerpt":{"rendered":"<p>K\u00e9ts\u00e9gk\u00edv\u00fcl ott a legjobb megk\u00f3stolni a bort, ahol k\u00e9sz\u00fclt Egy\u00e9ni l\u00e1togat\u00f3k \u00e9s csoportok sz\u00e1m\u00e1ra egyar\u00e1nt sz\u00e1mos programlehet\u0151s\u00e9get k\u00edn\u00e1lunk. C\u00e9geknek, csoportoknak, leg\u00e9ny-, vagy le\u00e1nyb\u00facs\u00fara \u00e9s mindazoknak, akik v\u00e1ltozatos \u00e9s izgalmas programokkal egy csoportb\u00f3l csapatot szeretn\u00e9nek faragni. Csoportok \u00e9rkez\u00e9se eset\u00e9n sz\u00e1ll\u00e1st, reggelit valamint transzfert is tudunk biztos\u00edtani, \u00edgy mindenki egy\u00fctt mozoghat a programok alatt. Csapat\u00e9p\u00edt\u00e9ssz\u00e1ll\u00e1slehet\u0151s\u00e9ggel A bork\u00f3stol\u00f3 [&hellip;]<\/p>\n","protected":false},"author":1,"featured_media":0,"parent":0,"menu_order":0,"comment_status":"closed","ping_status":"closed","template":"","meta":{"_acf_changed":false,"_seopress_robots_primary_cat":"","_seopress_titles_title":"","_seopress_titles_desc":"","_seopress_robots_index":"","_breakdance_hide_in_design_set":false,"_breakdance_tags":"","footnotes":""},"class_list":["post-86","page","type-page","status-publish","format-standard","hentry"],"acf":[],"_links":{"self":[{"href":"https:\/\/harsanyipinceszet.hu\/en\/wp-json\/wp\/v2\/pages\/86","targetHints":{"allow":["GET"]}}],"collection":[{"href":"https:\/\/harsanyipinceszet.hu\/en\/wp-json\/wp\/v2\/pages"}],"about":[{"href":"https:\/\/harsanyipinceszet.hu\/en\/wp-json\/wp\/v2\/types\/page"}],"author":[{"embeddable":true,"href":"https:\/\/harsanyipinceszet.hu\/en\/wp-json\/wp\/v2\/users\/1"}],"replies":[{"embeddable":true,"href":"https:\/\/harsanyipinceszet.hu\/en\/wp-json\/wp\/v2\/comments?post=86"}],"version-history":[{"count":0,"href":"https:\/\/harsanyipinceszet.hu\/en\/wp-json\/wp\/v2\/pages\/86\/revisions"}],"wp:attachment":[{"href":"https:\/\/harsanyipinceszet.hu\/en\/wp-json\/wp\/v2\/media?parent=86"}],"curies":[{"name":"wp","href":"https:\/\/api.w.org\/{rel}","templated":true}]}}