{"id":90,"date":"2024-04-02T11:18:56","date_gmt":"2024-04-02T09:18:56","guid":{"rendered":"https:\/\/harsanyipinceszet.hu\/?page_id=90"},"modified":"2024-07-29T19:57:05","modified_gmt":"2024-07-29T17:57:05","slug":"blog","status":"publish","type":"page","link":"https:\/\/harsanyipinceszet.hu\/en\/blog\/","title":{"rendered":"Blog"},"content":{"rendered":"<section class=\"bde-section-90-138 bde-section\">\n  \n  \n\t\n\n\n\n<div class=\"section-container\"><div class=\"de-advanced-search-90-145 de-advanced-search\">\n<script type=\"text\/javascript\">\n     const deAjaxQuerySearch = {\"post_type\":[\"post\"],\"post_status\":\"publish\",\"ignore_sticky_posts\":false,\"date_query\":null,\"meta_query\":[],\"post__not_in\":null,\"posts_per_page\":10,\"paged\":1,\"offset\":0,\"orderby\":\"date\",\"order\":\"DESC\"};\n     const deAjaxAddionalData = {\n        featuredImage: 1,\n        showResults: 1,\n        noResultMessage: 'No results found',\n        showPrices: 0,\n        allResultsBtn:  1,\n        resultsCountName:  'Tal\u00e1latok:',\n        showAllResultsText: 'Show All Resutls',\n        searchURL: 'https:\/\/harsanyipinceszet.hu\/en\/?s={{search-term}}', \n        taxonomyTerm : 'category', \n        excerptDisable : '1',\n        excerptLength : '0',\n        sku : 0,\n        skuAndS : 0, \n        skuHeading :  '0',\n        showSku : 0,\n        skuPrefix : ''\n     }\n<\/script>\n\n<div class=\"de-search-form-wrapper\" role='form'>\n    <div class=\"de-search-wrapper\">\n        <label for=\"de-search-145\" class=\"de-visually-hidden\">Search<\/label>\n        <input id=\"de-search-145\" class=\"de-search-input\" type=\"text\" placeholder=\"h\u00edrek, l\u00e1tnival\u00f3k keres\u00e9se...\" autocomplete=\"off\">\n        <div class=\"de-ajax-spinner\"><\/div>\n    <\/div>\n                <div class=\"de-search-wrapper\">\n            <button role=\"button\" type=\"submit\" class=\"de-advanced-search-button de-advanced-search-icon\" aria-label=\"Search\">\n                <svg xmlns=\"http:\/\/www.w3.org\/2000\/svg\" id=\"icon-search\" viewBox=\"0 0 32 32\">\r\n<path d=\"M31.008 27.231l-7.58-6.447c-0.784-0.705-1.622-1.029-2.299-0.998 1.789-2.096 2.87-4.815 2.87-7.787 0-6.627-5.373-12-12-12s-12 5.373-12 12 5.373 12 12 12c2.972 0 5.691-1.081 7.787-2.87-0.031 0.677 0.293 1.515 0.998 2.299l6.447 7.58c1.104 1.226 2.907 1.33 4.007 0.23s0.997-2.903-0.23-4.007zM12 20c-4.418 0-8-3.582-8-8s3.582-8 8-8 8 3.582 8 8-3.582 8-8 8z\"\/>\r\n<\/svg>            <\/button>\n        <\/div>\n        <div class=\"de-search-results-wrapper\">\n            <\/div>\n<\/div>\n\n<\/div><div class=\"bde-post-list-90-149 bde-post-list phox-facets-target phox-facets-target-default\"><div class=\"bde-loop bde-loop-grid ee-posts ee-posts-grid\">    <article class=\"bde-loop-item ee-post\">\n                                <a class=\"bde-loop-item__image-link ee-post-image-link bde-loop-item__image-top ee-posts-image-top\" href=\"https:\/\/harsanyipinceszet.hu\/en\/vegan-borok\/\" tabindex=\"-1\">\n                <div class=\"bde-loop-item__image ee-post-image\">\n                    <img loading=\"lazy\" decoding=\"async\" width=\"600\" height=\"600\" src=\"https:\/\/harsanyipinceszet.hu\/wp-content\/uploads\/cropped-v-label-logo.webp\" class=\"attachment-full size-full wp-post-image\" alt=\"Veg\u00e1n borok\" srcset=\"https:\/\/harsanyipinceszet.hu\/wp-content\/uploads\/cropped-v-label-logo.webp 600w, https:\/\/harsanyipinceszet.hu\/wp-content\/uploads\/cropped-v-label-logo-300x300.webp 300w, https:\/\/harsanyipinceszet.hu\/wp-content\/uploads\/cropped-v-label-logo-150x150.webp 150w, https:\/\/harsanyipinceszet.hu\/wp-content\/uploads\/cropped-v-label-logo-12x12.webp 12w, https:\/\/harsanyipinceszet.hu\/wp-content\/uploads\/cropped-v-label-logo-60x60.webp 60w\" sizes=\"auto, (max-width: 600px) 100vw, 600px\" \/>                <\/div>\n            <\/a>\n        \n        \n        <div class=\"bde-loop-item__wrap ee-post-wrap\">\n            \n                            <h3 class=\"ee-post-title\" >\n                    <a class=\"bde-loop-item__title-link ee-post-title-link\" href=\"https:\/\/harsanyipinceszet.hu\/en\/vegan-borok\/\"  tabindex=\"-1\">\n                        Veg\u00e1n borok                    <\/a>\n                <\/h3>\n                            <div class=\"bde-loop-item__post-meta ee-post-meta\">\n                                                                                <span class=\"bde-loop-item__meta-date bde-loop-item__meta-item ee-post-meta-date ee-post-meta-item\">\n                                    <a href=\"https:\/\/harsanyipinceszet.hu\/en\/2025\/07\/29\/\" >\n                                        2025.07.29.                                    <\/a>\n                                <\/span>\n                                                \n                <\/div>\n                            <div class=\"bde-loop-item__content ee-post-content\">\n                    Mi az a veg\u00e1n bor? Egyre t\u00f6bben keresnek olyan borokat, amelyek nemcsak finomak, hanem illeszkednek a tudatos \u00e9letm\u00f3dhoz is. Sokan&hellip;                <\/div>\n            \n        \n    \n    \n    \n                            \n            \n                    \n            \n            \n\n    \n    \n    \n    \n                            \n    <a class=\"breakdance-link button-atom button-atom--custom bde-loop-item__button ee-post-button\" href=\"https:\/\/harsanyipinceszet.hu\/en\/vegan-borok\/\" target=\"_self\" data-type=\"url\"  aria-label=\"Read more about Veg\u00e1n borok\" >\n\n    \n        <span class=\"button-atom__text\">tov\u00e1bb olvasok<\/span>\n\n                            \n        \n                <\/a>\n\n    \n\n\n\n\n            \n        <\/div>\n\n    <\/article>\n\n    <article class=\"bde-loop-item ee-post\">\n                                <a class=\"bde-loop-item__image-link ee-post-image-link bde-loop-item__image-top ee-posts-image-top\" href=\"https:\/\/harsanyipinceszet.hu\/en\/green-brands-minosites\/\" tabindex=\"-1\">\n                <div class=\"bde-loop-item__image ee-post-image\">\n                    <img loading=\"lazy\" decoding=\"async\" width=\"1800\" height=\"2560\" src=\"https:\/\/harsanyipinceszet.hu\/wp-content\/uploads\/Harsanyi-1-1-scaled.webp\" class=\"attachment-full size-full wp-post-image\" alt=\"Green Brands min\u0151s\u00edt\u00e9s\" srcset=\"https:\/\/harsanyipinceszet.hu\/wp-content\/uploads\/Harsanyi-1-1-scaled.webp 1800w, https:\/\/harsanyipinceszet.hu\/wp-content\/uploads\/Harsanyi-1-1-211x300.webp 211w, https:\/\/harsanyipinceszet.hu\/wp-content\/uploads\/Harsanyi-1-1-720x1024.webp 720w, https:\/\/harsanyipinceszet.hu\/wp-content\/uploads\/Harsanyi-1-1-768x1092.webp 768w, https:\/\/harsanyipinceszet.hu\/wp-content\/uploads\/Harsanyi-1-1-1080x1536.webp 1080w, https:\/\/harsanyipinceszet.hu\/wp-content\/uploads\/Harsanyi-1-1-1440x2048.webp 1440w, https:\/\/harsanyipinceszet.hu\/wp-content\/uploads\/Harsanyi-1-1-8x12.webp 8w, https:\/\/harsanyipinceszet.hu\/wp-content\/uploads\/Harsanyi-1-1-60x85.webp 60w, https:\/\/harsanyipinceszet.hu\/wp-content\/uploads\/Harsanyi-1-1-300x427.webp 300w, https:\/\/harsanyipinceszet.hu\/wp-content\/uploads\/Harsanyi-1-1-600x853.webp 600w\" sizes=\"auto, (max-width: 1800px) 100vw, 1800px\" \/>                <\/div>\n            <\/a>\n        \n        \n        <div class=\"bde-loop-item__wrap ee-post-wrap\">\n            \n                            <h3 class=\"ee-post-title\" >\n                    <a class=\"bde-loop-item__title-link ee-post-title-link\" href=\"https:\/\/harsanyipinceszet.hu\/en\/green-brands-minosites\/\"  tabindex=\"-1\">\n                        Green Brands min\u0151s\u00edt\u00e9s                    <\/a>\n                <\/h3>\n                            <div class=\"bde-loop-item__post-meta ee-post-meta\">\n                                                                                <span class=\"bde-loop-item__meta-date bde-loop-item__meta-item ee-post-meta-date ee-post-meta-item\">\n                                    <a href=\"https:\/\/harsanyipinceszet.hu\/en\/2025\/07\/09\/\" >\n                                        2025.07.09.                                    <\/a>\n                                <\/span>\n                                                \n                <\/div>\n                            <div class=\"bde-loop-item__content ee-post-content\">\n                    Mi az a GREEN BRANDS, \u00e9s mi\u00e9rt fontos nek\u00fcnk, mint pinc\u00e9szetnek? Mit jelent a GREEN BRANDS?A GREEN BRANDS egy nemzetk\u00f6zi,&hellip;                <\/div>\n            \n        \n    \n    \n    \n                            \n            \n                    \n            \n            \n\n    \n    \n    \n    \n                            \n    <a class=\"breakdance-link button-atom button-atom--custom bde-loop-item__button ee-post-button\" href=\"https:\/\/harsanyipinceszet.hu\/en\/green-brands-minosites\/\" target=\"_self\" data-type=\"url\"  aria-label=\"Read more about Green Brands min\u0151s\u00edt\u00e9s\" >\n\n    \n        <span class=\"button-atom__text\">tov\u00e1bb olvasok<\/span>\n\n                            \n        \n                <\/a>\n\n    \n\n\n\n\n            \n        <\/div>\n\n    <\/article>\n\n    <article class=\"bde-loop-item ee-post\">\n                                <a class=\"bde-loop-item__image-link ee-post-image-link bde-loop-item__image-top ee-posts-image-top\" href=\"https:\/\/harsanyipinceszet.hu\/en\/fajta-vagy-terroir-avagy-nehez-e-a-furmint-es-gejl-e-a-muskotaly\/\" tabindex=\"-1\">\n                <div class=\"bde-loop-item__image ee-post-image\">\n                    <img loading=\"lazy\" decoding=\"async\" width=\"1080\" height=\"1080\" src=\"https:\/\/harsanyipinceszet.hu\/wp-content\/uploads\/HP-poszt.png\" class=\"attachment-full size-full wp-post-image\" alt=\"Fajta vagy terroir? Avagy neh\u00e9z-e a furmint \u00e9s gejl-e a muskot\u00e1ly? \u00a0\u00a0\" srcset=\"https:\/\/harsanyipinceszet.hu\/wp-content\/uploads\/HP-poszt.png 1080w, https:\/\/harsanyipinceszet.hu\/wp-content\/uploads\/HP-poszt-300x300.png 300w, https:\/\/harsanyipinceszet.hu\/wp-content\/uploads\/HP-poszt-1024x1024.png 1024w, https:\/\/harsanyipinceszet.hu\/wp-content\/uploads\/HP-poszt-150x150.png 150w, https:\/\/harsanyipinceszet.hu\/wp-content\/uploads\/HP-poszt-768x768.png 768w, https:\/\/harsanyipinceszet.hu\/wp-content\/uploads\/HP-poszt-12x12.png 12w, https:\/\/harsanyipinceszet.hu\/wp-content\/uploads\/HP-poszt-60x60.png 60w, https:\/\/harsanyipinceszet.hu\/wp-content\/uploads\/HP-poszt-600x600.png 600w\" sizes=\"auto, (max-width: 1080px) 100vw, 1080px\" \/>                <\/div>\n            <\/a>\n        \n        \n        <div class=\"bde-loop-item__wrap ee-post-wrap\">\n            \n                            <h3 class=\"ee-post-title\" >\n                    <a class=\"bde-loop-item__title-link ee-post-title-link\" href=\"https:\/\/harsanyipinceszet.hu\/en\/fajta-vagy-terroir-avagy-nehez-e-a-furmint-es-gejl-e-a-muskotaly\/\"  tabindex=\"-1\">\n                        Fajta vagy terroir? Avagy neh\u00e9z-e a furmint \u00e9s gejl-e a muskot\u00e1ly? \u00a0\u00a0                    <\/a>\n                <\/h3>\n                            <div class=\"bde-loop-item__post-meta ee-post-meta\">\n                                                                                <span class=\"bde-loop-item__meta-date bde-loop-item__meta-item ee-post-meta-date ee-post-meta-item\">\n                                    <a href=\"https:\/\/harsanyipinceszet.hu\/en\/2025\/03\/27\/\" >\n                                        2025.03.27.                                    <\/a>\n                                <\/span>\n                                                \n                <\/div>\n                            <div class=\"bde-loop-item__content ee-post-content\">\n                    A bor vil\u00e1g\u00e1ban a terroir \u00e9s a sz\u0151l\u0151fajt\u00e1k k\u00f6z\u00f6tti kapcsolat kulcsszerepet j\u00e1tszik a borok egyedis\u00e9g\u00e9nek megteremt\u00e9s\u00e9ben. Tokaj azonban m\u00e9g ink\u00e1bb&hellip;                <\/div>\n            \n        \n    \n    \n    \n                            \n            \n                    \n            \n            \n\n    \n    \n    \n    \n                            \n    <a class=\"breakdance-link button-atom button-atom--custom bde-loop-item__button ee-post-button\" href=\"https:\/\/harsanyipinceszet.hu\/en\/fajta-vagy-terroir-avagy-nehez-e-a-furmint-es-gejl-e-a-muskotaly\/\" target=\"_self\" data-type=\"url\"  aria-label=\"Read more about Fajta vagy terroir? Avagy neh\u00e9z-e a furmint \u00e9s gejl-e a muskot\u00e1ly? \u00a0\u00a0\" >\n\n    \n        <span class=\"button-atom__text\">tov\u00e1bb olvasok<\/span>\n\n                            \n        \n                <\/a>\n\n    \n\n\n\n\n            \n        <\/div>\n\n    <\/article>\n\n    <article class=\"bde-loop-item ee-post\">\n                                <a class=\"bde-loop-item__image-link ee-post-image-link bde-loop-item__image-top ee-posts-image-top\" href=\"https:\/\/harsanyipinceszet.hu\/en\/a-termeszet-titkai-a-poharadban-a-bio-boraszat-vilaga\/\" tabindex=\"-1\">\n                <div class=\"bde-loop-item__image ee-post-image\">\n                    <img loading=\"lazy\" decoding=\"async\" width=\"1000\" height=\"1000\" src=\"https:\/\/harsanyipinceszet.hu\/wp-content\/uploads\/bio_boraszat.png\" class=\"attachment-full size-full wp-post-image\" alt=\"A term\u00e9szet titkai a poharadban \u2013 A bio bor\u00e1szat vil\u00e1ga\" srcset=\"https:\/\/harsanyipinceszet.hu\/wp-content\/uploads\/bio_boraszat.png 1000w, https:\/\/harsanyipinceszet.hu\/wp-content\/uploads\/bio_boraszat-300x300.png 300w, https:\/\/harsanyipinceszet.hu\/wp-content\/uploads\/bio_boraszat-150x150.png 150w, https:\/\/harsanyipinceszet.hu\/wp-content\/uploads\/bio_boraszat-768x768.png 768w, https:\/\/harsanyipinceszet.hu\/wp-content\/uploads\/bio_boraszat-12x12.png 12w, https:\/\/harsanyipinceszet.hu\/wp-content\/uploads\/bio_boraszat-600x600.png 600w\" sizes=\"auto, (max-width: 1000px) 100vw, 1000px\" \/>                <\/div>\n            <\/a>\n        \n        \n        <div class=\"bde-loop-item__wrap ee-post-wrap\">\n            \n                            <h3 class=\"ee-post-title\" >\n                    <a class=\"bde-loop-item__title-link ee-post-title-link\" href=\"https:\/\/harsanyipinceszet.hu\/en\/a-termeszet-titkai-a-poharadban-a-bio-boraszat-vilaga\/\"  tabindex=\"-1\">\n                        A term\u00e9szet titkai a poharadban \u2013 A bio bor\u00e1szat vil\u00e1ga                    <\/a>\n                <\/h3>\n                            <div class=\"bde-loop-item__post-meta ee-post-meta\">\n                                                                                <span class=\"bde-loop-item__meta-date bde-loop-item__meta-item ee-post-meta-date ee-post-meta-item\">\n                                    <a href=\"https:\/\/harsanyipinceszet.hu\/en\/2025\/03\/14\/\" >\n                                        2025.03.14.                                    <\/a>\n                                <\/span>\n                                                \n                <\/div>\n                            <div class=\"bde-loop-item__content ee-post-content\">\n                    Mi az a bio bor\u00e1szat? A bio bor\u00e1szat egy olyan bor\u00e1szati m\u00f3dszer, amely a sz\u0151l\u0151termeszt\u00e9s \u00e9s bork\u00e9sz\u00edt\u00e9s sor\u00e1n term\u00e9szetes folyamatokra&hellip;                <\/div>\n            \n        \n    \n    \n    \n                            \n            \n                    \n            \n            \n\n    \n    \n    \n    \n                            \n    <a class=\"breakdance-link button-atom button-atom--custom bde-loop-item__button ee-post-button\" href=\"https:\/\/harsanyipinceszet.hu\/en\/a-termeszet-titkai-a-poharadban-a-bio-boraszat-vilaga\/\" target=\"_self\" data-type=\"url\"  aria-label=\"Read more about A term\u00e9szet titkai a poharadban \u2013 A bio bor\u00e1szat vil\u00e1ga\" >\n\n    \n        <span class=\"button-atom__text\">tov\u00e1bb olvasok<\/span>\n\n                            \n        \n                <\/a>\n\n    \n\n\n\n\n            \n        <\/div>\n\n    <\/article>\n\n    <article class=\"bde-loop-item ee-post\">\n                                <a class=\"bde-loop-item__image-link ee-post-image-link bde-loop-item__image-top ee-posts-image-top\" href=\"https:\/\/harsanyipinceszet.hu\/en\/innovacio-es-egyuttmukodes-pinceszetunk-az-erasmus-projekt-elvonalaban\/\" tabindex=\"-1\">\n                <div class=\"bde-loop-item__image ee-post-image\">\n                    <img loading=\"lazy\" decoding=\"async\" width=\"1000\" height=\"1000\" src=\"https:\/\/harsanyipinceszet.hu\/wp-content\/uploads\/blog-5.png\" class=\"attachment-full size-full wp-post-image\" alt=\"Innov\u00e1ci\u00f3 \u00e9s egy\u00fcttm\u0171k\u00f6d\u00e9s: Pinc\u00e9szet\u00fcnk az Erasmus+ projekt \u00e9lvonal\u00e1ban\" srcset=\"https:\/\/harsanyipinceszet.hu\/wp-content\/uploads\/blog-5.png 1000w, https:\/\/harsanyipinceszet.hu\/wp-content\/uploads\/blog-5-300x300.png 300w, https:\/\/harsanyipinceszet.hu\/wp-content\/uploads\/blog-5-150x150.png 150w, https:\/\/harsanyipinceszet.hu\/wp-content\/uploads\/blog-5-768x768.png 768w, https:\/\/harsanyipinceszet.hu\/wp-content\/uploads\/blog-5-12x12.png 12w, https:\/\/harsanyipinceszet.hu\/wp-content\/uploads\/blog-5-60x60.png 60w, https:\/\/harsanyipinceszet.hu\/wp-content\/uploads\/blog-5-110x110.png 110w, https:\/\/harsanyipinceszet.hu\/wp-content\/uploads\/blog-5-600x600.png 600w\" sizes=\"auto, (max-width: 1000px) 100vw, 1000px\" \/>                <\/div>\n            <\/a>\n        \n        \n        <div class=\"bde-loop-item__wrap ee-post-wrap\">\n            \n                            <h3 class=\"ee-post-title\" >\n                    <a class=\"bde-loop-item__title-link ee-post-title-link\" href=\"https:\/\/harsanyipinceszet.hu\/en\/innovacio-es-egyuttmukodes-pinceszetunk-az-erasmus-projekt-elvonalaban\/\"  tabindex=\"-1\">\n                        Innov\u00e1ci\u00f3 \u00e9s egy\u00fcttm\u0171k\u00f6d\u00e9s: Pinc\u00e9szet\u00fcnk az Erasmus+ projekt \u00e9lvonal\u00e1ban                    <\/a>\n                <\/h3>\n                            <div class=\"bde-loop-item__post-meta ee-post-meta\">\n                                                                                <span class=\"bde-loop-item__meta-date bde-loop-item__meta-item ee-post-meta-date ee-post-meta-item\">\n                                    <a href=\"https:\/\/harsanyipinceszet.hu\/en\/2025\/01\/21\/\" >\n                                        2025.01.21.                                    <\/a>\n                                <\/span>\n                                                \n                <\/div>\n                            <div class=\"bde-loop-item__content ee-post-content\">\n                    B\u00fcszkes\u00e9ggel jelentj\u00fck be, hogy pinc\u00e9szet\u00fcnk PILOT tesztel\u0151k\u00e9nt r\u00e9szt vesz a Magyar Nemzeti Gasztron\u00f3miai Sz\u00f6vets\u00e9g Eur\u00f3pai Uni\u00f3 \u00e1ltal t\u00e1mogatott 2023-2-HU01-KA210-VET-000177733&nbsp;projektsz\u00e1m\u00fa Erasmus+&hellip;                <\/div>\n            \n        \n    \n    \n    \n                            \n            \n                    \n            \n            \n\n    \n    \n    \n    \n                            \n    <a class=\"breakdance-link button-atom button-atom--custom bde-loop-item__button ee-post-button\" href=\"https:\/\/harsanyipinceszet.hu\/en\/innovacio-es-egyuttmukodes-pinceszetunk-az-erasmus-projekt-elvonalaban\/\" target=\"_self\" data-type=\"url\"  aria-label=\"Read more about Innov\u00e1ci\u00f3 \u00e9s egy\u00fcttm\u0171k\u00f6d\u00e9s: Pinc\u00e9szet\u00fcnk az Erasmus+ projekt \u00e9lvonal\u00e1ban\" >\n\n    \n        <span class=\"button-atom__text\">tov\u00e1bb olvasok<\/span>\n\n                            \n        \n                <\/a>\n\n    \n\n\n\n\n            \n        <\/div>\n\n    <\/article>\n\n    <article class=\"bde-loop-item ee-post\">\n                                <a class=\"bde-loop-item__image-link ee-post-image-link bde-loop-item__image-top ee-posts-image-top\" href=\"https:\/\/harsanyipinceszet.hu\/en\/a-harsanyi-brut-2021-pezsgo-otcsillagos-elismeres-a-vince-pezsgoteszten\/\" tabindex=\"-1\">\n                <div class=\"bde-loop-item__image ee-post-image\">\n                    <img loading=\"lazy\" decoding=\"async\" width=\"1000\" height=\"1000\" src=\"https:\/\/harsanyipinceszet.hu\/wp-content\/uploads\/blog-4.png\" class=\"attachment-full size-full wp-post-image\" alt=\"A Hars\u00e1nyi Brut 2021 pezsg\u0151: \u00d6tcsillagos elismer\u00e9s a VinCE pezsg\u0151teszten!\" srcset=\"https:\/\/harsanyipinceszet.hu\/wp-content\/uploads\/blog-4.png 1000w, https:\/\/harsanyipinceszet.hu\/wp-content\/uploads\/blog-4-300x300.png 300w, https:\/\/harsanyipinceszet.hu\/wp-content\/uploads\/blog-4-150x150.png 150w, https:\/\/harsanyipinceszet.hu\/wp-content\/uploads\/blog-4-768x768.png 768w, https:\/\/harsanyipinceszet.hu\/wp-content\/uploads\/blog-4-12x12.png 12w, https:\/\/harsanyipinceszet.hu\/wp-content\/uploads\/blog-4-60x60.png 60w, https:\/\/harsanyipinceszet.hu\/wp-content\/uploads\/blog-4-110x110.png 110w, https:\/\/harsanyipinceszet.hu\/wp-content\/uploads\/blog-4-600x600.png 600w\" sizes=\"auto, (max-width: 1000px) 100vw, 1000px\" \/>                <\/div>\n            <\/a>\n        \n        \n        <div class=\"bde-loop-item__wrap ee-post-wrap\">\n            \n                            <h3 class=\"ee-post-title\" >\n                    <a class=\"bde-loop-item__title-link ee-post-title-link\" href=\"https:\/\/harsanyipinceszet.hu\/en\/a-harsanyi-brut-2021-pezsgo-otcsillagos-elismeres-a-vince-pezsgoteszten\/\"  tabindex=\"-1\">\n                        A Hars\u00e1nyi Brut 2021 pezsg\u0151: \u00d6tcsillagos elismer\u00e9s a VinCE pezsg\u0151teszten!                    <\/a>\n                <\/h3>\n                            <div class=\"bde-loop-item__post-meta ee-post-meta\">\n                                                                                <span class=\"bde-loop-item__meta-date bde-loop-item__meta-item ee-post-meta-date ee-post-meta-item\">\n                                    <a href=\"https:\/\/harsanyipinceszet.hu\/en\/2024\/12\/19\/\" >\n                                        2024.12.19.                                    <\/a>\n                                <\/span>\n                                                \n                <\/div>\n                            <div class=\"bde-loop-item__content ee-post-content\">\n                    \u00dajabb m\u00e9rf\u00f6ldk\u0151 a Hars\u00e1nyi Pinc\u00e9szet \u00e9let\u00e9ben! A Hars\u00e1nyi Brut 2021-es \u00e9vj\u00e1rat\u00fa pezsg\u0151je a rangos VinCE pezsg\u0151teszten megszerezte a magyar \u00f6tcsillagos&hellip;                <\/div>\n            \n        \n    \n    \n    \n                            \n            \n                    \n            \n            \n\n    \n    \n    \n    \n                            \n    <a class=\"breakdance-link button-atom button-atom--custom bde-loop-item__button ee-post-button\" href=\"https:\/\/harsanyipinceszet.hu\/en\/a-harsanyi-brut-2021-pezsgo-otcsillagos-elismeres-a-vince-pezsgoteszten\/\" target=\"_self\" data-type=\"url\"  aria-label=\"Read more about A Hars\u00e1nyi Brut 2021 pezsg\u0151: \u00d6tcsillagos elismer\u00e9s a VinCE pezsg\u0151teszten!\" >\n\n    \n        <span class=\"button-atom__text\">tov\u00e1bb olvasok<\/span>\n\n                            \n        \n                <\/a>\n\n    \n\n\n\n\n            \n        <\/div>\n\n    <\/article>\n\n<\/div><div class='bde-posts-pagination' data-ssr-path='breakdance\/subplugins\/breakdance-elements\/elements\/PostsList\/ssr.php'>\n    \n    \n    \n    \n    \n            \n            <button type=\"submit\" class=\"button-atom button-atom--custom bde-posts-pagination-loadmore-button\"  >\n    \n        <span class=\"button-atom__text\">t\u00f6bb megjelen\u00edt\u00e9se<\/span>\n\n        \n        \n            <\/button>\n    \n\n<\/div><\/div><\/div>\n<\/section>","protected":false},"excerpt":{"rendered":"","protected":false},"author":1,"featured_media":0,"parent":0,"menu_order":0,"comment_status":"closed","ping_status":"closed","template":"","meta":{"_acf_changed":false,"_seopress_robots_primary_cat":"","_seopress_titles_title":"","_seopress_titles_desc":"","_seopress_robots_index":"","_breakdance_hide_in_design_set":false,"_breakdance_tags":"","footnotes":""},"class_list":["post-90","page","type-page","status-publish","format-standard","hentry"],"acf":[],"_links":{"self":[{"href":"https:\/\/harsanyipinceszet.hu\/en\/wp-json\/wp\/v2\/pages\/90","targetHints":{"allow":["GET"]}}],"collection":[{"href":"https:\/\/harsanyipinceszet.hu\/en\/wp-json\/wp\/v2\/pages"}],"about":[{"href":"https:\/\/harsanyipinceszet.hu\/en\/wp-json\/wp\/v2\/types\/page"}],"author":[{"embeddable":true,"href":"https:\/\/harsanyipinceszet.hu\/en\/wp-json\/wp\/v2\/users\/1"}],"replies":[{"embeddable":true,"href":"https:\/\/harsanyipinceszet.hu\/en\/wp-json\/wp\/v2\/comments?post=90"}],"version-history":[{"count":0,"href":"https:\/\/harsanyipinceszet.hu\/en\/wp-json\/wp\/v2\/pages\/90\/revisions"}],"wp:attachment":[{"href":"https:\/\/harsanyipinceszet.hu\/en\/wp-json\/wp\/v2\/media?parent=90"}],"curies":[{"name":"wp","href":"https:\/\/api.w.org\/{rel}","templated":true}]}}