{"id":94,"date":"2024-04-02T11:19:09","date_gmt":"2024-04-02T09:19:09","guid":{"rendered":"https:\/\/harsanyipinceszet.hu\/?page_id=94"},"modified":"2025-10-07T11:22:41","modified_gmt":"2025-10-07T09:22:41","slug":"csapatunk","status":"publish","type":"page","link":"https:\/\/harsanyipinceszet.hu\/en\/csapatunk\/","title":{"rendered":"Our Team"},"content":{"rendered":"<section class=\"bde-section-94-100 bde-section\">\n  \n  \n\t\n\n\n\n<div class=\"section-container\"><div class=\"bde-post-loop-94-101 bde-post-loop phox-facets-target phox-facets-target-default\"><div class=\"bde-loop bde-loop-grid ee-posts ee-posts-grid\">    <article class=\"bde-loop-item ee-post\">\n        <div class=\"bde-columns-862-123-802-862-1 bde-columns bde-columns-862-123\"><style>.breakdance .bde-column-862-124-802-862-1{background-image:url(https:\/\/harsanyipinceszet.hu\/wp-content\/uploads\/ildi-es-gabor-Harsanyi-Pinceszet-Tokaj-Boraszat-Bor-scaled.webp);background-size:cover;background-repeat:no-repeat;background-position:center center}<\/style><div class=\"bde-column-862-124-802-862-1 bde-column bde-column-862-124\">\n  \n  \n\t\n\n\n\n\n<\/div><style>.breakdance .bde-column-862-126-802-862-1{background-color:#a28c45}<\/style><div class=\"bde-column-862-126-802-862-1 bde-column bde-column-862-126\">\n  \n  \n\t\n\n\n\n<style>.breakdance .bde-heading-862-120-802-862-1{color:#1a1919}<\/style><h3 class=\"bde-heading-862-120-802-862-1 bde-heading bde-heading-862-120\">\nHars\u00e1nyi G\u00e1bor <br>and Hars\u00e1nyin\u00e9 Bod\u00f3czi Ildik\u00f3\n<\/h3><style>.breakdance .bde-text-862-121-802-862-1{color:#1a1919}<\/style><div class=\"bde-text-862-121-802-862-1 bde-text bde-text-862-121\">\nOwners\n<\/div>\n<\/div><\/div>    <\/article>\n<\/div>\r\n<\/div><div class=\"bde-post-loop-94-102 bde-post-loop phox-facets-target phox-facets-target-default\"><div class=\"bde-loop bde-loop-grid ee-posts ee-posts-grid\">    <article class=\"bde-loop-item ee-post\">\n        <div class=\"bde-columns-841-123-802-841-1 bde-columns bde-columns-841-123\"><style>.breakdance .bde-column-841-124-802-841-1{background-image:url(https:\/\/harsanyipinceszet.hu\/wp-content\/uploads\/ildi-es-gabor-Harsanyi-Pinceszet-Tokaj-Boraszat-Bor-scaled.webp);background-size:cover;background-repeat:no-repeat;background-position:center center}<\/style><div class=\"bde-column-841-124-802-841-1 bde-column bde-column-841-124\">\n  \n  \n\t\n\n\n\n\n<\/div><style>.breakdance .bde-column-841-126-802-841-1{background-color:#a28c45}<\/style><div class=\"bde-column-841-126-802-841-1 bde-column bde-column-841-126\">\n  \n  \n\t\n\n\n\n<style>.breakdance .bde-heading-841-120-802-841-1{color:#1a1919}<\/style><h3 class=\"bde-heading-841-120-802-841-1 bde-heading bde-heading-841-120\">\nHars\u00e1nyi G\u00e1bor <br>and Hars\u00e1nyin\u00e9 Bod\u00f3czi Ildik\u00f3\n<\/h3><style>.breakdance .bde-text-841-121-802-841-1{color:#1a1919}<\/style><div class=\"bde-text-841-121-802-841-1 bde-text bde-text-841-121\">\nOwners\n<\/div>\n<\/div><\/div>    <\/article>\n    <article class=\"bde-loop-item ee-post\">\n        <div class=\"bde-columns-841-123-807-841-1 bde-columns bde-columns-841-123\"><style>.breakdance .bde-column-841-124-807-841-1{background-image:url(https:\/\/harsanyipinceszet.hu\/wp-content\/uploads\/gabi-Harsanyi-Pinceszet-Tokaj-Boraszat-Bor.webp);background-size:cover;background-repeat:no-repeat;background-position:center center}<\/style><div class=\"bde-column-841-124-807-841-1 bde-column bde-column-841-124\">\n  \n  \n\t\n\n\n\n\n<\/div><style>.breakdance .bde-column-841-126-807-841-1{background-color:#e9e6de}<\/style><div class=\"bde-column-841-126-807-841-1 bde-column bde-column-841-126\">\n  \n  \n\t\n\n\n\n<style>.breakdance .bde-heading-841-120-807-841-1{color:#a28c45}<\/style><h3 class=\"bde-heading-841-120-807-841-1 bde-heading bde-heading-841-120\">\nMatisz G\u00e1bor\n<\/h3><style>.breakdance .bde-text-841-121-807-841-1{color:#a28c45}<\/style><div class=\"bde-text-841-121-807-841-1 bde-text bde-text-841-121\">\nEstate manager, viticulturist and winemaker\n<\/div>\n<\/div><\/div>    <\/article>\n    <article class=\"bde-loop-item ee-post\">\n        <div class=\"bde-columns-859-123-815-859-1 bde-columns bde-columns-859-123\"><style>.breakdance .bde-column-859-126-815-859-1{background-color:#e9e6de}<\/style><div class=\"bde-column-859-126-815-859-1 bde-column bde-column-859-126\">\n  \n  \n\t\n\n\n\n<style>.breakdance .bde-heading-859-120-815-859-1{color:#a28c45}<\/style><h3 class=\"bde-heading-859-120-815-859-1 bde-heading bde-heading-859-120\">\nPeremiczki-Czir\u00e1ky Ren\u00e1ta\n<\/h3><style>.breakdance .bde-text-859-121-815-859-1{color:#a28c45}<\/style><div class=\"bde-text-859-121-815-859-1 bde-text bde-text-859-121\">\nadministration\n<\/div>\n<\/div><style>.breakdance .bde-column-859-124-815-859-1{background-image:url(https:\/\/harsanyipinceszet.hu\/wp-content\/uploads\/reni-Harsanyi-Pinceszet-Tokaj-Boraszat-Bor.webp);background-size:cover;background-repeat:no-repeat;background-position:center center}<\/style><div class=\"bde-column-859-124-815-859-1 bde-column bde-column-859-124\">\n  \n  \n\t\n\n\n\n\n<\/div><\/div>    <\/article>\n    <article class=\"bde-loop-item ee-post\">\n        <div class=\"bde-columns-859-123-832-859-1 bde-columns bde-columns-859-123\"><style>.breakdance .bde-column-859-126-832-859-1{background-color:#1a1919}<\/style><div class=\"bde-column-859-126-832-859-1 bde-column bde-column-859-126\">\n  \n  \n\t\n\n\n\n<style>.breakdance .bde-heading-859-120-832-859-1{color:#a28c45}<\/style><h3 class=\"bde-heading-859-120-832-859-1 bde-heading bde-heading-859-120\">\nT\u00e1rnoki D\u00e1niel\n<\/h3><style>.breakdance .bde-text-859-121-832-859-1{color:#a28c45}<\/style><div class=\"bde-text-859-121-832-859-1 bde-text bde-text-859-121\">\nSales\n<\/div>\n<\/div><style>.breakdance .bde-column-859-124-832-859-1{background-image:url(https:\/\/harsanyipinceszet.hu\/wp-content\/uploads\/dani-Harsanyi-Pinceszet-Tokaj-Boraszat-Bor.webp);background-size:cover;background-repeat:no-repeat;background-position:center center}<\/style><div class=\"bde-column-859-124-832-859-1 bde-column bde-column-859-124\">\n  \n  \n\t\n\n\n\n\n<\/div><\/div>    <\/article>\n    <article class=\"bde-loop-item ee-post\">\n        <div class=\"bde-columns-841-123-836-841-1 bde-columns bde-columns-841-123\"><style>.breakdance .bde-column-841-124-836-841-1{background-image:url(https:\/\/harsanyipinceszet.hu\/wp-content\/uploads\/451986810_1021636086636384_7739918962987507623_n-1.webp);background-size:cover;background-repeat:no-repeat;background-position:center center}<\/style><div class=\"bde-column-841-124-836-841-1 bde-column bde-column-841-124\">\n  \n  \n\t\n\n\n\n\n<\/div><style>.breakdance .bde-column-841-126-836-841-1{background-color:#e9e6de}<\/style><div class=\"bde-column-841-126-836-841-1 bde-column bde-column-841-126\">\n  \n  \n\t\n\n\n\n<style>.breakdance .bde-heading-841-120-836-841-1{color:#a28c45}<\/style><h3 class=\"bde-heading-841-120-836-841-1 bde-heading bde-heading-841-120\">\nMokry Andr\u00e1s\n<\/h3><style>.breakdance .bde-text-841-121-836-841-1{color:#a28c45}<\/style><div class=\"bde-text-841-121-836-841-1 bde-text bde-text-841-121\">\nSales assistant\n<\/div>\n<\/div><\/div>    <\/article>\n    <article class=\"bde-loop-item ee-post\">\n        <div class=\"bde-columns-841-123-828-841-1 bde-columns bde-columns-841-123\"><style>.breakdance .bde-column-841-124-828-841-1{background-image:url(https:\/\/harsanyipinceszet.hu\/wp-content\/uploads\/Santa_Daniel.webp);background-size:cover;background-repeat:no-repeat;background-position:center center}<\/style><div class=\"bde-column-841-124-828-841-1 bde-column bde-column-841-124\">\n  \n  \n\t\n\n\n\n\n<\/div><style>.breakdance .bde-column-841-126-828-841-1{background-color:#1a1919}<\/style><div class=\"bde-column-841-126-828-841-1 bde-column bde-column-841-126\">\n  \n  \n\t\n\n\n\n<style>.breakdance .bde-heading-841-120-828-841-1{color:#a28c45}<\/style><h3 class=\"bde-heading-841-120-828-841-1 bde-heading bde-heading-841-120\">\nS\u00e1nta D\u00e1niel\n<\/h3><style>.breakdance .bde-text-841-121-828-841-1{color:#a28c45}<\/style><div class=\"bde-text-841-121-828-841-1 bde-text bde-text-841-121\">\nviticulture staff member\n<\/div>\n<\/div><\/div>    <\/article>\n<\/div>\r\n<\/div><div class=\"bde-post-loop-94-103 bde-post-loop phox-facets-target phox-facets-target-default\"><div class=\"bde-loop bde-loop-grid ee-posts ee-posts-grid\">    <article class=\"bde-loop-item ee-post\">\n        <div class=\"bde-columns-841-123-802-841-2 bde-columns bde-columns-841-123\"><style>.breakdance .bde-column-841-124-802-841-2{background-image:url(https:\/\/harsanyipinceszet.hu\/wp-content\/uploads\/ildi-es-gabor-Harsanyi-Pinceszet-Tokaj-Boraszat-Bor-scaled.webp);background-size:cover;background-repeat:no-repeat;background-position:center center}<\/style><div class=\"bde-column-841-124-802-841-2 bde-column bde-column-841-124\">\n  \n  \n\t\n\n\n\n\n<\/div><style>.breakdance .bde-column-841-126-802-841-2{background-color:#a28c45}<\/style><div class=\"bde-column-841-126-802-841-2 bde-column bde-column-841-126\">\n  \n  \n\t\n\n\n\n<style>.breakdance .bde-heading-841-120-802-841-2{color:#1a1919}<\/style><h3 class=\"bde-heading-841-120-802-841-2 bde-heading bde-heading-841-120\">\nHars\u00e1nyi G\u00e1bor <br>and Hars\u00e1nyin\u00e9 Bod\u00f3czi Ildik\u00f3\n<\/h3><style>.breakdance .bde-text-841-121-802-841-2{color:#1a1919}<\/style><div class=\"bde-text-841-121-802-841-2 bde-text bde-text-841-121\">\nOwners\n<\/div>\n<\/div><\/div>    <\/article>\n    <article class=\"bde-loop-item ee-post\">\n        <div class=\"bde-columns-859-123-807-859-1 bde-columns bde-columns-859-123\"><style>.breakdance .bde-column-859-126-807-859-1{background-color:#e9e6de}<\/style><div class=\"bde-column-859-126-807-859-1 bde-column bde-column-859-126\">\n  \n  \n\t\n\n\n\n<style>.breakdance .bde-heading-859-120-807-859-1{color:#a28c45}<\/style><h3 class=\"bde-heading-859-120-807-859-1 bde-heading bde-heading-859-120\">\nMatisz G\u00e1bor\n<\/h3><style>.breakdance .bde-text-859-121-807-859-1{color:#a28c45}<\/style><div class=\"bde-text-859-121-807-859-1 bde-text bde-text-859-121\">\nEstate manager, viticulturist and winemaker\n<\/div>\n<\/div><style>.breakdance .bde-column-859-124-807-859-1{background-image:url(https:\/\/harsanyipinceszet.hu\/wp-content\/uploads\/gabi-Harsanyi-Pinceszet-Tokaj-Boraszat-Bor.webp);background-size:cover;background-repeat:no-repeat;background-position:center center}<\/style><div class=\"bde-column-859-124-807-859-1 bde-column bde-column-859-124\">\n  \n  \n\t\n\n\n\n\n<\/div><\/div>    <\/article>\n    <article class=\"bde-loop-item ee-post\">\n        <div class=\"bde-columns-841-123-815-841-1 bde-columns bde-columns-841-123\"><style>.breakdance .bde-column-841-124-815-841-1{background-image:url(https:\/\/harsanyipinceszet.hu\/wp-content\/uploads\/reni-Harsanyi-Pinceszet-Tokaj-Boraszat-Bor.webp);background-size:cover;background-repeat:no-repeat;background-position:center center}<\/style><div class=\"bde-column-841-124-815-841-1 bde-column bde-column-841-124\">\n  \n  \n\t\n\n\n\n\n<\/div><style>.breakdance .bde-column-841-126-815-841-1{background-color:#e9e6de}<\/style><div class=\"bde-column-841-126-815-841-1 bde-column bde-column-841-126\">\n  \n  \n\t\n\n\n\n<style>.breakdance .bde-heading-841-120-815-841-1{color:#a28c45}<\/style><h3 class=\"bde-heading-841-120-815-841-1 bde-heading bde-heading-841-120\">\nPeremiczki-Czir\u00e1ky Ren\u00e1ta\n<\/h3><style>.breakdance .bde-text-841-121-815-841-1{color:#a28c45}<\/style><div class=\"bde-text-841-121-815-841-1 bde-text bde-text-841-121\">\nadministration\n<\/div>\n<\/div><\/div>    <\/article>\n    <article class=\"bde-loop-item ee-post\">\n        <div class=\"bde-columns-859-123-832-859-2 bde-columns bde-columns-859-123\"><style>.breakdance .bde-column-859-126-832-859-2{background-color:#1a1919}<\/style><div class=\"bde-column-859-126-832-859-2 bde-column bde-column-859-126\">\n  \n  \n\t\n\n\n\n<style>.breakdance .bde-heading-859-120-832-859-2{color:#a28c45}<\/style><h3 class=\"bde-heading-859-120-832-859-2 bde-heading bde-heading-859-120\">\nT\u00e1rnoki D\u00e1niel\n<\/h3><style>.breakdance .bde-text-859-121-832-859-2{color:#a28c45}<\/style><div class=\"bde-text-859-121-832-859-2 bde-text bde-text-859-121\">\nSales\n<\/div>\n<\/div><style>.breakdance .bde-column-859-124-832-859-2{background-image:url(https:\/\/harsanyipinceszet.hu\/wp-content\/uploads\/dani-Harsanyi-Pinceszet-Tokaj-Boraszat-Bor.webp);background-size:cover;background-repeat:no-repeat;background-position:center center}<\/style><div class=\"bde-column-859-124-832-859-2 bde-column bde-column-859-124\">\n  \n  \n\t\n\n\n\n\n<\/div><\/div>    <\/article>\n    <article class=\"bde-loop-item ee-post\">\n        <div class=\"bde-columns-841-123-836-841-2 bde-columns bde-columns-841-123\"><style>.breakdance .bde-column-841-124-836-841-2{background-image:url(https:\/\/harsanyipinceszet.hu\/wp-content\/uploads\/451986810_1021636086636384_7739918962987507623_n-1.webp);background-size:cover;background-repeat:no-repeat;background-position:center center}<\/style><div class=\"bde-column-841-124-836-841-2 bde-column bde-column-841-124\">\n  \n  \n\t\n\n\n\n\n<\/div><style>.breakdance .bde-column-841-126-836-841-2{background-color:#e9e6de}<\/style><div class=\"bde-column-841-126-836-841-2 bde-column bde-column-841-126\">\n  \n  \n\t\n\n\n\n<style>.breakdance .bde-heading-841-120-836-841-2{color:#a28c45}<\/style><h3 class=\"bde-heading-841-120-836-841-2 bde-heading bde-heading-841-120\">\nMokry Andr\u00e1s\n<\/h3><style>.breakdance .bde-text-841-121-836-841-2{color:#a28c45}<\/style><div class=\"bde-text-841-121-836-841-2 bde-text bde-text-841-121\">\nSales assistant\n<\/div>\n<\/div><\/div>    <\/article>\n    <article class=\"bde-loop-item ee-post\">\n        <div class=\"bde-columns-859-123-828-859-1 bde-columns bde-columns-859-123\"><style>.breakdance .bde-column-859-126-828-859-1{background-color:#1a1919}<\/style><div class=\"bde-column-859-126-828-859-1 bde-column bde-column-859-126\">\n  \n  \n\t\n\n\n\n<style>.breakdance .bde-heading-859-120-828-859-1{color:#a28c45}<\/style><h3 class=\"bde-heading-859-120-828-859-1 bde-heading bde-heading-859-120\">\nS\u00e1nta D\u00e1niel\n<\/h3><style>.breakdance .bde-text-859-121-828-859-1{color:#a28c45}<\/style><div class=\"bde-text-859-121-828-859-1 bde-text bde-text-859-121\">\nviticulture staff member\n<\/div>\n<\/div><style>.breakdance .bde-column-859-124-828-859-1{background-image:url(https:\/\/harsanyipinceszet.hu\/wp-content\/uploads\/Santa_Daniel.webp);background-size:cover;background-repeat:no-repeat;background-position:center center}<\/style><div class=\"bde-column-859-124-828-859-1 bde-column bde-column-859-124\">\n  \n  \n\t\n\n\n\n\n<\/div><\/div>    <\/article>\n<\/div>\r\n<\/div><div class=\"bde-image-94-104 bde-image\">\n<figure class=\"breakdance-image breakdance-image--339\">\n\t<div class=\"breakdance-image-container\">\n\t\t<div class=\"breakdance-image-clip\"><img loading=\"lazy\" decoding=\"async\" class=\"breakdance-image-object\" src=\"https:\/\/harsanyipinceszet.hu\/wp-content\/uploads\/level_Rajztabla-1-1.webp\" width=\"1000\" height=\"1051\" srcset=\"https:\/\/harsanyipinceszet.hu\/wp-content\/uploads\/level_Rajztabla-1-1.webp 1000w, https:\/\/harsanyipinceszet.hu\/wp-content\/uploads\/level_Rajztabla-1-1-285x300.webp 285w, https:\/\/harsanyipinceszet.hu\/wp-content\/uploads\/level_Rajztabla-1-1-974x1024.webp 974w, https:\/\/harsanyipinceszet.hu\/wp-content\/uploads\/level_Rajztabla-1-1-768x807.webp 768w, https:\/\/harsanyipinceszet.hu\/wp-content\/uploads\/level_Rajztabla-1-1-11x12.webp 11w, https:\/\/harsanyipinceszet.hu\/wp-content\/uploads\/level_Rajztabla-1-1-600x631.webp 600w\" sizes=\"auto, (max-width: 1000px) 100vw, 1000px\"><\/div>\n\t<\/div><\/figure>\n\n<\/div><div class=\"bde-image-94-105 bde-image\">\n<figure class=\"breakdance-image breakdance-image--339\">\n\t<div class=\"breakdance-image-container\">\n\t\t<div class=\"breakdance-image-clip\"><img loading=\"lazy\" decoding=\"async\" class=\"breakdance-image-object\" src=\"https:\/\/harsanyipinceszet.hu\/wp-content\/uploads\/level_Rajztabla-1-1-e1713772454966.webp\" width=\"1000\" height=\"1051\" srcset=\"https:\/\/harsanyipinceszet.hu\/wp-content\/uploads\/level_Rajztabla-1-1-e1713772454966.webp 1000w, https:\/\/harsanyipinceszet.hu\/wp-content\/uploads\/level_Rajztabla-1-1-e1713772454966-285x300.webp 285w, https:\/\/harsanyipinceszet.hu\/wp-content\/uploads\/level_Rajztabla-1-1-e1713772454966-974x1024.webp 974w, https:\/\/harsanyipinceszet.hu\/wp-content\/uploads\/level_Rajztabla-1-1-e1713772454966-768x807.webp 768w, https:\/\/harsanyipinceszet.hu\/wp-content\/uploads\/level_Rajztabla-1-1-e1713772454966-11x12.webp 11w, https:\/\/harsanyipinceszet.hu\/wp-content\/uploads\/level_Rajztabla-1-1-e1713772454966-600x631.webp 600w\" sizes=\"auto, (max-width: 1000px) 100vw, 1000px\"><\/div>\n\t<\/div><\/figure>\n\n<\/div><\/div>\n<\/section>","protected":false},"excerpt":{"rendered":"<p>Hars\u00e1nyi G\u00e1bor \u00e9s Hars\u00e1nyin\u00e9 Bod\u00f3czi Ildik\u00f3 Tulajdonosok Hars\u00e1nyi G\u00e1bor \u00e9s Hars\u00e1nyin\u00e9 Bod\u00f3czi Ildik\u00f3 Tulajdonosok Matisz G\u00e1bor Birtokigazgat\u00f3, sz\u0151l\u00e9sz \u00e9s bor\u00e1sz Peremiczki-Czir\u00e1ky Ren\u00e1ta adminisztr\u00e1ci\u00f3 T\u00e1rnoki D\u00e1niel \u00c9rt\u00e9kes\u00edt\u00e9s Mokry Andr\u00e1s \u00c9rt\u00e9kes\u00edt\u00e9si asszisztens S\u00e1nta D\u00e1niel sz\u0151l\u00e9szeti munkat\u00e1rs Hars\u00e1nyi G\u00e1bor \u00e9s Hars\u00e1nyin\u00e9 Bod\u00f3czi Ildik\u00f3 Tulajdonosok Matisz G\u00e1bor Birtokigazgat\u00f3, sz\u0151l\u00e9sz \u00e9s bor\u00e1sz Peremiczki-Czir\u00e1ky Ren\u00e1ta adminisztr\u00e1ci\u00f3 T\u00e1rnoki D\u00e1niel \u00c9rt\u00e9kes\u00edt\u00e9s Mokry Andr\u00e1s [&hellip;]<\/p>\n","protected":false},"author":1,"featured_media":0,"parent":0,"menu_order":0,"comment_status":"closed","ping_status":"closed","template":"","meta":{"_acf_changed":false,"_seopress_robots_primary_cat":"","_seopress_titles_title":"","_seopress_titles_desc":"","_seopress_robots_index":"","_breakdance_hide_in_design_set":false,"_breakdance_tags":"","footnotes":""},"class_list":["post-94","page","type-page","status-publish","format-standard","hentry"],"acf":[],"_links":{"self":[{"href":"https:\/\/harsanyipinceszet.hu\/en\/wp-json\/wp\/v2\/pages\/94","targetHints":{"allow":["GET"]}}],"collection":[{"href":"https:\/\/harsanyipinceszet.hu\/en\/wp-json\/wp\/v2\/pages"}],"about":[{"href":"https:\/\/harsanyipinceszet.hu\/en\/wp-json\/wp\/v2\/types\/page"}],"author":[{"embeddable":true,"href":"https:\/\/harsanyipinceszet.hu\/en\/wp-json\/wp\/v2\/users\/1"}],"replies":[{"embeddable":true,"href":"https:\/\/harsanyipinceszet.hu\/en\/wp-json\/wp\/v2\/comments?post=94"}],"version-history":[{"count":0,"href":"https:\/\/harsanyipinceszet.hu\/en\/wp-json\/wp\/v2\/pages\/94\/revisions"}],"wp:attachment":[{"href":"https:\/\/harsanyipinceszet.hu\/en\/wp-json\/wp\/v2\/media?parent=94"}],"curies":[{"name":"wp","href":"https:\/\/api.w.org\/{rel}","templated":true}]}}