{"id":98,"date":"2024-04-02T11:19:21","date_gmt":"2024-04-02T09:19:21","guid":{"rendered":"https:\/\/harsanyipinceszet.hu\/?page_id=98"},"modified":"2025-12-15T11:01:57","modified_gmt":"2025-12-15T10:01:57","slug":"kapcsolat","status":"publish","type":"page","link":"https:\/\/harsanyipinceszet.hu\/en\/kapcsolat\/","title":{"rendered":"Contact"},"content":{"rendered":"<section class=\"bde-section-98-100 bde-section\">\n  \n  \n\t\n\n\n\n<div class=\"section-container\"><div class=\"bde-columns-98-101 bde-columns\"><div class=\"bde-column-98-102 bde-column\">\n  \n  \n\t\n\n\n\n<div class=\"bde-image-98-103 bde-image\">\n<figure class=\"breakdance-image breakdance-image--1563\">\n\t<div class=\"breakdance-image-container\">\n\t\t<div class=\"breakdance-image-clip\"><img loading=\"lazy\" decoding=\"async\" class=\"breakdance-image-object\" src=\"https:\/\/harsanyipinceszet.hu\/wp-content\/uploads\/fooldal-elerhetoseg-kepcsere_sajat-tartalom-kis-meret-1.webp\" width=\"800\" height=\"534\" srcset=\"https:\/\/harsanyipinceszet.hu\/wp-content\/uploads\/fooldal-elerhetoseg-kepcsere_sajat-tartalom-kis-meret-1.webp 800w, https:\/\/harsanyipinceszet.hu\/wp-content\/uploads\/fooldal-elerhetoseg-kepcsere_sajat-tartalom-kis-meret-1-300x200.webp 300w, https:\/\/harsanyipinceszet.hu\/wp-content\/uploads\/fooldal-elerhetoseg-kepcsere_sajat-tartalom-kis-meret-1-768x513.webp 768w, https:\/\/harsanyipinceszet.hu\/wp-content\/uploads\/fooldal-elerhetoseg-kepcsere_sajat-tartalom-kis-meret-1-18x12.webp 18w, https:\/\/harsanyipinceszet.hu\/wp-content\/uploads\/fooldal-elerhetoseg-kepcsere_sajat-tartalom-kis-meret-1-60x40.webp 60w, https:\/\/harsanyipinceszet.hu\/wp-content\/uploads\/fooldal-elerhetoseg-kepcsere_sajat-tartalom-kis-meret-1-110x73.webp 110w, https:\/\/harsanyipinceszet.hu\/wp-content\/uploads\/fooldal-elerhetoseg-kepcsere_sajat-tartalom-kis-meret-1-600x401.webp 600w\" sizes=\"auto, (max-width: 800px) 100vw, 800px\"><\/div>\n\t<\/div><\/figure>\n\n<\/div>\n<\/div><div class=\"bde-column-98-104 bde-column\">\n  \n  \n\t\n\n\n\n<h2 class=\"bde-heading-98-105 bde-heading\">\n\u00cdrj nek\u00fcnk \u00fczenetet\n<\/h2><div class=\"bde-form-builder-98-163 bde-form-builder\">\n\n<form id=\"contact-form163\" class=\"breakdance-form breakdance-form--vertical\" data-options=\"{&quot;slug&quot;:&quot;custom&quot;,&quot;name&quot;:&quot;Contact Form&quot;,&quot;ajaxUrl&quot;:&quot;https:\\\/\\\/harsanyipinceszet.hu\\\/wp-admin\\\/admin-ajax.php&quot;,&quot;clearOnSuccess&quot;:true,&quot;hideOnSuccess&quot;:false,&quot;successMessage&quot;:&quot;Az \\u00fczeneted sikeresen elk\\u00fcldted!&quot;,&quot;errorMessage&quot;:&quot;Valami hiba t\\u00f6rt\\u00e9nt!&quot;,&quot;redirect&quot;:false,&quot;redirectUrl&quot;:&quot;&quot;,&quot;customJavaScript&quot;:&quot;&quot;,&quot;recaptcha&quot;:{&quot;key&quot;:&quot;6Lfib54pAAAAADqZ-8CQLC2PnwEPulTEK5PV4JgD&quot;,&quot;enabled&quot;:true},&quot;honeypot_enabled&quot;:true,&quot;popupsOnSuccess&quot;:[],&quot;popupsOnError&quot;:[]}\" data-steps=\"0\" >\n  \n  \n  \n<div class=\"breakdance-form-field breakdance-form-field--text\" >\n    \n    \n            <label class=\"breakdance-form-field__label\" for=\"name\">\n            N\u00e9v<span class=\"breakdance-form-field__required\">*<\/span>\n        <\/label>\n    \n    <input\n    class=\"breakdance-form-field__input\"\n    id=\"name\"\n    aria-describedby=\"name\"\n    type=\"text\"\n    name=\"fields[name]\"\n    placeholder=\"N\u00e9v\"\n    value=\"\"\n                \n        \n        \n    required\n    \n    \n    \n    \n    \n>\n\n\n    \n    \n<\/div>\n\n\n<div class=\"breakdance-form-field breakdance-form-field--email\" >\n    \n    \n            <label class=\"breakdance-form-field__label\" for=\"email\">\n            Email<span class=\"breakdance-form-field__required\">*<\/span>\n        <\/label>\n    \n    <input\n    class=\"breakdance-form-field__input\"\n    id=\"email\"\n    aria-describedby=\"email\"\n    type=\"email\"\n    name=\"fields[email]\"\n    placeholder=\"Email\"\n    value=\"\"\n                \n        \n        \n    required\n    \n    \n    \n    \n    \n>\n\n\n    \n    \n<\/div>\n\n\n<div class=\"breakdance-form-field breakdance-form-field--tel\" >\n    \n    \n            <label class=\"breakdance-form-field__label\" for=\"zlsxgf\">\n            Tel\n        <\/label>\n    \n    <input\n    class=\"breakdance-form-field__input\"\n    id=\"zlsxgf\"\n    aria-describedby=\"zlsxgf\"\n    type=\"tel\"\n    name=\"fields[zlsxgf]\"\n    placeholder=\"Tel\"\n    value=\"\"\n                \n        \n        \n    \n    \n    \n    \n    \n    \n>\n\n\n    \n    \n<\/div>\n\n\n<div class=\"breakdance-form-field breakdance-form-field--textarea\" >\n    \n    \n            <label class=\"breakdance-form-field__label\" for=\"message\">\n            \u00dczenet<span class=\"breakdance-form-field__required\">*<\/span>\n        <\/label>\n    \n    <textarea\n    class=\"breakdance-form-field__input\"\n    id=\"message\"\n    aria-describedby=\"message\"\n    type=\"textarea\"\n    name=\"fields[message]\"\n        placeholder=\"\u00dczenet\"\n    required\n    \n    \n    >\n<\/textarea>\n\n\n    \n    \n<\/div>\n\n\n<div class=\"breakdance-form-field breakdance-form-field--hpinput\" >\n    \n    \n            <label class=\"breakdance-form-field__label\" for=\"hpname\">\n            HP Name\n        <\/label>\n    \n    <input\n    class=\"breakdance-form-field__input\"\n    id=\"hpname\"\n    aria-describedby=\"hpname\"\n    type=\"hpinput\"\n    name=\"fields[hpname]\"\n    placeholder=\"\"\n    value=\"\"\n                \n        \n        \n    \n    autocomplete=\"off\"\n    tabindex=\"-1\"\n    \n    \n    \n>\n\n\n    \n    \n<\/div><div class=\"breakdance-form-field breakdance-form-footer\">    \n    \n    \n    \n    \n            \n            <button type=\"submit\" class=\"button-atom button-atom--primary breakdance-form-button breakdance-form-button__submit\"  >\n    \n        <span class=\"button-atom__text\">K\u00fcld\u00e9s<\/span>\n\n        \n        \n            <\/button>\n    \n    <input type=\"hidden\" name=\"form_id\" value=\"163\">\n    <input type=\"hidden\" name=\"post_id\" value=\"98\">\n<\/div>\n\n  \n<\/form>\n\n\n<\/div>\n<\/div><\/div><div class=\"bde-div-98-107 bde-div\">\n  \n  \n\t\n\n\n\n<h4 class=\"bde-heading-98-108 bde-heading\">\n\n<\/h4><a class=\"bde-text-link-98-109 bde-text-link breakdance-link\" href=\"tel:+36208847070\" target=\"_self\" data-type=\"contact\">\n  +36 20 884 7070\n\n<\/a><a class=\"bde-text-link-98-110 bde-text-link breakdance-link\" href=\"mailto:info@harsanyipinceszet.hu?subject=\u00c9rdekl\u0151d\u00e9s&amp;body=Tisztelt Hars\u00e1nyi Pinc\u00e9szet!&lt;br&gt;&lt;br&gt;...\" target=\"_self\" data-type=\"contact\">\n  info@harsanyipinceszet.hu\n\n<\/a><a class=\"bde-text-link-98-111 bde-text-link breakdance-link\" href=\"https:\/\/maps.app.goo.gl\/CWysXXm9bZ66CrWZ8\" target=\"_blank\" data-type=\"url\">\n  3950 S\u00e1rospatak, 0785\/1.\n\n<\/a>\n<\/div><\/div>\n<\/section><section class=\"bde-section-98-150 bde-section\">\n  \n  \n\t\n\n\n\n<div class=\"section-container\"><div class=\"bde-columns-98-151 bde-columns\"><div class=\"bde-column-98-152 bde-column\">\n  \n  \n\t\n\n\n\n<h2 class=\"bde-heading-98-153 bde-heading\">\nLel\u0151helyeink\n<\/h2><div class=\"bde-fancy-divider-98-154 bde-fancy-divider\">\n\n\n<div class=\"bde-fancy-divider__wrapper\">\n  <div class=\"bde-fancy-divider__separator   \">\n  \t  <\/div>\n<\/div>\n\n<\/div><div class=\"bde-text-98-155 bde-text\">\nKeres\u00e9s c\u00edm alapj\u00e1n\n<\/div><div class=\"bde-wpgbfacet-98-156 bde-wpgbfacet\"><div class=\"wpgb-facet wpgb-loading wpgb-facet-2\" data-facet=\"2\" data-grid=\"wpgb-content\"><\/div><\/div><div class=\"bde-post-loop-98-157 bde-post-loop phox-facets-target phox-facets-target-default wpgb-content\"><div class=\"bde-loop bde-loop-list ee-posts ee-posts-list\">    <article class=\"bde-loop-item ee-post\">\n        <div class=\"bde-div-643-104-1776-643-1 bde-div list-item-class bde-div-643-104\">\n  \n  \n\t\n\n\n\n<div class=\"bde-icon-643-103-1776-643-1 bde-icon bde-icon-643-103\">\n\n    \n            <div class=\"bde-icon-icon breakdance-icon-atom\" >\n    \n                    <svg xmlns=\"http:\/\/www.w3.org\/2000\/svg\" viewBox=\"0 0 384 512\"><!-- Font Awesome Free 5.15.1 by @fontawesome - https:\/\/fontawesome.com License - https:\/\/fontawesome.com\/license\/free (Icons: CC BY 4.0, Fonts: SIL OFL 1.1, Code: MIT License) --><path d=\"M172.268 501.67C26.97 291.031 0 269.413 0 192 0 85.961 85.961 0 192 0s192 85.961 192 192c0 77.413-26.97 99.031-172.268 309.67-9.535 13.774-29.93 13.773-39.464 0zM192 272c44.183 0 80-35.817 80-80s-35.817-80-80-80-80 35.817-80 80 35.817 80 80 80z\"\/><\/svg>\n        \n        \n        \n            <\/div>\n    \n\n\n<\/div><div class=\"bde-div-643-105-1776-643-1 bde-div bde-div-643-105\">\n  \n  \n\t\n\n\n\n<div class=\"bde-text-643-106-1776-643-1 bde-text wpgb-map-marker-title bde-text-643-106\">\nAranyb\u00e1stya &#8211; Panor\u00e1ma \u00c9tterem\n<\/div><div class=\"bde-text-643-107-1776-643-1 bde-text wpgb-map-marker-content bde-text-643-107\">\nBudapest, Buda Castle, Cs\u00f3nak u. 1, 1015\n<\/div>\n<\/div>\n<\/div>    <\/article>\n    <article class=\"bde-loop-item ee-post\">\n        <div class=\"bde-div-643-104-2537-643-1 bde-div list-item-class bde-div-643-104\">\n  \n  \n\t\n\n\n\n<div class=\"bde-icon-643-103-2537-643-1 bde-icon bde-icon-643-103\">\n\n    \n            <div class=\"bde-icon-icon breakdance-icon-atom\" >\n    \n                    <svg xmlns=\"http:\/\/www.w3.org\/2000\/svg\" viewBox=\"0 0 384 512\"><!-- Font Awesome Free 5.15.1 by @fontawesome - https:\/\/fontawesome.com License - https:\/\/fontawesome.com\/license\/free (Icons: CC BY 4.0, Fonts: SIL OFL 1.1, Code: MIT License) --><path d=\"M172.268 501.67C26.97 291.031 0 269.413 0 192 0 85.961 85.961 0 192 0s192 85.961 192 192c0 77.413-26.97 99.031-172.268 309.67-9.535 13.774-29.93 13.773-39.464 0zM192 272c44.183 0 80-35.817 80-80s-35.817-80-80-80-80 35.817-80 80 35.817 80 80 80z\"\/><\/svg>\n        \n        \n        \n            <\/div>\n    \n\n\n<\/div><div class=\"bde-div-643-105-2537-643-1 bde-div bde-div-643-105\">\n  \n  \n\t\n\n\n\n<div class=\"bde-text-643-106-2537-643-1 bde-text wpgb-map-marker-title bde-text-643-106\">\nBor \u00e9s Kult\u00fara\n<\/div><div class=\"bde-text-643-107-2537-643-1 bde-text wpgb-map-marker-content bde-text-643-107\">\nGutenberg utca 10. Szeged 6722\n<\/div>\n<\/div>\n<\/div>    <\/article>\n    <article class=\"bde-loop-item ee-post\">\n        <div class=\"bde-div-643-104-1779-643-1 bde-div list-item-class bde-div-643-104\">\n  \n  \n\t\n\n\n\n<div class=\"bde-icon-643-103-1779-643-1 bde-icon bde-icon-643-103\">\n\n    \n            <div class=\"bde-icon-icon breakdance-icon-atom\" >\n    \n                    <svg xmlns=\"http:\/\/www.w3.org\/2000\/svg\" viewBox=\"0 0 384 512\"><!-- Font Awesome Free 5.15.1 by @fontawesome - https:\/\/fontawesome.com License - https:\/\/fontawesome.com\/license\/free (Icons: CC BY 4.0, Fonts: SIL OFL 1.1, Code: MIT License) --><path d=\"M172.268 501.67C26.97 291.031 0 269.413 0 192 0 85.961 85.961 0 192 0s192 85.961 192 192c0 77.413-26.97 99.031-172.268 309.67-9.535 13.774-29.93 13.773-39.464 0zM192 272c44.183 0 80-35.817 80-80s-35.817-80-80-80-80 35.817-80 80 35.817 80 80 80z\"\/><\/svg>\n        \n        \n        \n            <\/div>\n    \n\n\n<\/div><div class=\"bde-div-643-105-1779-643-1 bde-div bde-div-643-105\">\n  \n  \n\t\n\n\n\n<div class=\"bde-text-643-106-1779-643-1 bde-text wpgb-map-marker-title bde-text-643-106\">\nBorrosta, a BorBeer Shop\n<\/div><div class=\"bde-text-643-107-1779-643-1 bde-text wpgb-map-marker-content bde-text-643-107\">\nBudapest, Halomi \u00fat 31, 1182\n<\/div>\n<\/div>\n<\/div>    <\/article>\n    <article class=\"bde-loop-item ee-post\">\n        <div class=\"bde-div-643-104-1761-643-1 bde-div list-item-class bde-div-643-104\">\n  \n  \n\t\n\n\n\n<div class=\"bde-icon-643-103-1761-643-1 bde-icon bde-icon-643-103\">\n\n    \n            <div class=\"bde-icon-icon breakdance-icon-atom\" >\n    \n                    <svg xmlns=\"http:\/\/www.w3.org\/2000\/svg\" viewBox=\"0 0 384 512\"><!-- Font Awesome Free 5.15.1 by @fontawesome - https:\/\/fontawesome.com License - https:\/\/fontawesome.com\/license\/free (Icons: CC BY 4.0, Fonts: SIL OFL 1.1, Code: MIT License) --><path d=\"M172.268 501.67C26.97 291.031 0 269.413 0 192 0 85.961 85.961 0 192 0s192 85.961 192 192c0 77.413-26.97 99.031-172.268 309.67-9.535 13.774-29.93 13.773-39.464 0zM192 272c44.183 0 80-35.817 80-80s-35.817-80-80-80-80 35.817-80 80 35.817 80 80 80z\"\/><\/svg>\n        \n        \n        \n            <\/div>\n    \n\n\n<\/div><div class=\"bde-div-643-105-1761-643-1 bde-div bde-div-643-105\">\n  \n  \n\t\n\n\n\n<div class=\"bde-text-643-106-1761-643-1 bde-text wpgb-map-marker-title bde-text-643-106\">\nBortodoor City\n<\/div><div class=\"bde-text-643-107-1761-643-1 bde-text wpgb-map-marker-content bde-text-643-107\">\n1066 Budapest, Zichy Jen\u0151 utca 32\n<\/div>\n<\/div>\n<\/div>    <\/article>\n    <article class=\"bde-loop-item ee-post\">\n        <div class=\"bde-div-643-104-1782-643-1 bde-div list-item-class bde-div-643-104\">\n  \n  \n\t\n\n\n\n<div class=\"bde-icon-643-103-1782-643-1 bde-icon bde-icon-643-103\">\n\n    \n            <div class=\"bde-icon-icon breakdance-icon-atom\" >\n    \n                    <svg xmlns=\"http:\/\/www.w3.org\/2000\/svg\" viewBox=\"0 0 384 512\"><!-- Font Awesome Free 5.15.1 by @fontawesome - https:\/\/fontawesome.com License - https:\/\/fontawesome.com\/license\/free (Icons: CC BY 4.0, Fonts: SIL OFL 1.1, Code: MIT License) --><path d=\"M172.268 501.67C26.97 291.031 0 269.413 0 192 0 85.961 85.961 0 192 0s192 85.961 192 192c0 77.413-26.97 99.031-172.268 309.67-9.535 13.774-29.93 13.773-39.464 0zM192 272c44.183 0 80-35.817 80-80s-35.817-80-80-80-80 35.817-80 80 35.817 80 80 80z\"\/><\/svg>\n        \n        \n        \n            <\/div>\n    \n\n\n<\/div><div class=\"bde-div-643-105-1782-643-1 bde-div bde-div-643-105\">\n  \n  \n\t\n\n\n\n<div class=\"bde-text-643-106-1782-643-1 bde-text wpgb-map-marker-title bde-text-643-106\">\nBorudvar\n<\/div><div class=\"bde-text-643-107-1782-643-1 bde-text wpgb-map-marker-content bde-text-643-107\">\nS\u00e1toralja\u00fajhely, \u00c1rp\u00e1d u. 25, 3980\n<\/div>\n<\/div>\n<\/div>    <\/article>\n<\/div>\r\n<\/div><div class=\"bde-div-98-161 bde-div\">\n  \n  \n\t\n\n\n\n<div class=\"bde-wpgbfacet-98-160 bde-wpgbfacet\"><div class=\"wpgb-facet wpgb-loading wpgb-facet-20\" data-facet=\"20\" data-grid=\"wpgb-content\"><\/div><\/div>\n<\/div>\n<\/div><div class=\"bde-column-98-158 bde-column\">\n  \n  \n\t\n\n\n\n<div class=\"bde-shortcode-98-159 bde-shortcode\"><div class=\"wpgb-facet wpgb-loading wpgb-facet-1\" data-facet=\"1\" data-grid=\"wpgb-content\"><\/div><\/div>\n<\/div><\/div><\/div>\n<\/section><section class=\"bde-section-98-119 bde-section\">\n  \n  \n\t\n\n\n\n<div class=\"section-container\"><h2 class=\"bde-heading-98-135 bde-heading\">\nEl\u00e9rhet\u0151s\u00e9gek\n<\/h2><div class=\"bde-fancy-divider-98-136 bde-fancy-divider\">\n\n\n<div class=\"bde-fancy-divider__wrapper\">\n  <div class=\"bde-fancy-divider__separator   \">\n  \t  <\/div>\n<\/div>\n\n<\/div><div class=\"bde-columns-98-120 bde-columns\"><div class=\"bde-column-98-121 bde-column\">\n  \n  \n\t\n\n\n\n<div class=\"bde-div-98-122 bde-div\">\n  \n  \n\t\n\n\n\n<h5 class=\"bde-heading-98-123 bde-heading\">\n\u00c9rt\u00e9kes\u00edt\u00e9s - T\u00e1rnoki D\u00e1niel\n<\/h5><ul class=\"bde-basic-list-98-128 bde-basic-list\">\n  <li class='bde-basic-list-item-with-link' >    \n                  \n            \n            \n\n    \n    \n    \n    \n    \n    <a class=\"breakdance-link\" href=\"tel:+36 20 279 4737\" target=\"_self\" data-type=\"contact\"  >\n\n          <strong>[T]:<\/strong> +36 20 279 4737\n              <\/a>\n\n      <\/li>\n  <li class='bde-basic-list-item-with-link' >    \n                  \n            \n            \n\n    \n    \n    \n    \n    \n    <a class=\"breakdance-link\" href=\"mailto:info@harsanyipinceszet.hu?subject=&body=\" target=\"_self\" data-type=\"contact\"  >\n\n          <strong>[E]:<\/strong> info@harsanyipinceszet.hu\n              <\/a>\n\n      <\/li>\n  <li class='bde-basic-list-item-with-link' >    \n                  \n            \n            \n\n    \n    \n    \n    \n    \n    <a class=\"breakdance-link\" href=\"https:\/\/maps.app.goo.gl\/FZTxFHZSpsHwCQwB9\" target=\"_blank\" data-type=\"url\"  >\n\n          <strong>[C]:<\/strong> Budapest, 16. ker\u00fclet\n              <\/a>\n\n      <\/li>\n<\/ul>\n<\/div>\n<\/div><div class=\"bde-column-98-125 bde-column\">\n  \n  \n\t\n\n\n\n<div class=\"bde-div-98-126 bde-div\">\n  \n  \n\t\n\n\n\n<h5 class=\"bde-heading-98-127 bde-heading\">\nSz\u00e1ll\u00edt\u00e1s - Mokry Andr\u00e1s\n<\/h5><ul class=\"bde-basic-list-98-137 bde-basic-list\">\n  <li class='bde-basic-list-item-with-link' >    \n                  \n            \n            \n\n    \n    \n    \n    \n    \n    <a class=\"breakdance-link\" href=\"tel:+36 70 442 6146\" target=\"_self\" data-type=\"contact\"  >\n\n          <strong>[T]:<\/strong> +36 70 442 6146\n              <\/a>\n\n      <\/li>\n  <li class='bde-basic-list-item-with-link' >    \n                  \n            \n            \n\n    \n    \n    \n    \n    \n    <a class=\"breakdance-link\" href=\"mailto:mokry.andras@harsanyipinceszet.hu?subject=&body=\" target=\"_self\" data-type=\"contact\"  >\n\n          <strong>[E]:<\/strong> mokry.andras@harsanyipinceszet.hu\n              <\/a>\n\n      <\/li>\n  <li class='bde-basic-list-item-with-link' >    \n                  \n            \n            \n\n    \n    \n    \n    \n    \n    <a class=\"breakdance-link\" href=\"https:\/\/maps.app.goo.gl\/FZTxFHZSpsHwCQwB9\" target=\"_blank\" data-type=\"url\"  >\n\n          <strong>[C]:<\/strong> Budapest, 16. ker\u00fclet\n              <\/a>\n\n      <\/li>\n<\/ul>\n<\/div>\n<\/div><div class=\"bde-column-98-129 bde-column\">\n  \n  \n\t\n\n\n\n<div class=\"bde-div-98-130 bde-div\">\n  \n  \n\t\n\n\n\n<h5 class=\"bde-heading-98-131 bde-heading\">\nAdminisztr\u00e1ci\u00f3 - Peremiczki-Czir\u00e1ky Ren\u00e1ta\n<\/h5><ul class=\"bde-basic-list-98-124 bde-basic-list\">\n  <li class='bde-basic-list-item-with-link' >    \n                  \n            \n            \n\n    \n    \n    \n    \n    \n    <a class=\"breakdance-link\" href=\"tel:+36 30 183 9253\" target=\"_self\" data-type=\"contact\"  >\n\n          <strong>[T]:<\/strong> +36 20 226 9568\n              <\/a>\n\n      <\/li>\n  <li class='bde-basic-list-item-with-link' >    \n                  \n            \n            \n\n    \n    \n    \n    \n    \n    <a class=\"breakdance-link\" href=\"mailto:cziraky.renata@harsanyipinceszet.hu?subject=&body=\" target=\"_self\" data-type=\"contact\"  >\n\n          <strong>[E]:<\/strong> cziraky.renata@harsanyipinceszet.hu\n              <\/a>\n\n      <\/li>\n  <li class='bde-basic-list-item-with-link' >    \n                  \n            \n            \n\n    \n    \n    \n    \n    \n    <a class=\"breakdance-link\" href=\"https:\/\/maps.app.goo.gl\/4jDkqLhsdzS9rzCNA\" target=\"_blank\" data-type=\"url\"  >\n\n          <strong>[C]:<\/strong> 3950 S\u00e1rospatak, hrsz. 0785\/1.\n              <\/a>\n\n      <\/li>\n<\/ul>\n<\/div>\n<\/div><\/div><div class=\"bde-image-98-138 bde-image\">\n<figure class=\"breakdance-image breakdance-image--339\">\n\t<div class=\"breakdance-image-container\">\n\t\t<div class=\"breakdance-image-clip\"><img loading=\"lazy\" decoding=\"async\" class=\"breakdance-image-object\" src=\"https:\/\/harsanyipinceszet.hu\/wp-content\/uploads\/level_Rajztabla-1-1-e1713772454966.webp\" width=\"1000\" height=\"1051\" srcset=\"https:\/\/harsanyipinceszet.hu\/wp-content\/uploads\/level_Rajztabla-1-1-e1713772454966.webp 1000w, https:\/\/harsanyipinceszet.hu\/wp-content\/uploads\/level_Rajztabla-1-1-e1713772454966-285x300.webp 285w, https:\/\/harsanyipinceszet.hu\/wp-content\/uploads\/level_Rajztabla-1-1-e1713772454966-974x1024.webp 974w, https:\/\/harsanyipinceszet.hu\/wp-content\/uploads\/level_Rajztabla-1-1-e1713772454966-768x807.webp 768w, https:\/\/harsanyipinceszet.hu\/wp-content\/uploads\/level_Rajztabla-1-1-e1713772454966-11x12.webp 11w, https:\/\/harsanyipinceszet.hu\/wp-content\/uploads\/level_Rajztabla-1-1-e1713772454966-600x631.webp 600w\" sizes=\"auto, (max-width: 1000px) 100vw, 1000px\"><\/div>\n\t<\/div><\/figure>\n\n<\/div><\/div>\n<\/section>","protected":false},"excerpt":{"rendered":"<p>\u00cdrj nek\u00fcnk \u00fczenetet N\u00e9v* Email* Tel \u00dczenet* HP Name K\u00fcld\u00e9s +36 20 884 7070 info@harsanyipinceszet.hu 3950 S\u00e1rospatak, 0785\/1. Lel\u0151helyeink Keres\u00e9s c\u00edm alapj\u00e1n Aranyb\u00e1stya &#8211; Panor\u00e1ma \u00c9tterem Budapest, Buda Castle, Cs\u00f3nak u. 1, 1015 Bor \u00e9s Kult\u00fara Gutenberg utca 10. Szeged 6722 Borrosta, a BorBeer Shop Budapest, Halomi \u00fat 31, 1182 Bortodoor City 1066 Budapest, Zichy [&hellip;]<\/p>\n","protected":false},"author":1,"featured_media":0,"parent":0,"menu_order":0,"comment_status":"closed","ping_status":"closed","template":"","meta":{"_acf_changed":false,"_seopress_robots_primary_cat":"","_seopress_titles_title":"","_seopress_titles_desc":"","_seopress_robots_index":"","_breakdance_hide_in_design_set":false,"_breakdance_tags":"","footnotes":""},"class_list":["post-98","page","type-page","status-publish","format-standard","hentry"],"acf":[],"_links":{"self":[{"href":"https:\/\/harsanyipinceszet.hu\/en\/wp-json\/wp\/v2\/pages\/98","targetHints":{"allow":["GET"]}}],"collection":[{"href":"https:\/\/harsanyipinceszet.hu\/en\/wp-json\/wp\/v2\/pages"}],"about":[{"href":"https:\/\/harsanyipinceszet.hu\/en\/wp-json\/wp\/v2\/types\/page"}],"author":[{"embeddable":true,"href":"https:\/\/harsanyipinceszet.hu\/en\/wp-json\/wp\/v2\/users\/1"}],"replies":[{"embeddable":true,"href":"https:\/\/harsanyipinceszet.hu\/en\/wp-json\/wp\/v2\/comments?post=98"}],"version-history":[{"count":0,"href":"https:\/\/harsanyipinceszet.hu\/en\/wp-json\/wp\/v2\/pages\/98\/revisions"}],"wp:attachment":[{"href":"https:\/\/harsanyipinceszet.hu\/en\/wp-json\/wp\/v2\/media?parent=98"}],"curies":[{"name":"wp","href":"https:\/\/api.w.org\/{rel}","templated":true}]}}