{"id":1185,"date":"2024-06-07T10:31:47","date_gmt":"2024-06-07T08:31:47","guid":{"rendered":"https:\/\/harsanyipinceszet.hu\/?post_type=product&#038;p=1185"},"modified":"2026-03-02T08:52:56","modified_gmt":"2026-03-02T07:52:56","slug":"habcsok-2024","status":"publish","type":"product","link":"https:\/\/harsanyipinceszet.hu\/en\/termek\/habcsok-2024\/","title":{"rendered":"Habcs\u00f3k 2024"},"content":{"rendered":"<div>\n<p>Sz\u00edne halv\u00e1nys\u00e1rga \u00e1rnyalatban ragyog, amelyet finom, tart\u00f3s bubor\u00e9kok eg\u00e9sz\u00edtenek ki, tov\u00e1bb fokozva frissess\u00e9g\u00e9t. Illat\u00e1ban \u00e9l\u00e9nk gy\u00fcm\u00f6lcs\u00f6s jegyek \u00e9s finom feh\u00e9r vir\u00e1gok jelennek meg, \u00e9rett sz\u0151l\u0151arom\u00e1kkal al\u00e1t\u00e1masztva, egy leheletnyi \u00e1sv\u00e1nyos \u00e9rint\u00e9ssel k\u00eds\u00e9rve.<\/p>\n<\/div>\n<div>\n<p>K\u00f3stolva az \u00e9l\u00e9nk gy\u00f6ngy\u00f6z\u00e9s kiemeli friss sav\u00e9rzet\u00e9t, \u00e9s visszahozza az illatban m\u00e1r megjelen\u0151 gy\u00fcm\u00f6lcs\u00f6s \u00e9s vir\u00e1gos arom\u00e1kat. K\u00f6nnyed, eleg\u00e1ns szerkezet\u00e9t ropog\u00f3s lecseng\u00e9s z\u00e1rja, enyhe \u00e1sv\u00e1nyoss\u00e1ggal \u00e9s hosszan megmarad\u00f3, kellemes fanyars\u00e1ggal. Ez a habz\u00f3 cuv\u00e9e kifinomult, m\u00e9gis j\u00e1t\u00e9kos bor\u00e9lm\u00e9nyt ny\u00fajt.<\/p>\n<\/div>\n<div>\n<p>7\u20138 \u00b0C-ra h\u0171tve kiv\u00e1l\u00f3 v\u00e1laszt\u00e1s kecskesajtokhoz \u00e9s m\u00e1s s\u00f3s sajtok mell\u00e9.<\/p>\n<\/div>","protected":false},"excerpt":{"rendered":"<p>Egy \u00e9l\u00e9nk habz\u00f3bor, amely a Furmint ropog\u00f3s karakter\u00e9t, a S\u00e1rgamuskot\u00e1ly parf\u00fcm\u00f6ss\u00e9g\u00e9t, \u00e9s a H\u00e1rslevel\u0171 vir\u00e1gos eleganci\u00e1j\u00e1t foglalja mag\u00e1ba.<\/p>","protected":false},"featured_media":2399,"comment_status":"closed","ping_status":"closed","template":"","format":"standard","meta":{"_acf_changed":false,"_seopress_robots_primary_cat":"none","_seopress_titles_title":"","_seopress_titles_desc":"","_seopress_robots_index":""},"product_brand":[],"product_cat":[48,163],"product_tag":[51,54,132,53,131,52],"class_list":{"0":"post-1185","1":"product","2":"type-product","3":"status-publish","4":"format-standard","5":"has-post-thumbnail","7":"product_cat-bor","8":"product_cat-habzobor","9":"product_tag-buborekos","10":"product_tag-furmint","11":"product_tag-harslevelu","12":"product_tag-reduktiv","13":"product_tag-sargamuskotaly","14":"product_tag-szaraz","15":"product_shipping_class-torekeny","16":"pa_borfajta-furmint","17":"pa_borfajta-harslevelu","18":"pa_borfajta-sargamuskotaly","19":"pa_dulo-elnevezese-ciroka","20":"pa_dulo-elnevezese-kiralyhegy","21":"pa_dulo-elnevezese-megyer","22":"pa_evjarat-250","24":"first","25":"instock","26":"taxable","27":"shipping-taxable","28":"purchasable","29":"product-type-simple"},"acf":[],"_links":{"self":[{"href":"https:\/\/harsanyipinceszet.hu\/en\/wp-json\/wp\/v2\/product\/1185","targetHints":{"allow":["GET"]}}],"collection":[{"href":"https:\/\/harsanyipinceszet.hu\/en\/wp-json\/wp\/v2\/product"}],"about":[{"href":"https:\/\/harsanyipinceszet.hu\/en\/wp-json\/wp\/v2\/types\/product"}],"replies":[{"embeddable":true,"href":"https:\/\/harsanyipinceszet.hu\/en\/wp-json\/wp\/v2\/comments?post=1185"}],"wp:featuredmedia":[{"embeddable":true,"href":"https:\/\/harsanyipinceszet.hu\/en\/wp-json\/wp\/v2\/media\/2399"}],"wp:attachment":[{"href":"https:\/\/harsanyipinceszet.hu\/en\/wp-json\/wp\/v2\/media?parent=1185"}],"wp:term":[{"taxonomy":"product_brand","embeddable":true,"href":"https:\/\/harsanyipinceszet.hu\/en\/wp-json\/wp\/v2\/product_brand?post=1185"},{"taxonomy":"product_cat","embeddable":true,"href":"https:\/\/harsanyipinceszet.hu\/en\/wp-json\/wp\/v2\/product_cat?post=1185"},{"taxonomy":"product_tag","embeddable":true,"href":"https:\/\/harsanyipinceszet.hu\/en\/wp-json\/wp\/v2\/product_tag?post=1185"}],"curies":[{"name":"wp","href":"https:\/\/api.w.org\/{rel}","templated":true}]}}