{"id":1219,"date":"2024-06-07T12:09:40","date_gmt":"2024-06-07T10:09:40","guid":{"rendered":"https:\/\/harsanyipinceszet.hu\/?post_type=product&#038;p=1219"},"modified":"2026-05-07T15:02:10","modified_gmt":"2026-05-07T13:02:10","slug":"huss-2025","status":"publish","type":"product","link":"https:\/\/harsanyipinceszet.hu\/en\/termek\/huss-2025\/","title":{"rendered":"Huss! 2025 BIO"},"content":{"rendered":"<p>Illat\u00e1ban intenz\u00edv vir\u00e1gos \u00e9s sz\u0151l\u0151s jegyek bontakoznak ki, m\u00edg kortyban a gy\u00fcm\u00f6lcs\u00f6s k\u00f6nnyeds\u00e9get \u00e9l\u00e9nk, vibr\u00e1l\u00f3 savak k\u00eds\u00e9rik. A finoman jelen l\u00e9v\u0151 marad\u00e9kcukor kellemes kereks\u00e9get ad a bornak, amely \u00edgy egyszerre friss\u00edt\u0151 \u00e9s bar\u00e1ts\u00e1gosan gy\u00fcm\u00f6lcs\u00f6s. Kiv\u00e1l\u00f3 v\u00e1laszt\u00e1s grillezett sz\u00e1rnyasok, k\u00f6nnyed sal\u00e1t\u00e1k, hal\u00e9telek vagy friss sajtok mell\u00e9.<\/p>","protected":false},"excerpt":{"rendered":"<p>A 2025-\u00f6s sz\u00e1raz Huss! friss, \u00fcde \u00e9s lend\u00fcletes karakter\u00e9vel h\u00edvja fel mag\u00e1ra a figyelmet.<\/p>","protected":false},"featured_media":1566,"comment_status":"closed","ping_status":"closed","template":"","format":"standard","meta":{"_acf_changed":false,"_seopress_robots_primary_cat":"","_seopress_titles_title":"","_seopress_titles_desc":"","_seopress_robots_index":""},"product_brand":[],"product_cat":[48],"product_tag":[53,131,52,129],"class_list":{"0":"post-1219","1":"product","2":"type-product","3":"status-publish","4":"format-standard","5":"has-post-thumbnail","7":"product_cat-bor","8":"product_tag-reduktiv","9":"product_tag-sargamuskotaly","10":"product_tag-szaraz","11":"product_tag-tokaj","12":"product_shipping_class-torekeny","13":"pa_borfajta-sargamuskotaly","14":"pa_dulo-elnevezese-ciroka","15":"pa_dulo-elnevezese-kiralyhegy","16":"pa_dulo-elnevezese-megyer","17":"pa_evjarat-284","19":"first","20":"instock","21":"taxable","22":"shipping-taxable","23":"purchasable","24":"product-type-simple"},"acf":[],"_links":{"self":[{"href":"https:\/\/harsanyipinceszet.hu\/en\/wp-json\/wp\/v2\/product\/1219","targetHints":{"allow":["GET"]}}],"collection":[{"href":"https:\/\/harsanyipinceszet.hu\/en\/wp-json\/wp\/v2\/product"}],"about":[{"href":"https:\/\/harsanyipinceszet.hu\/en\/wp-json\/wp\/v2\/types\/product"}],"replies":[{"embeddable":true,"href":"https:\/\/harsanyipinceszet.hu\/en\/wp-json\/wp\/v2\/comments?post=1219"}],"wp:featuredmedia":[{"embeddable":true,"href":"https:\/\/harsanyipinceszet.hu\/en\/wp-json\/wp\/v2\/media\/1566"}],"wp:attachment":[{"href":"https:\/\/harsanyipinceszet.hu\/en\/wp-json\/wp\/v2\/media?parent=1219"}],"wp:term":[{"taxonomy":"product_brand","embeddable":true,"href":"https:\/\/harsanyipinceszet.hu\/en\/wp-json\/wp\/v2\/product_brand?post=1219"},{"taxonomy":"product_cat","embeddable":true,"href":"https:\/\/harsanyipinceszet.hu\/en\/wp-json\/wp\/v2\/product_cat?post=1219"},{"taxonomy":"product_tag","embeddable":true,"href":"https:\/\/harsanyipinceszet.hu\/en\/wp-json\/wp\/v2\/product_tag?post=1219"}],"curies":[{"name":"wp","href":"https:\/\/api.w.org\/{rel}","templated":true}]}}