{"id":1315,"date":"2024-06-07T13:58:49","date_gmt":"2024-06-07T11:58:49","guid":{"rendered":"https:\/\/harsanyipinceszet.hu\/?post_type=product&#038;p=1315"},"modified":"2026-02-27T14:47:59","modified_gmt":"2026-02-27T13:47:59","slug":"aszutorkoly","status":"publish","type":"product","link":"https:\/\/harsanyipinceszet.hu\/en\/termek\/aszutorkoly\/","title":{"rendered":"Asz\u00fa-marc-p\u00e1linka"},"content":{"rendered":"","protected":false},"excerpt":{"rendered":"<p>Our asz\u00fat\u00f6rk\u00f6ly is soft and extremely fragrant. This Tokaj speciality is, like our asz\u00fa, an expert at crowning special occasions. It is long-lasting and, when tasted with the eyes closed, it transports you to Tokaj-Hegyalja, to the shores of the Bodrog.<\/p>","protected":false},"featured_media":1318,"comment_status":"closed","ping_status":"closed","template":"","format":"standard","meta":{"_acf_changed":false,"_seopress_robots_primary_cat":"none","_seopress_titles_title":"","_seopress_titles_desc":"","_seopress_robots_index":""},"product_brand":[],"product_cat":[49],"product_tag":[],"class_list":{"0":"post-1315","1":"product","2":"type-product","3":"status-publish","4":"format-standard","5":"has-post-thumbnail","7":"product_cat-palinka","8":"product_shipping_class-torekeny","10":"first","11":"instock","12":"taxable","13":"shipping-taxable","14":"purchasable","15":"product-type-simple"},"acf":[],"_links":{"self":[{"href":"https:\/\/harsanyipinceszet.hu\/en\/wp-json\/wp\/v2\/product\/1315","targetHints":{"allow":["GET"]}}],"collection":[{"href":"https:\/\/harsanyipinceszet.hu\/en\/wp-json\/wp\/v2\/product"}],"about":[{"href":"https:\/\/harsanyipinceszet.hu\/en\/wp-json\/wp\/v2\/types\/product"}],"replies":[{"embeddable":true,"href":"https:\/\/harsanyipinceszet.hu\/en\/wp-json\/wp\/v2\/comments?post=1315"}],"wp:featuredmedia":[{"embeddable":true,"href":"https:\/\/harsanyipinceszet.hu\/en\/wp-json\/wp\/v2\/media\/1318"}],"wp:attachment":[{"href":"https:\/\/harsanyipinceszet.hu\/en\/wp-json\/wp\/v2\/media?parent=1315"}],"wp:term":[{"taxonomy":"product_brand","embeddable":true,"href":"https:\/\/harsanyipinceszet.hu\/en\/wp-json\/wp\/v2\/product_brand?post=1315"},{"taxonomy":"product_cat","embeddable":true,"href":"https:\/\/harsanyipinceszet.hu\/en\/wp-json\/wp\/v2\/product_cat?post=1315"},{"taxonomy":"product_tag","embeddable":true,"href":"https:\/\/harsanyipinceszet.hu\/en\/wp-json\/wp\/v2\/product_tag?post=1315"}],"curies":[{"name":"wp","href":"https:\/\/api.w.org\/{rel}","templated":true}]}}