{"id":1373,"date":"2024-06-07T14:56:12","date_gmt":"2024-06-07T12:56:12","guid":{"rendered":"https:\/\/harsanyipinceszet.hu\/?post_type=product&#038;p=1373"},"modified":"2025-12-04T16:38:01","modified_gmt":"2025-12-04T15:38:01","slug":"borvalogatas-1","status":"publish","type":"product","link":"https:\/\/harsanyipinceszet.hu\/en\/termek\/borvalogatas-1\/","title":{"rendered":"Kar\u00e1csonyi borv\u00e1logat\u00e1s"},"content":{"rendered":"<p data-start=\"149\" data-end=\"510\">Egy igazi \u00fcnnepi kincsesl\u00e1da Tokaj legszebb t\u00e9teleib\u0151l. A hat palackb\u00f3l \u00e1ll\u00f3 v\u00e1logat\u00e1s a borvid\u00e9k soksz\u00edn\u0171s\u00e9g\u00e9t mutatja be: a d\u0171l\u0151szelekt\u00e1lt bor karakteres eleganci\u00e1j\u00e1t\u00f3l, a redukt\u00edv sz\u00e1raz \u00e9s habz\u00f3borok j\u00e1t\u00e9kos \u00e9s k\u00f6nnyedebb arcain \u00e1t, a hosszan \u00e9rlelt pezsg\u0151 kifinomults\u00e1g\u00e1n kereszt\u00fcl, eg\u00e9szen a k\u00e9sei sz\u00fcretel\u00e9s\u0171 bor \u00e9s az asz\u00fa nemes \u00e9dess\u00e9g\u00e9ig.<\/p>\n<p data-start=\"512\" data-end=\"671\">Ez a borv\u00e1logat\u00e1s t\u00f6k\u00e9letes aj\u00e1nd\u00e9k azoknak, akik szeretn\u00e9k felfedezni Tokaj minden arc\u00e1t.<\/p>\n<p>A kar\u00e1csonyi csomag tartalma:<\/p>\n<ul>\n<li>Brut pezsg\u0151 2022<\/li>\n<li>Habcs\u00f3k 2024 &#8211; winter edition<\/li>\n<li>H\u00e1rslevel\u0171 2023<\/li>\n<li>H\u00edzelg\u0151 2018<\/li>\n<li>Hatputtyonos tokaji asz\u00fa 2019<\/li>\n<li>Megyer Furmint 2023 BIO<\/li>\n<\/ul>","protected":false},"excerpt":{"rendered":"<p>Egy igazi \u00fcnnepi kincsesl\u00e1da Tokaj legszebb t\u00e9teleib\u0151l. A hat palackb\u00f3l \u00e1ll\u00f3 v\u00e1logat\u00e1s a borvid\u00e9k soksz\u00edn\u0171s\u00e9g\u00e9t mutatja be: a d\u0171l\u0151szelekt\u00e1lt bor karakteres eleganci\u00e1j\u00e1t\u00f3l, a redukt\u00edv sz\u00e1raz \u00e9s habz\u00f3borok j\u00e1t\u00e9kos \u00e9s k\u00f6nnyedebb arcain \u00e1t, a hosszan \u00e9rlelt pezsg\u0151 kifinomults\u00e1g\u00e1n kereszt\u00fcl, eg\u00e9szen a k\u00e9sei sz\u00fcretel\u00e9s\u0171 bor \u00e9s az asz\u00fa nemes \u00e9dess\u00e9g\u00e9ig. Ez a borv\u00e1logat\u00e1s t\u00f6k\u00e9letes aj\u00e1nd\u00e9k azoknak, akik [&hellip;]<\/p>\n","protected":false},"featured_media":3998,"comment_status":"closed","ping_status":"closed","template":"","format":"standard","meta":{"_acf_changed":false,"_seopress_robots_primary_cat":"none","_seopress_titles_title":"","_seopress_titles_desc":"","_seopress_robots_index":""},"product_brand":[],"product_cat":[153],"product_tag":[206],"class_list":{"0":"post-1373","1":"product","2":"type-product","3":"status-publish","4":"format-standard","5":"has-post-thumbnail","7":"product_cat-csomag","8":"product_tag-karacsony","9":"product_shipping_class-torekeny","11":"first","12":"outofstock","13":"sale","14":"taxable","15":"shipping-taxable","16":"purchasable","17":"product-type-woosb"},"acf":[],"_links":{"self":[{"href":"https:\/\/harsanyipinceszet.hu\/en\/wp-json\/wp\/v2\/product\/1373","targetHints":{"allow":["GET"]}}],"collection":[{"href":"https:\/\/harsanyipinceszet.hu\/en\/wp-json\/wp\/v2\/product"}],"about":[{"href":"https:\/\/harsanyipinceszet.hu\/en\/wp-json\/wp\/v2\/types\/product"}],"replies":[{"embeddable":true,"href":"https:\/\/harsanyipinceszet.hu\/en\/wp-json\/wp\/v2\/comments?post=1373"}],"wp:featuredmedia":[{"embeddable":true,"href":"https:\/\/harsanyipinceszet.hu\/en\/wp-json\/wp\/v2\/media\/3998"}],"wp:attachment":[{"href":"https:\/\/harsanyipinceszet.hu\/en\/wp-json\/wp\/v2\/media?parent=1373"}],"wp:term":[{"taxonomy":"product_brand","embeddable":true,"href":"https:\/\/harsanyipinceszet.hu\/en\/wp-json\/wp\/v2\/product_brand?post=1373"},{"taxonomy":"product_cat","embeddable":true,"href":"https:\/\/harsanyipinceszet.hu\/en\/wp-json\/wp\/v2\/product_cat?post=1373"},{"taxonomy":"product_tag","embeddable":true,"href":"https:\/\/harsanyipinceszet.hu\/en\/wp-json\/wp\/v2\/product_tag?post=1373"}],"curies":[{"name":"wp","href":"https:\/\/api.w.org\/{rel}","templated":true}]}}