{"id":2734,"date":"2024-09-20T09:31:19","date_gmt":"2024-09-20T07:31:19","guid":{"rendered":"https:\/\/harsanyipinceszet.hu\/?post_type=product&#038;p=2734"},"modified":"2025-11-18T16:17:24","modified_gmt":"2025-11-18T15:17:24","slug":"karacsonyi-palinka-valogatas","status":"publish","type":"product","link":"https:\/\/harsanyipinceszet.hu\/en\/termek\/karacsonyi-palinka-valogatas\/","title":{"rendered":"Christmas P\u00e1linka selection"},"content":{"rendered":"<p data-start=\"86\" data-end=\"447\">H\u00e1rom k\u00fcl\u00f6nleges p\u00e1linka egy csomagban, azoknak, akik az \u00fcnnep \u00edzeit mark\u00e1nsabb form\u00e1ban szeretik meg\u00e9lni. Az asz\u00fat\u00f6rk\u00f6ly p\u00e1linka Tokaj nemes \u00e9dess\u00e9g\u00e9t id\u00e9zi, a klasszikus t\u00f6rk\u00f6ly p\u00e1linka a tiszta gy\u00fcm\u00f6lcs\u00f6s karaktert hordozza, m\u00edg a birsp\u00e1linka eleg\u00e1ns, f\u0171szeres illat\u00e1val teszi teljess\u00e9 a v\u00e1logat\u00e1st.<\/p>\n<p data-start=\"449\" data-end=\"592\">Ez t\u00f6k\u00e9letes aj\u00e1nd\u00e9k azoknak, akik szeretik felfedezni a gy\u00fcm\u00f6lcs\u00f6k intenz\u00edvebb arc\u00e1t.<\/p>\n<p>A kar\u00e1csonyi csomag tartalma:<\/p>\n<ul>\n<li>Asz\u00fa-marc p\u00e1linka<\/li>\n<li>Marc p\u00e1linka<\/li>\n<li>Quince p\u00e1linka<\/li>\n<\/ul>","protected":false},"excerpt":{"rendered":"<p>You can surprise yourself or your loved ones with three special p\u00e1linka: quince, marc and asz\u00fa-marc, all in the spirit of tradition and quality.<\/p>","protected":false},"featured_media":2930,"comment_status":"closed","ping_status":"closed","template":"","format":"standard","meta":{"_acf_changed":false,"_seopress_robots_primary_cat":"none","_seopress_titles_title":"","_seopress_titles_desc":"","_seopress_robots_index":""},"product_brand":[],"product_cat":[153],"product_tag":[206],"class_list":{"0":"post-2734","1":"product","2":"type-product","3":"status-publish","4":"format-standard","5":"has-post-thumbnail","7":"product_cat-csomag","8":"product_tag-karacsony","9":"product_shipping_class-torekeny","11":"first","12":"outofstock","13":"taxable","14":"shipping-taxable","15":"purchasable","16":"product-type-simple"},"acf":[],"_links":{"self":[{"href":"https:\/\/harsanyipinceszet.hu\/en\/wp-json\/wp\/v2\/product\/2734","targetHints":{"allow":["GET"]}}],"collection":[{"href":"https:\/\/harsanyipinceszet.hu\/en\/wp-json\/wp\/v2\/product"}],"about":[{"href":"https:\/\/harsanyipinceszet.hu\/en\/wp-json\/wp\/v2\/types\/product"}],"replies":[{"embeddable":true,"href":"https:\/\/harsanyipinceszet.hu\/en\/wp-json\/wp\/v2\/comments?post=2734"}],"wp:featuredmedia":[{"embeddable":true,"href":"https:\/\/harsanyipinceszet.hu\/en\/wp-json\/wp\/v2\/media\/2930"}],"wp:attachment":[{"href":"https:\/\/harsanyipinceszet.hu\/en\/wp-json\/wp\/v2\/media?parent=2734"}],"wp:term":[{"taxonomy":"product_brand","embeddable":true,"href":"https:\/\/harsanyipinceszet.hu\/en\/wp-json\/wp\/v2\/product_brand?post=2734"},{"taxonomy":"product_cat","embeddable":true,"href":"https:\/\/harsanyipinceszet.hu\/en\/wp-json\/wp\/v2\/product_cat?post=2734"},{"taxonomy":"product_tag","embeddable":true,"href":"https:\/\/harsanyipinceszet.hu\/en\/wp-json\/wp\/v2\/product_tag?post=2734"}],"curies":[{"name":"wp","href":"https:\/\/api.w.org\/{rel}","templated":true}]}}