{"id":2737,"date":"2024-09-17T13:53:15","date_gmt":"2024-09-17T11:53:15","guid":{"rendered":"https:\/\/harsanyipinceszet.hu\/?post_type=product&#038;p=2737"},"modified":"2025-12-02T10:42:50","modified_gmt":"2025-12-02T09:42:50","slug":"izek-tanca","status":"publish","type":"product","link":"https:\/\/harsanyipinceszet.hu\/en\/termek\/izek-tanca\/","title":{"rendered":"Dance of flavours"},"content":{"rendered":"<p>A kar\u00e1csonyi csomag tartalma:<\/p>\n<ul>\n<li>Habcs\u00f3k 2024 &#8211; winter edition<\/li>\n<li>H\u00e1rslevel\u0171 2023<\/li>\n<li>Megyer Furmint 2023<\/li>\n<\/ul>","protected":false},"excerpt":{"rendered":"<p>Ez a csomag a tokaji borok legszebb harm\u00f3ni\u00e1j\u00e1t k\u00edn\u00e1lja. A Habcs\u00f3k bubor\u00e9kjait a H\u00e1rslevel\u0171 vir\u00e1gos jegyei \u00e9s a Megyer Furmint komolys\u00e1ga eg\u00e9sz\u00edti ki. T\u00f6k\u00e9letes v\u00e1laszt\u00e1s egy \u00ednyenc kar\u00e1csonyi vacsor\u00e1hoz, vagy aj\u00e1nd\u00e9knak!<\/p>","protected":false},"featured_media":3999,"comment_status":"closed","ping_status":"closed","template":"","format":"standard","meta":{"_acf_changed":false,"_seopress_robots_primary_cat":"none","_seopress_titles_title":"","_seopress_titles_desc":"","_seopress_robots_index":""},"product_brand":[],"product_cat":[153],"product_tag":[206],"class_list":{"0":"post-2737","1":"product","2":"type-product","3":"status-publish","4":"format-standard","5":"has-post-thumbnail","7":"product_cat-csomag","8":"product_tag-karacsony","9":"product_shipping_class-torekeny","11":"first","12":"outofstock","13":"sale","14":"taxable","15":"shipping-taxable","16":"purchasable","17":"product-type-woosb"},"acf":[],"_links":{"self":[{"href":"https:\/\/harsanyipinceszet.hu\/en\/wp-json\/wp\/v2\/product\/2737","targetHints":{"allow":["GET"]}}],"collection":[{"href":"https:\/\/harsanyipinceszet.hu\/en\/wp-json\/wp\/v2\/product"}],"about":[{"href":"https:\/\/harsanyipinceszet.hu\/en\/wp-json\/wp\/v2\/types\/product"}],"replies":[{"embeddable":true,"href":"https:\/\/harsanyipinceszet.hu\/en\/wp-json\/wp\/v2\/comments?post=2737"}],"wp:featuredmedia":[{"embeddable":true,"href":"https:\/\/harsanyipinceszet.hu\/en\/wp-json\/wp\/v2\/media\/3999"}],"wp:attachment":[{"href":"https:\/\/harsanyipinceszet.hu\/en\/wp-json\/wp\/v2\/media?parent=2737"}],"wp:term":[{"taxonomy":"product_brand","embeddable":true,"href":"https:\/\/harsanyipinceszet.hu\/en\/wp-json\/wp\/v2\/product_brand?post=2737"},{"taxonomy":"product_cat","embeddable":true,"href":"https:\/\/harsanyipinceszet.hu\/en\/wp-json\/wp\/v2\/product_cat?post=2737"},{"taxonomy":"product_tag","embeddable":true,"href":"https:\/\/harsanyipinceszet.hu\/en\/wp-json\/wp\/v2\/product_tag?post=2737"}],"curies":[{"name":"wp","href":"https:\/\/api.w.org\/{rel}","templated":true}]}}