{"id":3350,"date":"2025-03-20T16:22:19","date_gmt":"2025-03-20T15:22:19","guid":{"rendered":"https:\/\/harsanyipinceszet.hu\/?post_type=product&#038;p=3350"},"modified":"2026-03-05T09:16:47","modified_gmt":"2026-03-05T08:16:47","slug":"habcsok-2024-51-csomag","status":"publish","type":"product","link":"https:\/\/harsanyipinceszet.hu\/en\/termek\/habcsok-2024-51-csomag\/","title":{"rendered":"Habcs\u00f3k 2024 5+1"},"content":{"rendered":"<p>Habcs\u00f3k 2024 is a dry, light, and fruity sparkling wine made from a blend of Furmint, H\u00e1rslevel\u0171, and S\u00e1rgamuskot\u00e1ly grapes. Refreshing pear, juicy white peach, a hint of minerality, and delicate bubbles make it perfect. This elegant, vegan sparkling wine makes winter days more sparkling!<\/p>\n<p>Pairing tip: An excellent choice with goat cheese and other salty cheeses, but also perfect on its own.<\/p>","protected":false},"excerpt":{"rendered":"<p>Discover the flavors of Tokaj with Habcs\u00f3k! With this package, it's really worth stocking up, as you get 6 bottles for the price of 5!<\/p>","protected":false},"featured_media":3363,"comment_status":"closed","ping_status":"closed","template":"","format":"standard","meta":{"_acf_changed":false,"_seopress_robots_primary_cat":"none","_seopress_titles_title":"","_seopress_titles_desc":"","_seopress_robots_index":""},"product_brand":[],"product_cat":[153],"product_tag":[],"class_list":{"0":"post-3350","1":"product","2":"type-product","3":"status-publish","4":"format-standard","5":"has-post-thumbnail","7":"product_cat-csomag","8":"product_shipping_class-torekeny","10":"first","11":"instock","12":"sale","13":"taxable","14":"shipping-taxable","15":"purchasable","16":"product-type-woosb"},"acf":[],"_links":{"self":[{"href":"https:\/\/harsanyipinceszet.hu\/en\/wp-json\/wp\/v2\/product\/3350","targetHints":{"allow":["GET"]}}],"collection":[{"href":"https:\/\/harsanyipinceszet.hu\/en\/wp-json\/wp\/v2\/product"}],"about":[{"href":"https:\/\/harsanyipinceszet.hu\/en\/wp-json\/wp\/v2\/types\/product"}],"replies":[{"embeddable":true,"href":"https:\/\/harsanyipinceszet.hu\/en\/wp-json\/wp\/v2\/comments?post=3350"}],"wp:featuredmedia":[{"embeddable":true,"href":"https:\/\/harsanyipinceszet.hu\/en\/wp-json\/wp\/v2\/media\/3363"}],"wp:attachment":[{"href":"https:\/\/harsanyipinceszet.hu\/en\/wp-json\/wp\/v2\/media?parent=3350"}],"wp:term":[{"taxonomy":"product_brand","embeddable":true,"href":"https:\/\/harsanyipinceszet.hu\/en\/wp-json\/wp\/v2\/product_brand?post=3350"},{"taxonomy":"product_cat","embeddable":true,"href":"https:\/\/harsanyipinceszet.hu\/en\/wp-json\/wp\/v2\/product_cat?post=3350"},{"taxonomy":"product_tag","embeddable":true,"href":"https:\/\/harsanyipinceszet.hu\/en\/wp-json\/wp\/v2\/product_tag?post=3350"}],"curies":[{"name":"wp","href":"https:\/\/api.w.org\/{rel}","templated":true}]}}