{"id":3406,"date":"2026-03-04T14:54:42","date_gmt":"2026-03-04T13:54:42","guid":{"rendered":"https:\/\/harsanyipinceszet.hu\/?post_type=product&#038;p=3406"},"modified":"2026-04-01T16:14:21","modified_gmt":"2026-04-01T14:14:21","slug":"ciroka-furmint-2024-bio","status":"publish","type":"product","link":"https:\/\/harsanyipinceszet.hu\/en\/termek\/ciroka-furmint-2024-bio\/","title":{"rendered":"Cir\u00f3ka Furmint 2024 BIO"},"content":{"rendered":"<p class=\"cvGsUA direction-ltr align-justify para-style-body\"><span class=\"a_GcMg font-feature-liga-off font-feature-clig-off font-feature-calt-off text-decoration-none text-strikethrough-none\">Illat\u00e1ban gazdagon megjelen\u0151 \u00e9rett feh\u00e9rh\u00fas\u00fa gy\u00fcm\u00f6lcs\u00f6k \u00e9s \u00e9des hord\u00f3f\u0171szerek bontakoznak ki, ami k\u00f3stolva testes \u00e9s koncentr\u00e1lt aromatik\u00e1t t\u00e1rs\u00edt. Sz\u00e1jban t\u00f3sztolt t\u00f6lgyarom\u00e1k, n\u00e9mi alkoholos \u00e9dess\u00e9g \u00e9s kerekebb sav\u00e9rzet \u00e9rv\u00e9nyes\u00fcl.<\/span><\/p>\n<p class=\"cvGsUA direction-ltr align-justify para-style-body\"><span class=\"a_GcMg font-feature-liga-off font-feature-clig-off font-feature-calt-off text-decoration-none text-strikethrough-none\">Fiatal \u00e9s j\u00f3l \u00e9rlelhet\u0151 \u00edzvil\u00e1g\u00e1ban integr\u00e1l\u00f3d\u00f3 fahord\u00f3s jegyek, almakomp\u00f3t, \u00e9rett birs \u00e9s \u0151szibarack, illetve csipetnyi anan\u00e1sz jegyei bontakoznak ki. Hosszabb leveg\u0151ztet\u00e9s ut\u00e1n v\u00e1lik igaz\u00e1n kedvess\u00e9 \u00e9s sokr\u00e9t\u0171v\u00e9, melyben szinte kr\u00e9mess\u00e9 v\u00e1l\u00f3 text\u00fara, csipetnyi \u00e9des \u00e9rzet \u00e9s \u00e9rett gy\u00fcm\u00f6lcs\u00f6ss\u00e9g jut \u00e9rv\u00e9nyre.<\/span><\/p>\n<p class=\"cvGsUA direction-ltr align-justify para-style-body\"><span class=\"a_GcMg font-feature-liga-off font-feature-clig-off font-feature-calt-off text-decoration-none text-strikethrough-none\">12 C\u02da-on fogyasztva t\u00f6bbek k\u00f6z\u00f6tt kr\u00e9mesebb m\u00e1rt\u00e1sokkal t\u00e1lalt fog\u00e1sokhoz, feh\u00e9rh\u00fas\u00fa gy\u00fcm\u00f6lcs\u00f6kkel k\u00f6r\u00edtett sz\u00e1rnyasokhoz, f\u00fcst\u00f6lt halakhoz, \u00e9s ak\u00e1r intenz\u00edvebb \u00edz\u0171 \u00e9rlelt f\u00fcst\u00f6lt sajtokhoz is sz\u00edvesen aj\u00e1nljuk.<\/span><\/p>","protected":false},"excerpt":{"rendered":"<p><span class=\"a_GcMg font-feature-liga-off font-feature-clig-off font-feature-calt-off text-decoration-none text-strikethrough-none\">A pinc\u00e9szet organikusan m\u0171velt 100% furmint-v\u00e1logat\u00e1sa, ami sz\u00e9pen hordozza a term\u0151hely karakteres jegyeit \u00e9s egyedi tulajdons\u00e1gait. <\/span><\/p>","protected":false},"featured_media":4382,"comment_status":"closed","ping_status":"closed","template":"","format":"standard","meta":{"_acf_changed":false,"_seopress_robots_primary_cat":"none","_seopress_titles_title":"","_seopress_titles_desc":"","_seopress_robots_index":""},"product_brand":[],"product_cat":[48],"product_tag":[],"class_list":{"0":"post-3406","1":"product","2":"type-product","3":"status-publish","4":"format-standard","5":"has-post-thumbnail","7":"product_cat-bor","8":"product_shipping_class-torekeny","9":"pa_borfajta-100-furmint","10":"pa_dulo-elnevezese-ciroka","11":"pa_evjarat-250","12":"pa_tipus-hordoerlelt","13":"pa_tipus-reduktiv","15":"first","16":"instock","17":"taxable","18":"shipping-taxable","19":"purchasable","20":"product-type-simple"},"acf":[],"_links":{"self":[{"href":"https:\/\/harsanyipinceszet.hu\/en\/wp-json\/wp\/v2\/product\/3406","targetHints":{"allow":["GET"]}}],"collection":[{"href":"https:\/\/harsanyipinceszet.hu\/en\/wp-json\/wp\/v2\/product"}],"about":[{"href":"https:\/\/harsanyipinceszet.hu\/en\/wp-json\/wp\/v2\/types\/product"}],"replies":[{"embeddable":true,"href":"https:\/\/harsanyipinceszet.hu\/en\/wp-json\/wp\/v2\/comments?post=3406"}],"wp:featuredmedia":[{"embeddable":true,"href":"https:\/\/harsanyipinceszet.hu\/en\/wp-json\/wp\/v2\/media\/4382"}],"wp:attachment":[{"href":"https:\/\/harsanyipinceszet.hu\/en\/wp-json\/wp\/v2\/media?parent=3406"}],"wp:term":[{"taxonomy":"product_brand","embeddable":true,"href":"https:\/\/harsanyipinceszet.hu\/en\/wp-json\/wp\/v2\/product_brand?post=3406"},{"taxonomy":"product_cat","embeddable":true,"href":"https:\/\/harsanyipinceszet.hu\/en\/wp-json\/wp\/v2\/product_cat?post=3406"},{"taxonomy":"product_tag","embeddable":true,"href":"https:\/\/harsanyipinceszet.hu\/en\/wp-json\/wp\/v2\/product_tag?post=3406"}],"curies":[{"name":"wp","href":"https:\/\/api.w.org\/{rel}","templated":true}]}}