{"id":3558,"date":"2025-06-12T15:41:30","date_gmt":"2025-06-12T13:41:30","guid":{"rendered":"https:\/\/harsanyipinceszet.hu\/?post_type=product&#038;p=3558"},"modified":"2026-02-27T14:38:19","modified_gmt":"2026-02-27T13:38:19","slug":"brut-pezsgo-2022","status":"publish","type":"product","link":"https:\/\/harsanyipinceszet.hu\/en\/termek\/brut-pezsgo-2022\/","title":{"rendered":"Sparkling wine - Brut"},"content":{"rendered":"<p data-start=\"271\" data-end=\"505\">A 2022-es \u00e9vj\u00e1rat brut pezsg\u0151je eleg\u00e1ns, lime \u00e1rnyalat\u00fa megjelen\u00e9ssel \u00e9s finom, tart\u00f3s gy\u00f6ngy\u00f6z\u00e9ssel nyit. Illat\u00e1ban a k\u00f6rte \u00e9s az \u00e9rett alma \u00e9des t\u00f3nusai domin\u00e1lnak, melyeket feh\u00e9r vir\u00e1gok k\u00f6nnyed arom\u00e1i eg\u00e9sz\u00edtenek ki.<\/p>\n<p data-start=\"507\" data-end=\"836\">A korty kerek \u00e9s egyens\u00falyos: az \u00e9rett alma telt gy\u00fcm\u00f6lcs\u00f6ss\u00e9ge mellett finoman megjelenik egy vajass\u00e1got id\u00e9z\u0151 kr\u00e9mess\u00e9g, amit \u00e9l\u00e9nk citrusos savak tartanak frissen \u00e9s feszesen. A Furmint fajt\u00e1ra jellemz\u0151 szerkezet \u00e9s a hosszan tart\u00f3 sepr\u0151n \u00e9rlel\u00e9s m\u00e9lys\u00e9get, komplexit\u00e1st \u00e9s hosszan tart\u00f3 lecseng\u00e9st biztos\u00edt.<\/p>","protected":false},"excerpt":{"rendered":"<p>Tradicion\u00e1lis elj\u00e1r\u00e1ssal k\u00e9sz\u00fclt, 24 h\u00f3napig sepr\u0151n \u00e9rlelt 100% Furmintb\u00f3l k\u00e9sz\u00fclt tokaji pezsg\u0151.<\/p>","protected":false},"featured_media":2554,"comment_status":"closed","ping_status":"closed","template":"","format":"standard","meta":{"_acf_changed":false,"_seopress_robots_primary_cat":"none","_seopress_titles_title":"","_seopress_titles_desc":"","_seopress_robots_index":""},"product_brand":[],"product_cat":[147],"product_tag":[246,51,54],"class_list":{"0":"post-3558","1":"product","2":"type-product","3":"status-publish","4":"format-standard","5":"has-post-thumbnail","7":"product_cat-pezsgo","8":"product_tag-brut","9":"product_tag-buborekos","10":"product_tag-furmint","11":"product_shipping_class-torekeny","12":"pa_borfajta-100-furmint","13":"pa_dulo-elnevezese-ciroka","14":"pa_dulo-elnevezese-kiralyhegy","15":"pa_dulo-elnevezese-megyer","16":"pa_evjarat-38","17":"pa_tipus-tradicionalis-metodus","19":"first","20":"instock","21":"taxable","22":"shipping-taxable","23":"purchasable","24":"product-type-simple"},"acf":[],"_links":{"self":[{"href":"https:\/\/harsanyipinceszet.hu\/en\/wp-json\/wp\/v2\/product\/3558","targetHints":{"allow":["GET"]}}],"collection":[{"href":"https:\/\/harsanyipinceszet.hu\/en\/wp-json\/wp\/v2\/product"}],"about":[{"href":"https:\/\/harsanyipinceszet.hu\/en\/wp-json\/wp\/v2\/types\/product"}],"replies":[{"embeddable":true,"href":"https:\/\/harsanyipinceszet.hu\/en\/wp-json\/wp\/v2\/comments?post=3558"}],"wp:featuredmedia":[{"embeddable":true,"href":"https:\/\/harsanyipinceszet.hu\/en\/wp-json\/wp\/v2\/media\/2554"}],"wp:attachment":[{"href":"https:\/\/harsanyipinceszet.hu\/en\/wp-json\/wp\/v2\/media?parent=3558"}],"wp:term":[{"taxonomy":"product_brand","embeddable":true,"href":"https:\/\/harsanyipinceszet.hu\/en\/wp-json\/wp\/v2\/product_brand?post=3558"},{"taxonomy":"product_cat","embeddable":true,"href":"https:\/\/harsanyipinceszet.hu\/en\/wp-json\/wp\/v2\/product_cat?post=3558"},{"taxonomy":"product_tag","embeddable":true,"href":"https:\/\/harsanyipinceszet.hu\/en\/wp-json\/wp\/v2\/product_tag?post=3558"}],"curies":[{"name":"wp","href":"https:\/\/api.w.org\/{rel}","templated":true}]}}