{"id":3753,"date":"2025-09-09T12:01:04","date_gmt":"2025-09-09T10:01:04","guid":{"rendered":"https:\/\/harsanyipinceszet.hu\/?post_type=product&#038;p=3753"},"modified":"2026-02-27T14:39:26","modified_gmt":"2026-02-27T13:39:26","slug":"megyer-furmint-2023-bio-2","status":"publish","type":"product","link":"https:\/\/harsanyipinceszet.hu\/en\/termek\/megyer-furmint-2023-bio-2\/","title":{"rendered":"Megyer Furmint 2023 BIO"},"content":{"rendered":"<p>Its clean and lively aroma combines white fruits, citrus and barrel spices, enriched by more complex aromas resulting from aging.<\/p>\n<p>Medium-bodied on the palate, with a truly refreshing acidity, the fruitiness and persistent liveliness found in the aroma are also evident. It is characterized by deeper and relatively more complex aromatics, embellished with some creaminess and mineral notes. The characteristics of the grape variety and the terroir come through beautifully in the finish, which is intensely supported by the various elements of natural winemaking.<\/p>\n<p>11\u201312 \u00b0C-on beh\u0171tve kiss\u00e9 zs\u00edrosabb \u00e9s sav\u00e9rzetben gazdagabb fog\u00e1sokhoz, ak\u00e1r k\u00e1poszt\u00e1s \u00e9telekhez, f\u00fcst\u00f6lt halakhoz, \u00e9rlelt f\u00e9lkem\u00e9ny sajtokhoz is sz\u00edvesen aj\u00e1nljuk.<\/p>","protected":false},"excerpt":{"rendered":"<p>A selection of Furmint grapes from the Megyer vineyard, made from organically grown grapes.<\/p>\n<p>A clear, pale greenish-yellow wine with a light, easy movement and a youthful appearance.<\/p>","protected":false},"featured_media":3791,"comment_status":"closed","ping_status":"closed","template":"","format":"standard","meta":{"_acf_changed":false,"_seopress_robots_primary_cat":"none","_seopress_titles_title":"","_seopress_titles_desc":"A pinc\u00e9szet Megyer d\u0171l\u0151j\u00e9b\u0151l sz\u00e1rmaz\u00f3 furmint v\u00e1logat\u00e1s, mely organikusan m\u0171velt sz\u0151l\u0151b\u0151l k\u00e9sz\u00fclt.","_seopress_robots_index":""},"product_brand":[],"product_cat":[48],"product_tag":[127,54,154,52,129],"class_list":{"0":"post-3753","1":"product","2":"type-product","3":"status-publish","4":"format-standard","5":"has-post-thumbnail","7":"product_cat-bor","8":"product_tag-duloszelektalt","9":"product_tag-furmint","10":"product_tag-hordos-erleles","11":"product_tag-szaraz","12":"product_tag-tokaj","13":"product_shipping_class-torekeny","14":"pa_borfajta-100-furmint","15":"pa_dulo-elnevezese-megyer","16":"pa_evjarat-115","17":"pa_tipus-hordoerlelt","19":"first","20":"instock","21":"taxable","22":"shipping-taxable","23":"purchasable","24":"product-type-simple"},"acf":[],"_links":{"self":[{"href":"https:\/\/harsanyipinceszet.hu\/en\/wp-json\/wp\/v2\/product\/3753","targetHints":{"allow":["GET"]}}],"collection":[{"href":"https:\/\/harsanyipinceszet.hu\/en\/wp-json\/wp\/v2\/product"}],"about":[{"href":"https:\/\/harsanyipinceszet.hu\/en\/wp-json\/wp\/v2\/types\/product"}],"replies":[{"embeddable":true,"href":"https:\/\/harsanyipinceszet.hu\/en\/wp-json\/wp\/v2\/comments?post=3753"}],"wp:featuredmedia":[{"embeddable":true,"href":"https:\/\/harsanyipinceszet.hu\/en\/wp-json\/wp\/v2\/media\/3791"}],"wp:attachment":[{"href":"https:\/\/harsanyipinceszet.hu\/en\/wp-json\/wp\/v2\/media?parent=3753"}],"wp:term":[{"taxonomy":"product_brand","embeddable":true,"href":"https:\/\/harsanyipinceszet.hu\/en\/wp-json\/wp\/v2\/product_brand?post=3753"},{"taxonomy":"product_cat","embeddable":true,"href":"https:\/\/harsanyipinceszet.hu\/en\/wp-json\/wp\/v2\/product_cat?post=3753"},{"taxonomy":"product_tag","embeddable":true,"href":"https:\/\/harsanyipinceszet.hu\/en\/wp-json\/wp\/v2\/product_tag?post=3753"}],"curies":[{"name":"wp","href":"https:\/\/api.w.org\/{rel}","templated":true}]}}