{"id":3877,"date":"2026-01-26T00:01:59","date_gmt":"2026-01-25T23:01:59","guid":{"rendered":"https:\/\/harsanyipinceszet.hu\/?post_type=product&#038;p=3877"},"modified":"2026-05-08T09:38:16","modified_gmt":"2026-05-08T07:38:16","slug":"huss-6x","status":"publish","type":"product","link":"https:\/\/harsanyipinceszet.hu\/en\/termek\/huss-6x\/","title":{"rendered":"Huss 6x"},"content":{"rendered":"<p>Ebben a csomagban egy illatos, sz\u00e1raz s\u00e1rgamuskot\u00e1ly \u00e1ll, amely \u00fcde gy\u00fcm\u00f6lcs\u00f6ss\u00e9g\u00e9vel \u00e9s k\u00f6nnyed karakter\u00e9vel t\u00f6k\u00e9letes v\u00e1laszt\u00e1s a ny\u00e1r els\u0151 napsugaraihoz. Friss, bar\u00e1ts\u00e1gos bor, amelyet\u00a0 felszabadult pillanatokhoz, teraszos besz\u00e9lget\u00e9sekhez, kerti est\u00e9khez \u00e9s a ny\u00e1rk\u00f6sz\u00f6nt\u0151 \u00f6sszej\u00f6vetelekhez aj\u00e1nljunk.<\/p>","protected":false},"excerpt":{"rendered":"<p>Ebben a csomagban egy illatos, sz\u00e1raz s\u00e1rgamuskot\u00e1ly \u00e1ll, amely \u00fcde gy\u00fcm\u00f6lcs\u00f6ss\u00e9g\u00e9vel \u00e9s k\u00f6nnyed karakter\u00e9vel t\u00f6k\u00e9letes v\u00e1laszt\u00e1s a ny\u00e1r els\u0151 napsugaraihoz. Friss, bar\u00e1ts\u00e1gos bor, amelyet\u00a0 felszabadult pillanatokhoz, teraszos besz\u00e9lget\u00e9sekhez, kerti est\u00e9khez \u00e9s a ny\u00e1rk\u00f6sz\u00f6nt\u0151 \u00f6sszej\u00f6vetelekhez aj\u00e1nljunk.<\/p>","protected":false},"featured_media":4184,"comment_status":"closed","ping_status":"closed","template":"","format":"standard","meta":{"_acf_changed":false,"_seopress_robots_primary_cat":"","_seopress_titles_title":"","_seopress_titles_desc":"","_seopress_robots_index":""},"product_brand":[],"product_cat":[153],"product_tag":[],"class_list":{"0":"post-3877","1":"product","2":"type-product","3":"status-publish","4":"format-standard","5":"has-post-thumbnail","7":"product_cat-csomag","9":"first","10":"instock","11":"sale","12":"taxable","13":"shipping-taxable","14":"purchasable","15":"product-type-woosb"},"acf":[],"_links":{"self":[{"href":"https:\/\/harsanyipinceszet.hu\/en\/wp-json\/wp\/v2\/product\/3877","targetHints":{"allow":["GET"]}}],"collection":[{"href":"https:\/\/harsanyipinceszet.hu\/en\/wp-json\/wp\/v2\/product"}],"about":[{"href":"https:\/\/harsanyipinceszet.hu\/en\/wp-json\/wp\/v2\/types\/product"}],"replies":[{"embeddable":true,"href":"https:\/\/harsanyipinceszet.hu\/en\/wp-json\/wp\/v2\/comments?post=3877"}],"wp:featuredmedia":[{"embeddable":true,"href":"https:\/\/harsanyipinceszet.hu\/en\/wp-json\/wp\/v2\/media\/4184"}],"wp:attachment":[{"href":"https:\/\/harsanyipinceszet.hu\/en\/wp-json\/wp\/v2\/media?parent=3877"}],"wp:term":[{"taxonomy":"product_brand","embeddable":true,"href":"https:\/\/harsanyipinceszet.hu\/en\/wp-json\/wp\/v2\/product_brand?post=3877"},{"taxonomy":"product_cat","embeddable":true,"href":"https:\/\/harsanyipinceszet.hu\/en\/wp-json\/wp\/v2\/product_cat?post=3877"},{"taxonomy":"product_tag","embeddable":true,"href":"https:\/\/harsanyipinceszet.hu\/en\/wp-json\/wp\/v2\/product_tag?post=3877"}],"curies":[{"name":"wp","href":"https:\/\/api.w.org\/{rel}","templated":true}]}}