{"id":4144,"date":"2026-01-26T00:01:52","date_gmt":"2026-01-25T23:01:52","guid":{"rendered":"https:\/\/harsanyipinceszet.hu\/?post_type=product&#038;p=4144"},"modified":"2026-05-08T09:38:47","modified_gmt":"2026-05-08T07:38:47","slug":"kortyok-harmoniaja","status":"publish","type":"product","link":"https:\/\/harsanyipinceszet.hu\/en\/termek\/kortyok-harmoniaja\/","title":{"rendered":"Kortyok harm\u00f3ni\u00e1ja"},"content":{"rendered":"","protected":false},"excerpt":{"rendered":"<p>A Kortyok harm\u00f3ni\u00e1ja h\u00e1rom k\u00fcl\u00f6nb\u00f6z\u0151 st\u00edluson kereszt\u00fcl mutatja meg a tokaji k\u00f6nnyeds\u00e9get. A Habcs\u00f3k zamatos bubor\u00e9kjai, az \u00faj \u00e9vj\u00e1rat\u00fa Tokaj Eye lend\u00fclete, illetve a Huss illatos \u00e9s j\u00e1t\u00e9kos karaktere teszi teljess\u00e9 az \u00e9lm\u00e9nyt.<\/p>","protected":false},"featured_media":4159,"comment_status":"closed","ping_status":"closed","template":"","format":"standard","meta":{"_acf_changed":false,"_seopress_robots_primary_cat":"","_seopress_titles_title":"","_seopress_titles_desc":"","_seopress_robots_index":""},"product_brand":[],"product_cat":[153],"product_tag":[],"class_list":{"0":"post-4144","1":"product","2":"type-product","3":"status-publish","4":"format-standard","5":"has-post-thumbnail","7":"product_cat-csomag","9":"first","10":"instock","11":"sale","12":"taxable","13":"shipping-taxable","14":"purchasable","15":"product-type-woosb"},"acf":[],"_links":{"self":[{"href":"https:\/\/harsanyipinceszet.hu\/en\/wp-json\/wp\/v2\/product\/4144","targetHints":{"allow":["GET"]}}],"collection":[{"href":"https:\/\/harsanyipinceszet.hu\/en\/wp-json\/wp\/v2\/product"}],"about":[{"href":"https:\/\/harsanyipinceszet.hu\/en\/wp-json\/wp\/v2\/types\/product"}],"replies":[{"embeddable":true,"href":"https:\/\/harsanyipinceszet.hu\/en\/wp-json\/wp\/v2\/comments?post=4144"}],"wp:featuredmedia":[{"embeddable":true,"href":"https:\/\/harsanyipinceszet.hu\/en\/wp-json\/wp\/v2\/media\/4159"}],"wp:attachment":[{"href":"https:\/\/harsanyipinceszet.hu\/en\/wp-json\/wp\/v2\/media?parent=4144"}],"wp:term":[{"taxonomy":"product_brand","embeddable":true,"href":"https:\/\/harsanyipinceszet.hu\/en\/wp-json\/wp\/v2\/product_brand?post=4144"},{"taxonomy":"product_cat","embeddable":true,"href":"https:\/\/harsanyipinceszet.hu\/en\/wp-json\/wp\/v2\/product_cat?post=4144"},{"taxonomy":"product_tag","embeddable":true,"href":"https:\/\/harsanyipinceszet.hu\/en\/wp-json\/wp\/v2\/product_tag?post=4144"}],"curies":[{"name":"wp","href":"https:\/\/api.w.org\/{rel}","templated":true}]}}