{"id":4147,"date":"2026-01-26T00:01:32","date_gmt":"2026-01-25T23:01:32","guid":{"rendered":"https:\/\/harsanyipinceszet.hu\/?post_type=product&#038;p=4147"},"modified":"2026-05-08T09:39:32","modified_gmt":"2026-05-08T07:39:32","slug":"6-karakter","status":"publish","type":"product","link":"https:\/\/harsanyipinceszet.hu\/en\/termek\/6-karakter\/","title":{"rendered":"6 karakter"},"content":{"rendered":"<p>Ez a hat karakter \u00e1tfog\u00f3 k\u00e9pet ad a birtok st\u00edlus\u00e1r\u00f3l \u00e9s soksz\u00edn\u0171s\u00e9g\u00e9r\u0151l. A v\u00e1logat\u00e1sban helyet kapnak a bubor\u00e9kok, a k\u00f6nnyedebb t\u00e9telek, a komoly, \u00e1sv\u00e1nyos d\u0171l\u0151szelekci\u00f3k, valamint a Tokajra jellemz\u0151 \u00e9desebb \u00edzvil\u00e1g is. Sokoldal\u00fa \u00f6ssze\u00e1ll\u00edt\u00e1s, amely remek v\u00e1laszt\u00e1s grillpartikhoz, bar\u00e1ti \u00f6sszej\u00f6vetelekhez vagy csal\u00e1di alkalmakhoz, ahol mindenki megtal\u00e1lhatja a kedvenc st\u00edlus\u00e1t.<\/p>","protected":false},"excerpt":{"rendered":"<p>Ez a hat karakter \u00e1tfog\u00f3 k\u00e9pet ad a birtok st\u00edlus\u00e1r\u00f3l \u00e9s soksz\u00edn\u0171s\u00e9g\u00e9r\u0151l. A v\u00e1logat\u00e1sban helyet kapnak a bubor\u00e9kok, a k\u00f6nnyedebb t\u00e9telek, a komoly, \u00e1sv\u00e1nyos d\u0171l\u0151szelekci\u00f3k, valamint a Tokajra jellemz\u0151 \u00e9desebb \u00edzvil\u00e1g is. Sokoldal\u00fa \u00f6ssze\u00e1ll\u00edt\u00e1s, amely remek v\u00e1laszt\u00e1s grillpartikhoz, bar\u00e1ti \u00f6sszej\u00f6vetelekhez vagy csal\u00e1di alkalmakhoz, ahol mindenki megtal\u00e1lhatja a kedvenc st\u00edlus\u00e1t.<\/p>","protected":false},"featured_media":4158,"comment_status":"closed","ping_status":"closed","template":"","format":"standard","meta":{"_acf_changed":false,"_seopress_robots_primary_cat":"","_seopress_titles_title":"","_seopress_titles_desc":"","_seopress_robots_index":""},"product_brand":[],"product_cat":[153],"product_tag":[],"class_list":{"0":"post-4147","1":"product","2":"type-product","3":"status-publish","4":"format-standard","5":"has-post-thumbnail","7":"product_cat-csomag","9":"first","10":"instock","11":"sale","12":"taxable","13":"shipping-taxable","14":"purchasable","15":"product-type-woosb"},"acf":[],"_links":{"self":[{"href":"https:\/\/harsanyipinceszet.hu\/en\/wp-json\/wp\/v2\/product\/4147","targetHints":{"allow":["GET"]}}],"collection":[{"href":"https:\/\/harsanyipinceszet.hu\/en\/wp-json\/wp\/v2\/product"}],"about":[{"href":"https:\/\/harsanyipinceszet.hu\/en\/wp-json\/wp\/v2\/types\/product"}],"replies":[{"embeddable":true,"href":"https:\/\/harsanyipinceszet.hu\/en\/wp-json\/wp\/v2\/comments?post=4147"}],"wp:featuredmedia":[{"embeddable":true,"href":"https:\/\/harsanyipinceszet.hu\/en\/wp-json\/wp\/v2\/media\/4158"}],"wp:attachment":[{"href":"https:\/\/harsanyipinceszet.hu\/en\/wp-json\/wp\/v2\/media?parent=4147"}],"wp:term":[{"taxonomy":"product_brand","embeddable":true,"href":"https:\/\/harsanyipinceszet.hu\/en\/wp-json\/wp\/v2\/product_brand?post=4147"},{"taxonomy":"product_cat","embeddable":true,"href":"https:\/\/harsanyipinceszet.hu\/en\/wp-json\/wp\/v2\/product_cat?post=4147"},{"taxonomy":"product_tag","embeddable":true,"href":"https:\/\/harsanyipinceszet.hu\/en\/wp-json\/wp\/v2\/product_tag?post=4147"}],"curies":[{"name":"wp","href":"https:\/\/api.w.org\/{rel}","templated":true}]}}