{"id":4150,"date":"2026-01-26T00:01:07","date_gmt":"2026-01-25T23:01:07","guid":{"rendered":"https:\/\/harsanyipinceszet.hu\/?post_type=product&#038;p=4150"},"modified":"2026-03-26T15:26:08","modified_gmt":"2026-03-26T14:26:08","slug":"tokaj-eye-2024-uj-evjarat-51","status":"publish","type":"product","link":"https:\/\/harsanyipinceszet.hu\/en\/termek\/tokaj-eye-2024-uj-evjarat-51\/","title":{"rendered":"Tokaj eye 2024 \u2013 New vintage \u2013 5+1"},"content":{"rendered":"<p>Az \u00faj \u00e9vj\u00e1rat\u00fa Tokaj Eye most egy csomagban mutatja meg friss st\u00edlus\u00e1t. A sz\u00e1raz, furmint alap\u00fa cuv\u00e9e \u00e9l\u00e9nk savakkal, tiszta gy\u00fcm\u00f6lcs\u00f6ss\u00e9ggel \u00e9s friss karakterrel \u00e9rkezik 5+1-es kiszerel\u00e9sben.<\/p>","protected":false},"excerpt":{"rendered":"<p>Az \u00faj \u00e9vj\u00e1rat\u00fa Tokaj Eye most egy csomagban mutatja meg friss st\u00edlus\u00e1t. A sz\u00e1raz, furmint alap\u00fa cuv\u00e9e \u00e9l\u00e9nk savakkal, tiszta gy\u00fcm\u00f6lcs\u00f6ss\u00e9ggel \u00e9s friss karakterrel \u00e9rkezik 5+1-es kiszerel\u00e9sben.<\/p>","protected":false},"featured_media":4187,"comment_status":"closed","ping_status":"closed","template":"","format":"standard","meta":{"_acf_changed":false,"_seopress_robots_primary_cat":"none","_seopress_titles_title":"","_seopress_titles_desc":"","_seopress_robots_index":""},"product_brand":[],"product_cat":[153],"product_tag":[],"class_list":{"0":"post-4150","1":"product","2":"type-product","3":"status-publish","4":"format-standard","5":"has-post-thumbnail","7":"product_cat-csomag","9":"first","10":"instock","11":"sale","12":"taxable","13":"shipping-taxable","14":"purchasable","15":"product-type-woosb"},"acf":[],"_links":{"self":[{"href":"https:\/\/harsanyipinceszet.hu\/en\/wp-json\/wp\/v2\/product\/4150","targetHints":{"allow":["GET"]}}],"collection":[{"href":"https:\/\/harsanyipinceszet.hu\/en\/wp-json\/wp\/v2\/product"}],"about":[{"href":"https:\/\/harsanyipinceszet.hu\/en\/wp-json\/wp\/v2\/types\/product"}],"replies":[{"embeddable":true,"href":"https:\/\/harsanyipinceszet.hu\/en\/wp-json\/wp\/v2\/comments?post=4150"}],"wp:featuredmedia":[{"embeddable":true,"href":"https:\/\/harsanyipinceszet.hu\/en\/wp-json\/wp\/v2\/media\/4187"}],"wp:attachment":[{"href":"https:\/\/harsanyipinceszet.hu\/en\/wp-json\/wp\/v2\/media?parent=4150"}],"wp:term":[{"taxonomy":"product_brand","embeddable":true,"href":"https:\/\/harsanyipinceszet.hu\/en\/wp-json\/wp\/v2\/product_brand?post=4150"},{"taxonomy":"product_cat","embeddable":true,"href":"https:\/\/harsanyipinceszet.hu\/en\/wp-json\/wp\/v2\/product_cat?post=4150"},{"taxonomy":"product_tag","embeddable":true,"href":"https:\/\/harsanyipinceszet.hu\/en\/wp-json\/wp\/v2\/product_tag?post=4150"}],"curies":[{"name":"wp","href":"https:\/\/api.w.org\/{rel}","templated":true}]}}