{"id":4292,"date":"2026-02-02T13:28:47","date_gmt":"2026-02-02T12:28:47","guid":{"rendered":"https:\/\/harsanyipinceszet.hu\/?post_type=product&#038;p=4292"},"modified":"2026-03-05T14:39:07","modified_gmt":"2026-03-05T13:39:07","slug":"harsanyi-magnesek","status":"publish","type":"product","link":"https:\/\/harsanyipinceszet.hu\/en\/termek\/harsanyi-magnesek\/","title":{"rendered":"Hars\u00e1nyi magnets"},"content":{"rendered":"<p data-start=\"158\" data-end=\"388\">Refrigerator magnets with unique graphics evoking the atmosphere of the Hars\u00e1nyi Winery. The designs, based on the visual world of the Winery and the D\u0171l\u0151bisztr\u00f3, bring the character of S\u00e1rospatak and Tokaj to life in a small but eye-catching form.<\/p>\n<p data-start=\"158\" data-end=\"388\">They are perfect as gifts or souvenirs, and can be stylish additions to any kitchen or wine cellar.<\/p>\n<p data-start=\"158\" data-end=\"388\">790 ft\/piece<\/p>\n<p data-start=\"158\" data-end=\"388\">(Please indicate in the comments which magnet you have chosen).<\/p>","protected":false},"excerpt":{"rendered":"<p>Egyedi grafik\u00e1val k\u00e9sz\u00fclt h\u0171t\u0151m\u00e1gnesek a Hars\u00e1nyi Pinc\u00e9szet hangulat\u00e1t id\u00e9zve. A Pinc\u00e9szet \u00e9s a D\u0171l\u0151bisztr\u00f3 vizu\u00e1lis vil\u00e1g\u00e1ra \u00e9p\u00fcl\u0151 mint\u00e1k S\u00e1rospatak \u00e9s Tokaj karakter\u00e9t hozz\u00e1k el egy apr\u00f3, m\u00e9gis figyelemfelkelt\u0151 form\u00e1ban. T\u00f6k\u00e9letesek aj\u00e1nd\u00e9knak vagy eml\u00e9knek is, illetve st\u00edlusos kieg\u00e9sz\u00edt\u0151i lehetnek b\u00e1rmely konyh\u00e1nak vagy borospinc\u00e9nek. 790 ft\/darab (Megjegyz\u00e9sbe k\u00e9rj\u00fck felt\u00fcntetni, hogy melyik m\u00e1gnesre esett a v\u00e1laszt\u00e1s).<\/p>","protected":false},"featured_media":4415,"comment_status":"closed","ping_status":"closed","template":"","format":"standard","meta":{"_acf_changed":false,"_seopress_robots_primary_cat":"none","_seopress_titles_title":"","_seopress_titles_desc":"","_seopress_robots_index":""},"product_brand":[],"product_cat":[281],"product_tag":[],"class_list":{"0":"post-4292","1":"product","2":"type-product","3":"status-publish","4":"format-standard","5":"has-post-thumbnail","7":"product_cat-merch","9":"first","10":"instock","11":"taxable","12":"shipping-taxable","13":"purchasable","14":"product-type-simple"},"acf":[],"_links":{"self":[{"href":"https:\/\/harsanyipinceszet.hu\/en\/wp-json\/wp\/v2\/product\/4292","targetHints":{"allow":["GET"]}}],"collection":[{"href":"https:\/\/harsanyipinceszet.hu\/en\/wp-json\/wp\/v2\/product"}],"about":[{"href":"https:\/\/harsanyipinceszet.hu\/en\/wp-json\/wp\/v2\/types\/product"}],"replies":[{"embeddable":true,"href":"https:\/\/harsanyipinceszet.hu\/en\/wp-json\/wp\/v2\/comments?post=4292"}],"wp:featuredmedia":[{"embeddable":true,"href":"https:\/\/harsanyipinceszet.hu\/en\/wp-json\/wp\/v2\/media\/4415"}],"wp:attachment":[{"href":"https:\/\/harsanyipinceszet.hu\/en\/wp-json\/wp\/v2\/media?parent=4292"}],"wp:term":[{"taxonomy":"product_brand","embeddable":true,"href":"https:\/\/harsanyipinceszet.hu\/en\/wp-json\/wp\/v2\/product_brand?post=4292"},{"taxonomy":"product_cat","embeddable":true,"href":"https:\/\/harsanyipinceszet.hu\/en\/wp-json\/wp\/v2\/product_cat?post=4292"},{"taxonomy":"product_tag","embeddable":true,"href":"https:\/\/harsanyipinceszet.hu\/en\/wp-json\/wp\/v2\/product_tag?post=4292"}],"curies":[{"name":"wp","href":"https:\/\/api.w.org\/{rel}","templated":true}]}}