{"id":4500,"date":"2026-05-07T14:21:52","date_gmt":"2026-05-07T12:21:52","guid":{"rendered":"https:\/\/harsanyipinceszet.hu\/?post_type=product&#038;p=4500"},"modified":"2026-05-08T09:37:14","modified_gmt":"2026-05-08T07:37:14","slug":"buborek-trilogia","status":"publish","type":"product","link":"https:\/\/harsanyipinceszet.hu\/en\/termek\/buborek-trilogia\/","title":{"rendered":"Bubor\u00e9k tril\u00f3gia"},"content":{"rendered":"","protected":false},"excerpt":{"rendered":"<p>Ismerd meg a pinc\u00e9szet mindh\u00e1rom bubor\u00e9kos t\u00e9tel\u00e9t! A k\u00e9t palack\u00e9rlelt pezsg\u0151 mell\u00e9 most aj\u00e1nd\u00e9k habz\u00f3borral kedvesked\u00fcnk!<\/p>","protected":false},"featured_media":4508,"comment_status":"closed","ping_status":"closed","template":"","format":"standard","meta":{"_acf_changed":false,"_seopress_robots_primary_cat":"","_seopress_titles_title":"","_seopress_titles_desc":"","_seopress_robots_index":""},"product_brand":[],"product_cat":[153],"product_tag":[],"class_list":{"0":"post-4500","1":"product","2":"type-product","3":"status-publish","4":"format-standard","5":"has-post-thumbnail","7":"product_cat-csomag","9":"first","10":"instock","11":"sale","12":"taxable","13":"shipping-taxable","14":"purchasable","15":"product-type-woosb"},"acf":[],"_links":{"self":[{"href":"https:\/\/harsanyipinceszet.hu\/en\/wp-json\/wp\/v2\/product\/4500","targetHints":{"allow":["GET"]}}],"collection":[{"href":"https:\/\/harsanyipinceszet.hu\/en\/wp-json\/wp\/v2\/product"}],"about":[{"href":"https:\/\/harsanyipinceszet.hu\/en\/wp-json\/wp\/v2\/types\/product"}],"replies":[{"embeddable":true,"href":"https:\/\/harsanyipinceszet.hu\/en\/wp-json\/wp\/v2\/comments?post=4500"}],"wp:featuredmedia":[{"embeddable":true,"href":"https:\/\/harsanyipinceszet.hu\/en\/wp-json\/wp\/v2\/media\/4508"}],"wp:attachment":[{"href":"https:\/\/harsanyipinceszet.hu\/en\/wp-json\/wp\/v2\/media?parent=4500"}],"wp:term":[{"taxonomy":"product_brand","embeddable":true,"href":"https:\/\/harsanyipinceszet.hu\/en\/wp-json\/wp\/v2\/product_brand?post=4500"},{"taxonomy":"product_cat","embeddable":true,"href":"https:\/\/harsanyipinceszet.hu\/en\/wp-json\/wp\/v2\/product_cat?post=4500"},{"taxonomy":"product_tag","embeddable":true,"href":"https:\/\/harsanyipinceszet.hu\/en\/wp-json\/wp\/v2\/product_tag?post=4500"}],"curies":[{"name":"wp","href":"https:\/\/api.w.org\/{rel}","templated":true}]}}