{"id":4503,"date":"2026-05-07T14:20:40","date_gmt":"2026-05-07T12:20:40","guid":{"rendered":"https:\/\/harsanyipinceszet.hu\/?post_type=product&#038;p=4503"},"modified":"2026-05-08T09:37:49","modified_gmt":"2026-05-08T07:37:49","slug":"hizelgo-pillanatok","status":"publish","type":"product","link":"https:\/\/harsanyipinceszet.hu\/en\/termek\/hizelgo-pillanatok\/","title":{"rendered":"H\u00edzelg\u0151 pillanatok"},"content":{"rendered":"","protected":false},"excerpt":{"rendered":"<p>V\u00e1s\u00e1rold meg az utols\u00f3 a Berliner Wine Trophy arany\u00e9rmes H\u00edzelg\u0151 2018 utols\u00f3 darabjait most 4+2-es akci\u00f3ban!<\/p>\n<p>Am\u00edg a k\u00e9szlet tart!<\/p>","protected":false},"featured_media":3537,"comment_status":"closed","ping_status":"closed","template":"","format":"standard","meta":{"_acf_changed":false,"_seopress_robots_primary_cat":"","_seopress_titles_title":"","_seopress_titles_desc":"","_seopress_robots_index":""},"product_brand":[],"product_cat":[153],"product_tag":[],"class_list":{"0":"post-4503","1":"product","2":"type-product","3":"status-publish","4":"format-standard","5":"has-post-thumbnail","7":"product_cat-csomag","9":"first","10":"instock","11":"sale","12":"taxable","13":"shipping-taxable","14":"purchasable","15":"product-type-woosb"},"acf":[],"_links":{"self":[{"href":"https:\/\/harsanyipinceszet.hu\/en\/wp-json\/wp\/v2\/product\/4503","targetHints":{"allow":["GET"]}}],"collection":[{"href":"https:\/\/harsanyipinceszet.hu\/en\/wp-json\/wp\/v2\/product"}],"about":[{"href":"https:\/\/harsanyipinceszet.hu\/en\/wp-json\/wp\/v2\/types\/product"}],"replies":[{"embeddable":true,"href":"https:\/\/harsanyipinceszet.hu\/en\/wp-json\/wp\/v2\/comments?post=4503"}],"wp:featuredmedia":[{"embeddable":true,"href":"https:\/\/harsanyipinceszet.hu\/en\/wp-json\/wp\/v2\/media\/3537"}],"wp:attachment":[{"href":"https:\/\/harsanyipinceszet.hu\/en\/wp-json\/wp\/v2\/media?parent=4503"}],"wp:term":[{"taxonomy":"product_brand","embeddable":true,"href":"https:\/\/harsanyipinceszet.hu\/en\/wp-json\/wp\/v2\/product_brand?post=4503"},{"taxonomy":"product_cat","embeddable":true,"href":"https:\/\/harsanyipinceszet.hu\/en\/wp-json\/wp\/v2\/product_cat?post=4503"},{"taxonomy":"product_tag","embeddable":true,"href":"https:\/\/harsanyipinceszet.hu\/en\/wp-json\/wp\/v2\/product_tag?post=4503"}],"curies":[{"name":"wp","href":"https:\/\/api.w.org\/{rel}","templated":true}]}}